{"id":60,"date":"2018-05-09T21:56:06","date_gmt":"2018-05-09T19:56:06","guid":{"rendered":"https:\/\/www.grazmuseum.at\/stadtarchiv\/?page_id=60"},"modified":"2026-02-03T14:42:19","modified_gmt":"2026-02-03T13:42:19","slug":"projekte","status":"publish","type":"page","link":"https:\/\/www.grazmuseum.at\/stadtarchiv\/projekte\/","title":{"rendered":"Projekte"},"content":{"rendered":"\n<h2 class=\"wp-block-heading\">Dialog City<\/h2>\n\n\n\n<figure class=\"wp-block-image size-full\"><img loading=\"lazy\" decoding=\"async\" width=\"1920\" height=\"1080\" src=\"https:\/\/www.grazmuseum.at\/stadtarchiv\/wp-content\/uploads\/sites\/2\/2023\/12\/DialogCity_Master_PowerPoint_1920x1080_01.jpg\" alt=\"\" class=\"wp-image-2506\" style=\"object-fit:cover\" srcset=\"https:\/\/www.grazmuseum.at\/stadtarchiv\/wp-content\/uploads\/sites\/2\/2023\/12\/DialogCity_Master_PowerPoint_1920x1080_01.jpg 1920w, https:\/\/www.grazmuseum.at\/stadtarchiv\/wp-content\/uploads\/sites\/2\/2023\/12\/DialogCity_Master_PowerPoint_1920x1080_01-300x169.jpg 300w, https:\/\/www.grazmuseum.at\/stadtarchiv\/wp-content\/uploads\/sites\/2\/2023\/12\/DialogCity_Master_PowerPoint_1920x1080_01-1024x576.jpg 1024w, https:\/\/www.grazmuseum.at\/stadtarchiv\/wp-content\/uploads\/sites\/2\/2023\/12\/DialogCity_Master_PowerPoint_1920x1080_01-768x432.jpg 768w, https:\/\/www.grazmuseum.at\/stadtarchiv\/wp-content\/uploads\/sites\/2\/2023\/12\/DialogCity_Master_PowerPoint_1920x1080_01-1536x864.jpg 1536w\" sizes=\"auto, (max-width: 1920px) 100vw, 1920px\" \/><\/figure>\n\n\n\n<p>Das Stadtarchiv Graz hat von 2021 bis 2026 am Creative Culture-Projekt DIALOG CITY mitgewirkt. Die Verkn\u00fcpfung von digitaler Innovation mit direkter physischer Beteiligung der B\u00fcrger*innen stand im Mittelpunkt des europ\u00e4ischen Kulturprojektes. Ziel war es, die Zug\u00e4nglichkeit zur Kultur durch einen dialogischen Ansatz zu verbessern, indem neue Praktiken entwickelt werden, wie digitale Innovationen mit einer direkten B\u00fcrger*innenbeteiligung verbunden werden k\u00f6nnen.<\/p>\n\n\n\n<p>Methodisch stand Co-Creation im Mittelpunkt unseres Projekts, das eine <a href=\"https:\/\/www.grazmuseum.at\/stadtarchiv\/citizen-archive-platform\/\"><strong>CITIZEN ARCHIVE PLATFORM<\/strong><\/a> f\u00fcr den Bereich des kulturellen Erbes und ein Design-Thinking-Toolkit f\u00fcr FUTURE LITERACY umfasste. Drei HYBRID FESTIVALS dienen als physische und digitale Kulturplattformen, um verschiedene Zielgruppen zu erreichen. Ein ART FOR PUBLIC Residency Programm erm\u00f6glichte K\u00fcnstler*innen, Ideen f\u00fcr st\u00e4dtische Interventionen zu entwickeln. <\/p>\n\n\n\n<p>Zentral bei allen Teilprojekten war eine dialogorientierte Digitalisierungsstrategie, bei welcher der Mensch im Mittelpunkt steht. Daf\u00fcr war es notwendig, den Prozess der Digitalisierung im Dialog mit den B\u00fcrger*innen zu gestalten. <\/p>\n\n\n\n<p>Das Projekt DIALOG CITY wurde vom <a href=\"https:\/\/www.eacea.ec.europa.eu\/grants_en\">Creative Europe<\/a> Programm co-finanziert und von Mitte 2022 bis J\u00e4nner 2026 umgesetzt. Initiatorin und Koordinatorin war die Stadt Aschaffenburg \u00fcber das <a href=\"https:\/\/stadtarchiv-aschaffenburg.de\/\">Stadt- und Stiftsarchiv Aschaffenburg<\/a>. Projektpartner*innen waren <a href=\"https:\/\/culturepolis.org\/\">Culturepolis<\/a> aus Griechenland, das Stadtarchiv Graz aus \u00d6sterreich, aus Italien die <a href=\"https:\/\/www.cirkovertigo.com\/\">Fondazione Cirko Vertigo<\/a>, das <a href=\"http:\/\/www.cfpcemon.it\/\">Centro Formazione Professionale Cebane Monregalese<\/a> und das <a href=\"https:\/\/www.ciacformazione.it\/\">Consorzio Interaziendale Canavesano per la Formazione Professionale CIAC<\/a>, sowie <a href=\"http:\/\/quatorze.cc\/approche\/?lang=en\">Quatorze<\/a> aus Frankreich. Das F\u00f6rderbudget umfasste etwa eine Million Euro.<\/p>\n\n\n\n<p>DIALOG CITY ist aus der \u00dcberzeugung heraus entstanden, dass pure technische Innovation viel zu kurz greift. Es bedarf einer neuen Denkweise, um die digitale Transformation f\u00fcr alle begreifbar und anwendbar zu machen. Ziel war es deshalb, inklusive, umweltfreundliche und wirtschaftlich nachhaltige Strukturen mit urbaner Digitalisierung zu verbinden. Mitmachen stand im Mittelpunkt.<\/p>\n\n\n\n<p><\/p>\n\n\n\n<h2 class=\"wp-block-heading\">Becoming Urban<\/h2>\n\n\n\n<figure class=\"wp-block-image size-full\"><img loading=\"lazy\" decoding=\"async\" width=\"1400\" height=\"778\" src=\"https:\/\/www.grazmuseum.at\/stadtarchiv\/wp-content\/uploads\/sites\/2\/2024\/01\/BeUrb_1404x780-1-1400x778-1.jpg\" alt=\"\" class=\"wp-image-2534\" srcset=\"https:\/\/www.grazmuseum.at\/stadtarchiv\/wp-content\/uploads\/sites\/2\/2024\/01\/BeUrb_1404x780-1-1400x778-1.jpg 1400w, https:\/\/www.grazmuseum.at\/stadtarchiv\/wp-content\/uploads\/sites\/2\/2024\/01\/BeUrb_1404x780-1-1400x778-1-300x167.jpg 300w, https:\/\/www.grazmuseum.at\/stadtarchiv\/wp-content\/uploads\/sites\/2\/2024\/01\/BeUrb_1404x780-1-1400x778-1-1024x569.jpg 1024w, https:\/\/www.grazmuseum.at\/stadtarchiv\/wp-content\/uploads\/sites\/2\/2024\/01\/BeUrb_1404x780-1-1400x778-1-768x427.jpg 768w\" sizes=\"auto, (max-width: 1400px) 100vw, 1400px\" \/><\/figure>\n\n\n\n<p>Das Projekt \u201eBecoming Urban\u201c (BeUrb) besch\u00e4ftigte sich mit der Entwicklung der Stadt Graz im \u201elangen\u201c 19. Jahrhunderts (1789\u20131914). Die Industrialisierung, explodierende Bev\u00f6lkerungszahlen und die damit verbundene r\u00e4umliche Ausdehnung sowie die Umsetzung infrastruktureller bzw. stadtplanerischer Ma\u00dfnahmen ver\u00e4nderten das Stadtbild enorm.<br>Mithilfe des im Projekt entwickelten BeUrb-Geo-Visualisierungstools, einer dynamischen Karte, die auf (historischen) Stadtpl\u00e4nen basiert, sind die Ver\u00e4nderungen sowie die Modernisierung der Stadtlandschaft analysierbar. Dazu wurden unterschiedliche historische Quellen wie Stadtpl\u00e4ne, Stadtbeschreibungstexte und Abbildungen der Stadt aus dem 19. Jahrhundert herangezogen, um diese Ver\u00e4nderungsprozesse zu verdeutlichen.<\/p>\n\n\n\n<div class=\"wp-block-buttons is-layout-flex wp-block-buttons-is-layout-flex\">\n<div class=\"wp-block-button\"><a class=\"wp-block-button__link wp-element-button\" href=\"https:\/\/gams.uni-graz.at\/context:beurb\">Becoming Urban<\/a><\/div>\n<\/div>\n\n\n\n<div style=\"height:100px\" aria-hidden=\"true\" class=\"wp-block-spacer\"><\/div>\n\n\n\n<h2 class=\"wp-block-heading\">Die Sicherung und Neuverzeichnung der Glasdiapositive zu Graz<\/h2>\n\n\n\n<figure class=\"wp-block-image size-large is-resized\"><img loading=\"lazy\" decoding=\"async\" width=\"1024\" height=\"576\" src=\"https:\/\/www.grazmuseum.at\/stadtarchiv\/wp-content\/uploads\/sites\/2\/2023\/12\/07.12.23-Graz_Stadtarchiv_106_c-Sebastian-Reiser_1920x1080-1024x576.jpg\" alt=\"Zwei H\u00e4nde in wei\u00dfen Stoffhandschuhen halten mit den Findern ein Glasdiapositiv, auf dem eine alte Zeichung vom Grazer Schlossberg mit dem Uhrturm und der alten Festungsmauer sowie ein kleiner Teil der Innenstadt abgebildet ist.\" class=\"wp-image-2510\" style=\"width:1404px\" srcset=\"https:\/\/www.grazmuseum.at\/stadtarchiv\/wp-content\/uploads\/sites\/2\/2023\/12\/07.12.23-Graz_Stadtarchiv_106_c-Sebastian-Reiser_1920x1080-1024x576.jpg 1024w, https:\/\/www.grazmuseum.at\/stadtarchiv\/wp-content\/uploads\/sites\/2\/2023\/12\/07.12.23-Graz_Stadtarchiv_106_c-Sebastian-Reiser_1920x1080-300x169.jpg 300w, https:\/\/www.grazmuseum.at\/stadtarchiv\/wp-content\/uploads\/sites\/2\/2023\/12\/07.12.23-Graz_Stadtarchiv_106_c-Sebastian-Reiser_1920x1080-768x432.jpg 768w, https:\/\/www.grazmuseum.at\/stadtarchiv\/wp-content\/uploads\/sites\/2\/2023\/12\/07.12.23-Graz_Stadtarchiv_106_c-Sebastian-Reiser_1920x1080-1536x864.jpg 1536w, https:\/\/www.grazmuseum.at\/stadtarchiv\/wp-content\/uploads\/sites\/2\/2023\/12\/07.12.23-Graz_Stadtarchiv_106_c-Sebastian-Reiser_1920x1080.jpg 2000w\" sizes=\"auto, (max-width: 1024px) 100vw, 1024px\" \/><figcaption class=\"wp-element-caption\">Foto: Sebastian Reiser<\/figcaption><\/figure>\n\n\n\n<p><strong>Die Sicherung und Neuverzeichnung der Glasdiapositive zu Graz<\/strong><br>Der Grazer Stadtschulrat hat zwischen dem sp\u00e4ten 19. Jahrhundert und den 1930er-Jahren eine <a href=\"https:\/\/gais.graz.at\/stadtarchiv-graz\/objekt.jsp?id=878723\">Sammlung von Glasdiapositiven<\/a> angelegt, die als \u201emultimediales\u201c Unterrichtshilfsmittel eingesetzt wurden. Der Gro\u00dfteil besteht aus Verlagsmaterial, das durch unikale Fotoserien zu Graz (\u201eGraecensien\u201c) erg\u00e4nzt wurde: Rund 1450 Glasdiapositive zeigen die Stadt, Einrichtungen der Verwaltung und das Alltagsleben in Graz um 1900.<br>Dieser Graecenisien-Bestand z\u00e4hlt zu den am meisten nachgefragten im Stadtarchiv Graz und war aufgrund nicht archivgerechter Verpackung bereits akut gef\u00e4hrdet. Um die Nutzung zu erleichtern und zur Schonung sind diese Glasdias im Rahmen eines Projektes (2019-2021) digitalisiert worden. Zur langfristigen Sicherung wurden die Glasdiapositive gereinigt, auf Sch\u00e4den untersucht und in archivgerechte Materialien verpackt.<\/p>\n\n\n\n<div style=\"height:100px\" aria-hidden=\"true\" class=\"wp-block-spacer\"><\/div>\n","protected":false},"excerpt":{"rendered":"<p>Dialog City Das Stadtarchiv Graz hat von 2021 bis 2026 am Creative Culture-Projekt DIALOG CITY mitgewirkt. Die Verkn\u00fcpfung von digitaler Innovation mit direkter physischer Beteiligung der B\u00fcrger*innen stand im Mittelpunkt des europ\u00e4ischen Kulturprojektes. Ziel war es, die Zug\u00e4nglichkeit zur Kultur durch einen dialogischen Ansatz zu verbessern, indem neue Praktiken entwickelt werden, wie digitale Innovationen mit [&hellip;]<\/p>\n","protected":false},"author":1,"featured_media":0,"parent":0,"menu_order":0,"comment_status":"closed","ping_status":"closed","template":"","meta":{"_acf_changed":false,"footnotes":""},"class_list":["post-60","page","type-page","status-publish","hentry"],"acf":[],"yoast_head":"<!-- This site is optimized with the Yoast SEO plugin v26.5 - https:\/\/yoast.com\/wordpress\/plugins\/seo\/ -->\n<title>Projekte - Stadtarchiv Graz<\/title>\n<meta name=\"robots\" content=\"index, follow, max-snippet:-1, max-image-preview:large, max-video-preview:-1\" \/>\n<link rel=\"canonical\" href=\"https:\/\/www.grazmuseum.at\/stadtarchiv\/projekte\/\" \/>\n<meta property=\"og:locale\" content=\"de_DE\" \/>\n<meta property=\"og:type\" content=\"article\" \/>\n<meta property=\"og:title\" content=\"Projekte - Stadtarchiv Graz\" \/>\n<meta property=\"og:description\" content=\"Dialog City Das Stadtarchiv Graz hat von 2021 bis 2026 am Creative Culture-Projekt DIALOG CITY mitgewirkt. Die Verkn\u00fcpfung von digitaler Innovation mit direkter physischer Beteiligung der B\u00fcrger*innen stand im Mittelpunkt des europ\u00e4ischen Kulturprojektes. Ziel war es, die Zug\u00e4nglichkeit zur Kultur durch einen dialogischen Ansatz zu verbessern, indem neue Praktiken entwickelt werden, wie digitale Innovationen mit [&hellip;]\" \/>\n<meta property=\"og:url\" content=\"https:\/\/www.grazmuseum.at\/stadtarchiv\/projekte\/\" \/>\n<meta property=\"og:site_name\" content=\"Stadtarchiv Graz\" \/>\n<meta property=\"article:modified_time\" content=\"2026-02-03T13:42:19+00:00\" \/>\n<meta property=\"og:image\" content=\"https:\/\/www.grazmuseum.at\/stadtarchiv\/wp-content\/uploads\/sites\/2\/2023\/12\/DialogCity_Master_PowerPoint_1920x1080_01.jpg\" \/>\n\t<meta property=\"og:image:width\" content=\"1920\" \/>\n\t<meta property=\"og:image:height\" content=\"1080\" \/>\n\t<meta property=\"og:image:type\" content=\"image\/jpeg\" \/>\n<meta name=\"twitter:card\" content=\"summary_large_image\" \/>\n<meta name=\"twitter:label1\" content=\"Gesch\u00e4tzte Lesezeit\" \/>\n\t<meta name=\"twitter:data1\" content=\"4\u00a0Minuten\" \/>\n<script type=\"application\/ld+json\" class=\"yoast-schema-graph\">{\"@context\":\"https:\/\/schema.org\",\"@graph\":[{\"@type\":\"WebPage\",\"@id\":\"https:\/\/www.grazmuseum.at\/stadtarchiv\/projekte\/\",\"url\":\"https:\/\/www.grazmuseum.at\/stadtarchiv\/projekte\/\",\"name\":\"Projekte - Stadtarchiv Graz\",\"isPartOf\":{\"@id\":\"https:\/\/www.grazmuseum.at\/stadtarchiv\/#website\"},\"primaryImageOfPage\":{\"@id\":\"https:\/\/www.grazmuseum.at\/stadtarchiv\/projekte\/#primaryimage\"},\"image\":{\"@id\":\"https:\/\/www.grazmuseum.at\/stadtarchiv\/projekte\/#primaryimage\"},\"thumbnailUrl\":\"https:\/\/www.grazmuseum.at\/stadtarchiv\/wp-content\/uploads\/sites\/2\/2023\/12\/DialogCity_Master_PowerPoint_1920x1080_01.jpg\",\"datePublished\":\"2018-05-09T19:56:06+00:00\",\"dateModified\":\"2026-02-03T13:42:19+00:00\",\"breadcrumb\":{\"@id\":\"https:\/\/www.grazmuseum.at\/stadtarchiv\/projekte\/#breadcrumb\"},\"inLanguage\":\"de\",\"potentialAction\":[{\"@type\":\"ReadAction\",\"target\":[\"https:\/\/www.grazmuseum.at\/stadtarchiv\/projekte\/\"]}]},{\"@type\":\"ImageObject\",\"inLanguage\":\"de\",\"@id\":\"https:\/\/www.grazmuseum.at\/stadtarchiv\/projekte\/#primaryimage\",\"url\":\"https:\/\/www.grazmuseum.at\/stadtarchiv\/wp-content\/uploads\/sites\/2\/2023\/12\/DialogCity_Master_PowerPoint_1920x1080_01.jpg\",\"contentUrl\":\"https:\/\/www.grazmuseum.at\/stadtarchiv\/wp-content\/uploads\/sites\/2\/2023\/12\/DialogCity_Master_PowerPoint_1920x1080_01.jpg\",\"width\":1920,\"height\":1080},{\"@type\":\"BreadcrumbList\",\"@id\":\"https:\/\/www.grazmuseum.at\/stadtarchiv\/projekte\/#breadcrumb\",\"itemListElement\":[{\"@type\":\"ListItem\",\"position\":1,\"name\":\"Home\",\"item\":\"https:\/\/www.grazmuseum.at\/stadtarchiv\/\"},{\"@type\":\"ListItem\",\"position\":2,\"name\":\"Projekte\"}]},{\"@type\":\"WebSite\",\"@id\":\"https:\/\/www.grazmuseum.at\/stadtarchiv\/#website\",\"url\":\"https:\/\/www.grazmuseum.at\/stadtarchiv\/\",\"name\":\"Stadtarchiv Graz\",\"description\":\"\",\"potentialAction\":[{\"@type\":\"SearchAction\",\"target\":{\"@type\":\"EntryPoint\",\"urlTemplate\":\"https:\/\/www.grazmuseum.at\/stadtarchiv\/?s={search_term_string}\"},\"query-input\":{\"@type\":\"PropertyValueSpecification\",\"valueRequired\":true,\"valueName\":\"search_term_string\"}}],\"inLanguage\":\"de\"}]}<\/script>\n<!-- \/ Yoast SEO plugin. -->","yoast_head_json":{"title":"Projekte - Stadtarchiv Graz","robots":{"index":"index","follow":"follow","max-snippet":"max-snippet:-1","max-image-preview":"max-image-preview:large","max-video-preview":"max-video-preview:-1"},"canonical":"https:\/\/www.grazmuseum.at\/stadtarchiv\/projekte\/","og_locale":"de_DE","og_type":"article","og_title":"Projekte - Stadtarchiv Graz","og_description":"Dialog City Das Stadtarchiv Graz hat von 2021 bis 2026 am Creative Culture-Projekt DIALOG CITY mitgewirkt. Die Verkn\u00fcpfung von digitaler Innovation mit direkter physischer Beteiligung der B\u00fcrger*innen stand im Mittelpunkt des europ\u00e4ischen Kulturprojektes. Ziel war es, die Zug\u00e4nglichkeit zur Kultur durch einen dialogischen Ansatz zu verbessern, indem neue Praktiken entwickelt werden, wie digitale Innovationen mit [&hellip;]","og_url":"https:\/\/www.grazmuseum.at\/stadtarchiv\/projekte\/","og_site_name":"Stadtarchiv Graz","article_modified_time":"2026-02-03T13:42:19+00:00","og_image":[{"width":1920,"height":1080,"url":"https:\/\/www.grazmuseum.at\/stadtarchiv\/wp-content\/uploads\/sites\/2\/2023\/12\/DialogCity_Master_PowerPoint_1920x1080_01.jpg","type":"image\/jpeg"}],"twitter_card":"summary_large_image","twitter_misc":{"Gesch\u00e4tzte Lesezeit":"4\u00a0Minuten"},"schema":{"@context":"https:\/\/schema.org","@graph":[{"@type":"WebPage","@id":"https:\/\/www.grazmuseum.at\/stadtarchiv\/projekte\/","url":"https:\/\/www.grazmuseum.at\/stadtarchiv\/projekte\/","name":"Projekte - Stadtarchiv Graz","isPartOf":{"@id":"https:\/\/www.grazmuseum.at\/stadtarchiv\/#website"},"primaryImageOfPage":{"@id":"https:\/\/www.grazmuseum.at\/stadtarchiv\/projekte\/#primaryimage"},"image":{"@id":"https:\/\/www.grazmuseum.at\/stadtarchiv\/projekte\/#primaryimage"},"thumbnailUrl":"https:\/\/www.grazmuseum.at\/stadtarchiv\/wp-content\/uploads\/sites\/2\/2023\/12\/DialogCity_Master_PowerPoint_1920x1080_01.jpg","datePublished":"2018-05-09T19:56:06+00:00","dateModified":"2026-02-03T13:42:19+00:00","breadcrumb":{"@id":"https:\/\/www.grazmuseum.at\/stadtarchiv\/projekte\/#breadcrumb"},"inLanguage":"de","potentialAction":[{"@type":"ReadAction","target":["https:\/\/www.grazmuseum.at\/stadtarchiv\/projekte\/"]}]},{"@type":"ImageObject","inLanguage":"de","@id":"https:\/\/www.grazmuseum.at\/stadtarchiv\/projekte\/#primaryimage","url":"https:\/\/www.grazmuseum.at\/stadtarchiv\/wp-content\/uploads\/sites\/2\/2023\/12\/DialogCity_Master_PowerPoint_1920x1080_01.jpg","contentUrl":"https:\/\/www.grazmuseum.at\/stadtarchiv\/wp-content\/uploads\/sites\/2\/2023\/12\/DialogCity_Master_PowerPoint_1920x1080_01.jpg","width":1920,"height":1080},{"@type":"BreadcrumbList","@id":"https:\/\/www.grazmuseum.at\/stadtarchiv\/projekte\/#breadcrumb","itemListElement":[{"@type":"ListItem","position":1,"name":"Home","item":"https:\/\/www.grazmuseum.at\/stadtarchiv\/"},{"@type":"ListItem","position":2,"name":"Projekte"}]},{"@type":"WebSite","@id":"https:\/\/www.grazmuseum.at\/stadtarchiv\/#website","url":"https:\/\/www.grazmuseum.at\/stadtarchiv\/","name":"Stadtarchiv Graz","description":"","potentialAction":[{"@type":"SearchAction","target":{"@type":"EntryPoint","urlTemplate":"https:\/\/www.grazmuseum.at\/stadtarchiv\/?s={search_term_string}"},"query-input":{"@type":"PropertyValueSpecification","valueRequired":true,"valueName":"search_term_string"}}],"inLanguage":"de"}]}},"_links":{"self":[{"href":"https:\/\/www.grazmuseum.at\/stadtarchiv\/wp-json\/wp\/v2\/pages\/60","targetHints":{"allow":["GET"]}}],"collection":[{"href":"https:\/\/www.grazmuseum.at\/stadtarchiv\/wp-json\/wp\/v2\/pages"}],"about":[{"href":"https:\/\/www.grazmuseum.at\/stadtarchiv\/wp-json\/wp\/v2\/types\/page"}],"author":[{"embeddable":true,"href":"https:\/\/www.grazmuseum.at\/stadtarchiv\/wp-json\/wp\/v2\/users\/1"}],"replies":[{"embeddable":true,"href":"https:\/\/www.grazmuseum.at\/stadtarchiv\/wp-json\/wp\/v2\/comments?post=60"}],"version-history":[{"count":46,"href":"https:\/\/www.grazmuseum.at\/stadtarchiv\/wp-json\/wp\/v2\/pages\/60\/revisions"}],"predecessor-version":[{"id":3413,"href":"https:\/\/www.grazmuseum.at\/stadtarchiv\/wp-json\/wp\/v2\/pages\/60\/revisions\/3413"}],"wp:attachment":[{"href":"https:\/\/www.grazmuseum.at\/stadtarchiv\/wp-json\/wp\/v2\/media?parent=60"}],"curies":[{"name":"wp","href":"https:\/\/api.w.org\/{rel}","templated":true}]}}