{"id":32,"date":"2018-05-09T21:42:44","date_gmt":"2018-05-09T19:42:44","guid":{"rendered":"https:\/\/www.grazmuseum.at\/stadtarchiv\/?page_id=32"},"modified":"2025-06-30T15:01:46","modified_gmt":"2025-06-30T13:01:46","slug":"bauakten","status":"publish","type":"page","link":"https:\/\/www.grazmuseum.at\/stadtarchiv\/bauakten\/","title":{"rendered":"Bauakten"},"content":{"rendered":"<h1 class=\"wp-block-post-title\">Bauakten<\/h1>\n\n\n<figure class=\"wp-block-image size-full\"><img loading=\"lazy\" decoding=\"async\" width=\"2560\" height=\"1440\" src=\"https:\/\/www.grazmuseum.at\/stadtarchiv\/wp-content\/uploads\/sites\/2\/2023\/12\/07.12.23-Graz_Stadtarchiv_051_c-Sebastian-Reiser_1920x1080-1-scaled.jpg\" alt=\"Ein alter Plan zeigt die hand-gezeichneten Grundrisse eines Geb\u00e4udes.\" class=\"wp-image-2487\" style=\"object-fit:cover\" srcset=\"https:\/\/www.grazmuseum.at\/stadtarchiv\/wp-content\/uploads\/sites\/2\/2023\/12\/07.12.23-Graz_Stadtarchiv_051_c-Sebastian-Reiser_1920x1080-1-scaled.jpg 2560w, https:\/\/www.grazmuseum.at\/stadtarchiv\/wp-content\/uploads\/sites\/2\/2023\/12\/07.12.23-Graz_Stadtarchiv_051_c-Sebastian-Reiser_1920x1080-1-300x169.jpg 300w, https:\/\/www.grazmuseum.at\/stadtarchiv\/wp-content\/uploads\/sites\/2\/2023\/12\/07.12.23-Graz_Stadtarchiv_051_c-Sebastian-Reiser_1920x1080-1-1024x576.jpg 1024w, https:\/\/www.grazmuseum.at\/stadtarchiv\/wp-content\/uploads\/sites\/2\/2023\/12\/07.12.23-Graz_Stadtarchiv_051_c-Sebastian-Reiser_1920x1080-1-768x432.jpg 768w, https:\/\/www.grazmuseum.at\/stadtarchiv\/wp-content\/uploads\/sites\/2\/2023\/12\/07.12.23-Graz_Stadtarchiv_051_c-Sebastian-Reiser_1920x1080-1-1536x864.jpg 1536w, https:\/\/www.grazmuseum.at\/stadtarchiv\/wp-content\/uploads\/sites\/2\/2023\/12\/07.12.23-Graz_Stadtarchiv_051_c-Sebastian-Reiser_1920x1080-1-2048x1152.jpg 2048w\" sizes=\"auto, (max-width: 2560px) 100vw, 2560px\" \/><figcaption class=\"wp-element-caption\">Foto: Sebastian Reiser<\/figcaption><\/figure>\n\n\n\n<h2 class=\"wp-block-heading\">Bestellung von Bauakten zur Einsichtnahme im Lesesaal<\/h2>\n\n\n\n<p>Im Stadtarchiv Graz werden Unterlagen aus Bauverfahren der Grazer Bau- und Anlagenbeh\u00f6rde (Baupolizei) von 1827 bis 1994 aufbewahrt. J\u00fcngeres Schriftgut wird in der Regel in der Bau- und Anlagenbeh\u00f6rde selbst aufbewahrt.<\/p>\n\n\n\n<p>Unterlagen aus der Zeit vor 1938 und von abgebrochenen Geb\u00e4uden gelten als Archivgut und sind nach den archivrechtlichen Bestimmungen einsehbar.<br>J\u00fcngere Bauakten d\u00fcrfen nur von Eigent\u00fcmerinnen und Eigent\u00fcmern und von ihnen Bevollm\u00e4chtigten sowie zu amtlichen Zwecken eingesehen werden.<\/p>\n\n\n\n<p>Sie haben die M\u00f6glichkeit, Bauakten online zur Einsichtnahme im Lesesaal vorzubestellen. Wir bitten Sie, Ihren Antrag mittels des E-Government-Formulars \u201eEinsichtnahme in Bauakte beim Stadtarchiv Graz\u201c zu stellen.<\/p>\n\n\n\n<div class=\"wp-block-buttons is-layout-flex wp-block-buttons-is-layout-flex\">\n<div class=\"wp-block-button\"><a class=\"wp-block-button__link wp-element-button\" href=\"https:\/\/digitaleformulare.graz.at\/fs-per\/start.do?generalid=PER_ARCH_AS#\">Bestellung von Bauakten zur Einsichtnahme im Lesesaal<\/a><\/div>\n<\/div>\n\n\n\n<p>Bitte beachten Sie, dass f\u00fcr eine Einsichtnahme unbedingt eine Terminvereinbarung notwendig ist!<\/p>\n\n\n\n<p><strong>Termine zur Einsichtnahme<\/strong><\/p>\n\n\n\n<p>Zur Bauakten-Nutzung ist vorab ein Termin zu vereinbaren. Wir bitten um Kontaktaufnahme: <a href=\"mailto:stadtarchiv@stadt.graz.at\">stadtarchiv@stadt.graz.at<\/a><br>Sie erreichen uns Montag, Mittwoch und Donnerstag 8\u201312 Uhr sowie Dienstag 8\u201316 Uhr unter: T +43 316 872-7620.<\/p>\n","protected":false},"excerpt":{"rendered":"<p>Bestellung von Bauakten zur Einsichtnahme im Lesesaal Im Stadtarchiv Graz werden Unterlagen aus Bauverfahren der Grazer Bau- und Anlagenbeh\u00f6rde (Baupolizei) von 1827 bis 1994 aufbewahrt. J\u00fcngeres Schriftgut wird in der Regel in der Bau- und Anlagenbeh\u00f6rde selbst aufbewahrt. Unterlagen aus der Zeit vor 1938 und von abgebrochenen Geb\u00e4uden gelten als Archivgut und sind nach den [&hellip;]<\/p>\n","protected":false},"author":1,"featured_media":0,"parent":0,"menu_order":0,"comment_status":"closed","ping_status":"closed","template":"","meta":{"_acf_changed":false,"footnotes":""},"class_list":["post-32","page","type-page","status-publish","hentry"],"acf":[],"yoast_head":"<!-- This site is optimized with the Yoast SEO plugin v26.5 - https:\/\/yoast.com\/wordpress\/plugins\/seo\/ -->\n<title>Bauakten - Stadtarchiv Graz<\/title>\n<meta name=\"robots\" content=\"index, follow, max-snippet:-1, max-image-preview:large, max-video-preview:-1\" \/>\n<link rel=\"canonical\" href=\"https:\/\/www.grazmuseum.at\/stadtarchiv\/bauakten\/\" \/>\n<meta property=\"og:locale\" content=\"de_DE\" \/>\n<meta property=\"og:type\" content=\"article\" \/>\n<meta property=\"og:title\" content=\"Bauakten - Stadtarchiv Graz\" \/>\n<meta property=\"og:description\" content=\"Bestellung von Bauakten zur Einsichtnahme im Lesesaal Im Stadtarchiv Graz werden Unterlagen aus Bauverfahren der Grazer Bau- und Anlagenbeh\u00f6rde (Baupolizei) von 1827 bis 1994 aufbewahrt. J\u00fcngeres Schriftgut wird in der Regel in der Bau- und Anlagenbeh\u00f6rde selbst aufbewahrt. Unterlagen aus der Zeit vor 1938 und von abgebrochenen Geb\u00e4uden gelten als Archivgut und sind nach den [&hellip;]\" \/>\n<meta property=\"og:url\" content=\"https:\/\/www.grazmuseum.at\/stadtarchiv\/bauakten\/\" \/>\n<meta property=\"og:site_name\" content=\"Stadtarchiv Graz\" \/>\n<meta property=\"article:modified_time\" content=\"2025-06-30T13:01:46+00:00\" \/>\n<meta property=\"og:image\" content=\"https:\/\/www.grazmuseum.at\/stadtarchiv\/wp-content\/uploads\/sites\/2\/2023\/12\/07.12.23-Graz_Stadtarchiv_051_c-Sebastian-Reiser_1920x1080-1-scaled.jpg\" \/>\n<meta name=\"twitter:card\" content=\"summary_large_image\" \/>\n<meta name=\"twitter:label1\" content=\"Gesch\u00e4tzte Lesezeit\" \/>\n\t<meta name=\"twitter:data1\" content=\"2\u00a0Minuten\" \/>\n<script type=\"application\/ld+json\" class=\"yoast-schema-graph\">{\"@context\":\"https:\/\/schema.org\",\"@graph\":[{\"@type\":\"WebPage\",\"@id\":\"https:\/\/www.grazmuseum.at\/stadtarchiv\/bauakten\/\",\"url\":\"https:\/\/www.grazmuseum.at\/stadtarchiv\/bauakten\/\",\"name\":\"Bauakten - Stadtarchiv Graz\",\"isPartOf\":{\"@id\":\"https:\/\/www.grazmuseum.at\/stadtarchiv\/#website\"},\"primaryImageOfPage\":{\"@id\":\"https:\/\/www.grazmuseum.at\/stadtarchiv\/bauakten\/#primaryimage\"},\"image\":{\"@id\":\"https:\/\/www.grazmuseum.at\/stadtarchiv\/bauakten\/#primaryimage\"},\"thumbnailUrl\":\"https:\/\/www.grazmuseum.at\/stadtarchiv\/wp-content\/uploads\/sites\/2\/2023\/12\/07.12.23-Graz_Stadtarchiv_051_c-Sebastian-Reiser_1920x1080-1-scaled.jpg\",\"datePublished\":\"2018-05-09T19:42:44+00:00\",\"dateModified\":\"2025-06-30T13:01:46+00:00\",\"breadcrumb\":{\"@id\":\"https:\/\/www.grazmuseum.at\/stadtarchiv\/bauakten\/#breadcrumb\"},\"inLanguage\":\"de\",\"potentialAction\":[{\"@type\":\"ReadAction\",\"target\":[\"https:\/\/www.grazmuseum.at\/stadtarchiv\/bauakten\/\"]}]},{\"@type\":\"ImageObject\",\"inLanguage\":\"de\",\"@id\":\"https:\/\/www.grazmuseum.at\/stadtarchiv\/bauakten\/#primaryimage\",\"url\":\"https:\/\/www.grazmuseum.at\/stadtarchiv\/wp-content\/uploads\/sites\/2\/2023\/12\/07.12.23-Graz_Stadtarchiv_051_c-Sebastian-Reiser_1920x1080-1-scaled.jpg\",\"contentUrl\":\"https:\/\/www.grazmuseum.at\/stadtarchiv\/wp-content\/uploads\/sites\/2\/2023\/12\/07.12.23-Graz_Stadtarchiv_051_c-Sebastian-Reiser_1920x1080-1-scaled.jpg\",\"width\":2560,\"height\":1440,\"caption\":\"Foto: Sebastian Reiser\"},{\"@type\":\"BreadcrumbList\",\"@id\":\"https:\/\/www.grazmuseum.at\/stadtarchiv\/bauakten\/#breadcrumb\",\"itemListElement\":[{\"@type\":\"ListItem\",\"position\":1,\"name\":\"Home\",\"item\":\"https:\/\/www.grazmuseum.at\/stadtarchiv\/\"},{\"@type\":\"ListItem\",\"position\":2,\"name\":\"Bauakten\"}]},{\"@type\":\"WebSite\",\"@id\":\"https:\/\/www.grazmuseum.at\/stadtarchiv\/#website\",\"url\":\"https:\/\/www.grazmuseum.at\/stadtarchiv\/\",\"name\":\"Stadtarchiv Graz\",\"description\":\"\",\"potentialAction\":[{\"@type\":\"SearchAction\",\"target\":{\"@type\":\"EntryPoint\",\"urlTemplate\":\"https:\/\/www.grazmuseum.at\/stadtarchiv\/?s={search_term_string}\"},\"query-input\":{\"@type\":\"PropertyValueSpecification\",\"valueRequired\":true,\"valueName\":\"search_term_string\"}}],\"inLanguage\":\"de\"}]}<\/script>\n<!-- \/ Yoast SEO plugin. -->","yoast_head_json":{"title":"Bauakten - Stadtarchiv Graz","robots":{"index":"index","follow":"follow","max-snippet":"max-snippet:-1","max-image-preview":"max-image-preview:large","max-video-preview":"max-video-preview:-1"},"canonical":"https:\/\/www.grazmuseum.at\/stadtarchiv\/bauakten\/","og_locale":"de_DE","og_type":"article","og_title":"Bauakten - Stadtarchiv Graz","og_description":"Bestellung von Bauakten zur Einsichtnahme im Lesesaal Im Stadtarchiv Graz werden Unterlagen aus Bauverfahren der Grazer Bau- und Anlagenbeh\u00f6rde (Baupolizei) von 1827 bis 1994 aufbewahrt. J\u00fcngeres Schriftgut wird in der Regel in der Bau- und Anlagenbeh\u00f6rde selbst aufbewahrt. Unterlagen aus der Zeit vor 1938 und von abgebrochenen Geb\u00e4uden gelten als Archivgut und sind nach den [&hellip;]","og_url":"https:\/\/www.grazmuseum.at\/stadtarchiv\/bauakten\/","og_site_name":"Stadtarchiv Graz","article_modified_time":"2025-06-30T13:01:46+00:00","og_image":[{"url":"https:\/\/www.grazmuseum.at\/stadtarchiv\/wp-content\/uploads\/sites\/2\/2023\/12\/07.12.23-Graz_Stadtarchiv_051_c-Sebastian-Reiser_1920x1080-1-scaled.jpg","type":"","width":"","height":""}],"twitter_card":"summary_large_image","twitter_misc":{"Gesch\u00e4tzte Lesezeit":"2\u00a0Minuten"},"schema":{"@context":"https:\/\/schema.org","@graph":[{"@type":"WebPage","@id":"https:\/\/www.grazmuseum.at\/stadtarchiv\/bauakten\/","url":"https:\/\/www.grazmuseum.at\/stadtarchiv\/bauakten\/","name":"Bauakten - Stadtarchiv Graz","isPartOf":{"@id":"https:\/\/www.grazmuseum.at\/stadtarchiv\/#website"},"primaryImageOfPage":{"@id":"https:\/\/www.grazmuseum.at\/stadtarchiv\/bauakten\/#primaryimage"},"image":{"@id":"https:\/\/www.grazmuseum.at\/stadtarchiv\/bauakten\/#primaryimage"},"thumbnailUrl":"https:\/\/www.grazmuseum.at\/stadtarchiv\/wp-content\/uploads\/sites\/2\/2023\/12\/07.12.23-Graz_Stadtarchiv_051_c-Sebastian-Reiser_1920x1080-1-scaled.jpg","datePublished":"2018-05-09T19:42:44+00:00","dateModified":"2025-06-30T13:01:46+00:00","breadcrumb":{"@id":"https:\/\/www.grazmuseum.at\/stadtarchiv\/bauakten\/#breadcrumb"},"inLanguage":"de","potentialAction":[{"@type":"ReadAction","target":["https:\/\/www.grazmuseum.at\/stadtarchiv\/bauakten\/"]}]},{"@type":"ImageObject","inLanguage":"de","@id":"https:\/\/www.grazmuseum.at\/stadtarchiv\/bauakten\/#primaryimage","url":"https:\/\/www.grazmuseum.at\/stadtarchiv\/wp-content\/uploads\/sites\/2\/2023\/12\/07.12.23-Graz_Stadtarchiv_051_c-Sebastian-Reiser_1920x1080-1-scaled.jpg","contentUrl":"https:\/\/www.grazmuseum.at\/stadtarchiv\/wp-content\/uploads\/sites\/2\/2023\/12\/07.12.23-Graz_Stadtarchiv_051_c-Sebastian-Reiser_1920x1080-1-scaled.jpg","width":2560,"height":1440,"caption":"Foto: Sebastian Reiser"},{"@type":"BreadcrumbList","@id":"https:\/\/www.grazmuseum.at\/stadtarchiv\/bauakten\/#breadcrumb","itemListElement":[{"@type":"ListItem","position":1,"name":"Home","item":"https:\/\/www.grazmuseum.at\/stadtarchiv\/"},{"@type":"ListItem","position":2,"name":"Bauakten"}]},{"@type":"WebSite","@id":"https:\/\/www.grazmuseum.at\/stadtarchiv\/#website","url":"https:\/\/www.grazmuseum.at\/stadtarchiv\/","name":"Stadtarchiv Graz","description":"","potentialAction":[{"@type":"SearchAction","target":{"@type":"EntryPoint","urlTemplate":"https:\/\/www.grazmuseum.at\/stadtarchiv\/?s={search_term_string}"},"query-input":{"@type":"PropertyValueSpecification","valueRequired":true,"valueName":"search_term_string"}}],"inLanguage":"de"}]}},"_links":{"self":[{"href":"https:\/\/www.grazmuseum.at\/stadtarchiv\/wp-json\/wp\/v2\/pages\/32","targetHints":{"allow":["GET"]}}],"collection":[{"href":"https:\/\/www.grazmuseum.at\/stadtarchiv\/wp-json\/wp\/v2\/pages"}],"about":[{"href":"https:\/\/www.grazmuseum.at\/stadtarchiv\/wp-json\/wp\/v2\/types\/page"}],"author":[{"embeddable":true,"href":"https:\/\/www.grazmuseum.at\/stadtarchiv\/wp-json\/wp\/v2\/users\/1"}],"replies":[{"embeddable":true,"href":"https:\/\/www.grazmuseum.at\/stadtarchiv\/wp-json\/wp\/v2\/comments?post=32"}],"version-history":[{"count":43,"href":"https:\/\/www.grazmuseum.at\/stadtarchiv\/wp-json\/wp\/v2\/pages\/32\/revisions"}],"predecessor-version":[{"id":3029,"href":"https:\/\/www.grazmuseum.at\/stadtarchiv\/wp-json\/wp\/v2\/pages\/32\/revisions\/3029"}],"wp:attachment":[{"href":"https:\/\/www.grazmuseum.at\/stadtarchiv\/wp-json\/wp\/v2\/media?parent=32"}],"curies":[{"name":"wp","href":"https:\/\/api.w.org\/{rel}","templated":true}]}}