{"id":3039,"date":"2025-06-30T15:14:49","date_gmt":"2025-06-30T13:14:49","guid":{"rendered":"https:\/\/www.grazmuseum.at\/stadtarchiv\/?page_id=3039"},"modified":"2025-07-14T08:03:52","modified_gmt":"2025-07-14T06:03:52","slug":"historische-grazer-adressbuecher-online","status":"publish","type":"page","link":"https:\/\/www.grazmuseum.at\/stadtarchiv\/historische-grazer-adressbuecher-online\/","title":{"rendered":"Historische Grazer Adressb\u00fccher online"},"content":{"rendered":"\n<h1 class=\"wp-block-heading\"><strong>Historische Grazer Adressb\u00fccher online <\/strong><\/h1>\n\n\n\n<figure class=\"wp-block-image size-full is-resized\"><img loading=\"lazy\" decoding=\"async\" width=\"2560\" height=\"1707\" src=\"https:\/\/www.grazmuseum.at\/stadtarchiv\/wp-content\/uploads\/sites\/2\/2025\/06\/Foto-Webseite-3-scaled-1.jpg\" alt=\"Auf einem Tisch sind mehrere Seiten von historischen Grazer Adressb\u00fcchern aufgelegt und von oben abfotografiert.\" class=\"wp-image-2983\" style=\"width:1200px;height:auto\" srcset=\"https:\/\/www.grazmuseum.at\/stadtarchiv\/wp-content\/uploads\/sites\/2\/2025\/06\/Foto-Webseite-3-scaled-1.jpg 2560w, https:\/\/www.grazmuseum.at\/stadtarchiv\/wp-content\/uploads\/sites\/2\/2025\/06\/Foto-Webseite-3-scaled-1-300x200.jpg 300w, https:\/\/www.grazmuseum.at\/stadtarchiv\/wp-content\/uploads\/sites\/2\/2025\/06\/Foto-Webseite-3-scaled-1-1024x683.jpg 1024w, https:\/\/www.grazmuseum.at\/stadtarchiv\/wp-content\/uploads\/sites\/2\/2025\/06\/Foto-Webseite-3-scaled-1-768x512.jpg 768w, https:\/\/www.grazmuseum.at\/stadtarchiv\/wp-content\/uploads\/sites\/2\/2025\/06\/Foto-Webseite-3-scaled-1-1536x1024.jpg 1536w, https:\/\/www.grazmuseum.at\/stadtarchiv\/wp-content\/uploads\/sites\/2\/2025\/06\/Foto-Webseite-3-scaled-1-2048x1366.jpg 2048w\" sizes=\"auto, (max-width: 2560px) 100vw, 2560px\" \/><figcaption class=\"wp-element-caption\">Vanessa Bednarek \u2060\u00a9 Graz Museum\u2060<\/figcaption><\/figure>\n\n\n\n<p>Ausgew\u00e4hlte Jahrg\u00e4nge des Grazer Adressbuches zwischen 1871 und 1978\/79 sind vom Stadtarchiv digitalisiert und mit einer Texterkennungssoftware bearbeitet worden.<\/p>\n\n\n\n<p>In den historischen Adressb\u00fcchern kann nachgeschlagen werden, ob eine Person zu einer bestimmten Zeit in Graz gewohnt hat. Denn das Grazer Adressbuch beinhaltet mit dem \u201eWohnungsanzeiger\u201c ein nach Namen geordnetes Verzeichnis der Einwohner*innen von Graz. Zu beachten dabei ist, dass meist nur die Haus- bzw. Wohnungsbesitzer erfasst sind, nicht jedoch Dienstbot*innen oder Personen, die zur Untermiete gewohnt haben.<\/p>\n\n\n\n<p>Im ersten Abschnitt des Adressbuches befindet sich ein Verzeichnis der Beh\u00f6rden, \u00c4mter, Unterrichtsanstalten und Vereine. Weitere Abschnitte enthalten ein nach Stra\u00dfen sortiertes H\u00e4userverzeichnis (\u201eH\u00e4userschema\u201c) mit Angabe der Eigent\u00fcmer*innen und ein Verzeichnis der Firmen sowie der Handels- und Gewerbetreibenden. Diese und weitere Informationen machen die Adressb\u00fccher zu einer wichtigen Quelle f\u00fcr die Stadtgeschichte und die Genealogie.<\/p>\n\n\n\n<p>Folgende 20 Jahrg\u00e4nge sind online verf\u00fcgbar und k\u00f6nnen im Volltext durchsucht werden:<\/p>\n\n\n\n<p><a href=\"https:\/\/gais.graz.at\/stadtarchiv-graz\/objekt.jsp?id=1037074\" target=\"_blank\" rel=\"noreferrer noopener\">187<\/a><a href=\"https:\/\/gais.graz.at\/stadtarchiv-graz\/objekt.jsp?id=1037074\">1<\/a>,&nbsp;<a href=\"https:\/\/gais.graz.at\/stadtarchiv-graz\/objekt.jsp?id=1037083\" target=\"_blank\" rel=\"noreferrer noopener\">1885<\/a>,&nbsp;<a href=\"https:\/\/gais.graz.at\/stadtarchiv-graz\/objekt.jsp?id=1037088\" target=\"_blank\" rel=\"noreferrer noopener\">1890<\/a>,&nbsp;<a href=\"https:\/\/gais.graz.at\/stadtarchiv-graz\/objekt.jsp?id=1037093\" target=\"_blank\" rel=\"noreferrer noopener\">1895<\/a>,&nbsp;\u200b<a href=\"https:\/\/gais.graz.at\/stadtarchiv-graz\/objekt.jsp?id=1037068\" target=\"_blank\" rel=\"noreferrer noopener\">1900<\/a>,&nbsp;<a href=\"https:\/\/gais.graz.at\/stadtarchiv-graz\/objekt.jsp?id=1037102\" target=\"_blank\" rel=\"noreferrer noopener\">1905<\/a>,&nbsp;<a href=\"https:\/\/gais.graz.at\/stadtarchiv-graz\/objekt.jsp?id=1037107\" target=\"_blank\" rel=\"noreferrer noopener\">1910<\/a>\u200b,&nbsp;<a href=\"https:\/\/gais.graz.at\/stadtarchiv-graz\/objekt.jsp?id=1037112\" target=\"_blank\" rel=\"noreferrer noopener\">1915<\/a>,&nbsp;<a href=\"https:\/\/gais.graz.at\/stadtarchiv-graz\/objekt.jsp?id=1037117\" target=\"_blank\" rel=\"noreferrer noopener\">1920<\/a>,&nbsp;<a href=\"https:\/\/gais.graz.at\/stadtarchiv-graz\/objekt.jsp?id=1037121\" target=\"_blank\" rel=\"noreferrer noopener\">1925<\/a>,&nbsp;<a href=\"https:\/\/gais.graz.at\/stadtarchiv-graz\/objekt.jsp?id=1037126\" target=\"_blank\" rel=\"noreferrer noopener\">1930<\/a>,&nbsp;<a href=\"https:\/\/gais.graz.at\/stadtarchiv-graz\/objekt.jsp?id=1037131\">1935<\/a>,&nbsp;<a href=\"https:\/\/gais.graz.at\/stadtarchiv-graz\/objekt.jsp?id=1037136\">1940<\/a>,&nbsp;<a href=\"https:\/\/gais.graz.at\/stadtarchiv-graz\/objekt.jsp?id=1037140\" target=\"_blank\" rel=\"noreferrer noopener\">1949-1950<\/a>,&nbsp;<a href=\"https:\/\/gais.graz.at\/stadtarchiv-graz\/objekt.jsp?id=1037142\" target=\"_blank\" rel=\"noreferrer noopener\">1954-1955<\/a>,&nbsp;<a href=\"https:\/\/gais.graz.at\/stadtarchiv-graz\/objekt.jsp?id=1037147\" target=\"_blank\" rel=\"noreferrer noopener\">1960<\/a>,&nbsp;<a href=\"https:\/\/gais.graz.at\/stadtarchiv-graz\/objekt.jsp?id=1037152\" target=\"_blank\" rel=\"noreferrer noopener\">1965<\/a>,&nbsp;<a href=\"https:\/\/gais.graz.at\/stadtarchiv-graz\/objekt.jsp?id=1037157\" target=\"_blank\" rel=\"noreferrer noopener\">1970<\/a>\u200b,&nbsp;<a href=\"https:\/\/gais.graz.at\/stadtarchiv-graz\/objekt.jsp?id=1037163\" target=\"_blank\" rel=\"noreferrer noopener\">1976<\/a>&nbsp;und&nbsp;<a href=\"https:\/\/gais.graz.at\/stadtarchiv-graz\/objekt.jsp?id=1037165\" target=\"_blank\" rel=\"noreferrer noopener\">1978-1979\u200b<\/a>. <\/p>\n\n\n\n<p><\/p>\n\n\n\n<p>                                                                                                                                                                                                                                                               Zur <a href=\"https:\/\/gais.graz.at\/stadtarchiv-graz\/objekt.jsp?id=949753\" target=\"_blank\" rel=\"noreferrer noopener\">Bestandsbeschreibung<\/a> im Grazer Archivinformationssystem <a href=\"https:\/\/gais.graz.at\/stadtarchiv-graz\/\" target=\"_blank\" rel=\"noreferrer noopener\">(GAIS)<\/a>.<\/p>\n\n\n\n<p>Zu weiteren B\u00e4nden sind extern verf\u00fcgbare Digitalisate verlinkt:<\/p>\n\n\n\n<p><a href=\"https:\/\/gais.graz.at\/stadtarchiv-graz\/objekt.jsp?id=1037072\" target=\"_blank\" rel=\"noreferrer noopener\">1862<\/a>, <a href=\"https:\/\/gais.graz.at\/stadtarchiv-graz\/objekt.jsp?id=1037073\" target=\"_blank\" rel=\"noreferrer noopener\">1867<\/a>, <a href=\"https:\/\/gais.graz.at\/stadtarchiv-graz\/objekt.jsp?id=1037075\" target=\"_blank\" rel=\"noreferrer noopener\">1877<\/a>, <a href=\"https:\/\/gais.graz.at\/stadtarchiv-graz\/objekt.jsp?id=1037076\" target=\"_blank\" rel=\"noreferrer noopener\">1878<\/a>, <a href=\"https:\/\/gais.graz.at\/stadtarchiv-graz\/objekt.jsp?id=1037077\" target=\"_blank\" rel=\"noreferrer noopener\">1879<\/a>, <a href=\"https:\/\/gais.graz.at\/stadtarchiv-graz\/objekt.jsp?id=1037078\" target=\"_blank\" rel=\"noreferrer noopener\">1880<\/a>, <a href=\"https:\/\/gais.graz.at\/stadtarchiv-graz\/objekt.jsp?id=1037081\" target=\"_blank\" rel=\"noreferrer noopener\">1883<\/a>, <a href=\"https:\/\/gais.graz.at\/stadtarchiv-graz\/objekt.jsp?id=1037082\" target=\"_blank\" rel=\"noreferrer noopener\">1884<\/a>, <a href=\"https:\/\/gais.graz.at\/stadtarchiv-graz\/objekt.jsp?id=1037134\" target=\"_blank\" rel=\"noreferrer noopener\">1938<\/a>, <a href=\"https:\/\/gais.graz.at\/stadtarchiv-graz\/objekt.jsp?id=1037139\" target=\"_blank\" rel=\"noreferrer noopener\">1943-1944<\/a>.<\/p>\n","protected":false},"excerpt":{"rendered":"<p>Historische Grazer Adressb\u00fccher online Ausgew\u00e4hlte Jahrg\u00e4nge des Grazer Adressbuches zwischen 1871 und 1978\/79 sind vom Stadtarchiv digitalisiert und mit einer Texterkennungssoftware bearbeitet worden. In den historischen Adressb\u00fcchern kann nachgeschlagen werden, ob eine Person zu einer bestimmten Zeit in Graz gewohnt hat. Denn das Grazer Adressbuch beinhaltet mit dem \u201eWohnungsanzeiger\u201c ein nach Namen geordnetes Verzeichnis der [&hellip;]<\/p>\n","protected":false},"author":1,"featured_media":0,"parent":0,"menu_order":0,"comment_status":"closed","ping_status":"closed","template":"","meta":{"_acf_changed":false,"footnotes":""},"class_list":["post-3039","page","type-page","status-publish","hentry"],"acf":[],"yoast_head":"<!-- This site is optimized with the Yoast SEO plugin v26.5 - https:\/\/yoast.com\/wordpress\/plugins\/seo\/ -->\n<title>Historische Grazer Adressb\u00fccher online - Stadtarchiv Graz<\/title>\n<meta name=\"robots\" content=\"index, follow, max-snippet:-1, max-image-preview:large, max-video-preview:-1\" \/>\n<link rel=\"canonical\" href=\"https:\/\/www.grazmuseum.at\/stadtarchiv\/historische-grazer-adressbuecher-online\/\" \/>\n<meta property=\"og:locale\" content=\"de_DE\" \/>\n<meta property=\"og:type\" content=\"article\" \/>\n<meta property=\"og:title\" content=\"Historische Grazer Adressb\u00fccher online - Stadtarchiv Graz\" \/>\n<meta property=\"og:description\" content=\"Historische Grazer Adressb\u00fccher online Ausgew\u00e4hlte Jahrg\u00e4nge des Grazer Adressbuches zwischen 1871 und 1978\/79 sind vom Stadtarchiv digitalisiert und mit einer Texterkennungssoftware bearbeitet worden. In den historischen Adressb\u00fcchern kann nachgeschlagen werden, ob eine Person zu einer bestimmten Zeit in Graz gewohnt hat. Denn das Grazer Adressbuch beinhaltet mit dem \u201eWohnungsanzeiger\u201c ein nach Namen geordnetes Verzeichnis der [&hellip;]\" \/>\n<meta property=\"og:url\" content=\"https:\/\/www.grazmuseum.at\/stadtarchiv\/historische-grazer-adressbuecher-online\/\" \/>\n<meta property=\"og:site_name\" content=\"Stadtarchiv Graz\" \/>\n<meta property=\"article:modified_time\" content=\"2025-07-14T06:03:52+00:00\" \/>\n<meta property=\"og:image\" content=\"https:\/\/www.grazmuseum.at\/stadtarchiv\/wp-content\/uploads\/sites\/2\/2025\/06\/Foto-Webseite-3-scaled-1.jpg\" \/>\n<meta name=\"twitter:card\" content=\"summary_large_image\" \/>\n<meta name=\"twitter:label1\" content=\"Gesch\u00e4tzte Lesezeit\" \/>\n\t<meta name=\"twitter:data1\" content=\"2\u00a0Minuten\" \/>\n<script type=\"application\/ld+json\" class=\"yoast-schema-graph\">{\"@context\":\"https:\/\/schema.org\",\"@graph\":[{\"@type\":\"WebPage\",\"@id\":\"https:\/\/www.grazmuseum.at\/stadtarchiv\/historische-grazer-adressbuecher-online\/\",\"url\":\"https:\/\/www.grazmuseum.at\/stadtarchiv\/historische-grazer-adressbuecher-online\/\",\"name\":\"Historische Grazer Adressb\u00fccher online - Stadtarchiv Graz\",\"isPartOf\":{\"@id\":\"https:\/\/www.grazmuseum.at\/stadtarchiv\/#website\"},\"primaryImageOfPage\":{\"@id\":\"https:\/\/www.grazmuseum.at\/stadtarchiv\/historische-grazer-adressbuecher-online\/#primaryimage\"},\"image\":{\"@id\":\"https:\/\/www.grazmuseum.at\/stadtarchiv\/historische-grazer-adressbuecher-online\/#primaryimage\"},\"thumbnailUrl\":\"https:\/\/www.grazmuseum.at\/stadtarchiv\/wp-content\/uploads\/sites\/2\/2025\/06\/Foto-Webseite-3-scaled-1.jpg\",\"datePublished\":\"2025-06-30T13:14:49+00:00\",\"dateModified\":\"2025-07-14T06:03:52+00:00\",\"breadcrumb\":{\"@id\":\"https:\/\/www.grazmuseum.at\/stadtarchiv\/historische-grazer-adressbuecher-online\/#breadcrumb\"},\"inLanguage\":\"de\",\"potentialAction\":[{\"@type\":\"ReadAction\",\"target\":[\"https:\/\/www.grazmuseum.at\/stadtarchiv\/historische-grazer-adressbuecher-online\/\"]}]},{\"@type\":\"ImageObject\",\"inLanguage\":\"de\",\"@id\":\"https:\/\/www.grazmuseum.at\/stadtarchiv\/historische-grazer-adressbuecher-online\/#primaryimage\",\"url\":\"https:\/\/www.grazmuseum.at\/stadtarchiv\/wp-content\/uploads\/sites\/2\/2025\/06\/Foto-Webseite-3-scaled-1.jpg\",\"contentUrl\":\"https:\/\/www.grazmuseum.at\/stadtarchiv\/wp-content\/uploads\/sites\/2\/2025\/06\/Foto-Webseite-3-scaled-1.jpg\",\"width\":2560,\"height\":1707,\"caption\":\"Vanessa Bednarek \u2060\u00a9 Graz Museum\u2060\"},{\"@type\":\"BreadcrumbList\",\"@id\":\"https:\/\/www.grazmuseum.at\/stadtarchiv\/historische-grazer-adressbuecher-online\/#breadcrumb\",\"itemListElement\":[{\"@type\":\"ListItem\",\"position\":1,\"name\":\"Home\",\"item\":\"https:\/\/www.grazmuseum.at\/stadtarchiv\/\"},{\"@type\":\"ListItem\",\"position\":2,\"name\":\"Historische Grazer Adressb\u00fccher online\"}]},{\"@type\":\"WebSite\",\"@id\":\"https:\/\/www.grazmuseum.at\/stadtarchiv\/#website\",\"url\":\"https:\/\/www.grazmuseum.at\/stadtarchiv\/\",\"name\":\"Stadtarchiv Graz\",\"description\":\"\",\"potentialAction\":[{\"@type\":\"SearchAction\",\"target\":{\"@type\":\"EntryPoint\",\"urlTemplate\":\"https:\/\/www.grazmuseum.at\/stadtarchiv\/?s={search_term_string}\"},\"query-input\":{\"@type\":\"PropertyValueSpecification\",\"valueRequired\":true,\"valueName\":\"search_term_string\"}}],\"inLanguage\":\"de\"}]}<\/script>\n<!-- \/ Yoast SEO plugin. -->","yoast_head_json":{"title":"Historische Grazer Adressb\u00fccher online - Stadtarchiv Graz","robots":{"index":"index","follow":"follow","max-snippet":"max-snippet:-1","max-image-preview":"max-image-preview:large","max-video-preview":"max-video-preview:-1"},"canonical":"https:\/\/www.grazmuseum.at\/stadtarchiv\/historische-grazer-adressbuecher-online\/","og_locale":"de_DE","og_type":"article","og_title":"Historische Grazer Adressb\u00fccher online - Stadtarchiv Graz","og_description":"Historische Grazer Adressb\u00fccher online Ausgew\u00e4hlte Jahrg\u00e4nge des Grazer Adressbuches zwischen 1871 und 1978\/79 sind vom Stadtarchiv digitalisiert und mit einer Texterkennungssoftware bearbeitet worden. In den historischen Adressb\u00fcchern kann nachgeschlagen werden, ob eine Person zu einer bestimmten Zeit in Graz gewohnt hat. Denn das Grazer Adressbuch beinhaltet mit dem \u201eWohnungsanzeiger\u201c ein nach Namen geordnetes Verzeichnis der [&hellip;]","og_url":"https:\/\/www.grazmuseum.at\/stadtarchiv\/historische-grazer-adressbuecher-online\/","og_site_name":"Stadtarchiv Graz","article_modified_time":"2025-07-14T06:03:52+00:00","og_image":[{"url":"https:\/\/www.grazmuseum.at\/stadtarchiv\/wp-content\/uploads\/sites\/2\/2025\/06\/Foto-Webseite-3-scaled-1.jpg","type":"","width":"","height":""}],"twitter_card":"summary_large_image","twitter_misc":{"Gesch\u00e4tzte Lesezeit":"2\u00a0Minuten"},"schema":{"@context":"https:\/\/schema.org","@graph":[{"@type":"WebPage","@id":"https:\/\/www.grazmuseum.at\/stadtarchiv\/historische-grazer-adressbuecher-online\/","url":"https:\/\/www.grazmuseum.at\/stadtarchiv\/historische-grazer-adressbuecher-online\/","name":"Historische Grazer Adressb\u00fccher online - Stadtarchiv Graz","isPartOf":{"@id":"https:\/\/www.grazmuseum.at\/stadtarchiv\/#website"},"primaryImageOfPage":{"@id":"https:\/\/www.grazmuseum.at\/stadtarchiv\/historische-grazer-adressbuecher-online\/#primaryimage"},"image":{"@id":"https:\/\/www.grazmuseum.at\/stadtarchiv\/historische-grazer-adressbuecher-online\/#primaryimage"},"thumbnailUrl":"https:\/\/www.grazmuseum.at\/stadtarchiv\/wp-content\/uploads\/sites\/2\/2025\/06\/Foto-Webseite-3-scaled-1.jpg","datePublished":"2025-06-30T13:14:49+00:00","dateModified":"2025-07-14T06:03:52+00:00","breadcrumb":{"@id":"https:\/\/www.grazmuseum.at\/stadtarchiv\/historische-grazer-adressbuecher-online\/#breadcrumb"},"inLanguage":"de","potentialAction":[{"@type":"ReadAction","target":["https:\/\/www.grazmuseum.at\/stadtarchiv\/historische-grazer-adressbuecher-online\/"]}]},{"@type":"ImageObject","inLanguage":"de","@id":"https:\/\/www.grazmuseum.at\/stadtarchiv\/historische-grazer-adressbuecher-online\/#primaryimage","url":"https:\/\/www.grazmuseum.at\/stadtarchiv\/wp-content\/uploads\/sites\/2\/2025\/06\/Foto-Webseite-3-scaled-1.jpg","contentUrl":"https:\/\/www.grazmuseum.at\/stadtarchiv\/wp-content\/uploads\/sites\/2\/2025\/06\/Foto-Webseite-3-scaled-1.jpg","width":2560,"height":1707,"caption":"Vanessa Bednarek \u2060\u00a9 Graz Museum\u2060"},{"@type":"BreadcrumbList","@id":"https:\/\/www.grazmuseum.at\/stadtarchiv\/historische-grazer-adressbuecher-online\/#breadcrumb","itemListElement":[{"@type":"ListItem","position":1,"name":"Home","item":"https:\/\/www.grazmuseum.at\/stadtarchiv\/"},{"@type":"ListItem","position":2,"name":"Historische Grazer Adressb\u00fccher online"}]},{"@type":"WebSite","@id":"https:\/\/www.grazmuseum.at\/stadtarchiv\/#website","url":"https:\/\/www.grazmuseum.at\/stadtarchiv\/","name":"Stadtarchiv Graz","description":"","potentialAction":[{"@type":"SearchAction","target":{"@type":"EntryPoint","urlTemplate":"https:\/\/www.grazmuseum.at\/stadtarchiv\/?s={search_term_string}"},"query-input":{"@type":"PropertyValueSpecification","valueRequired":true,"valueName":"search_term_string"}}],"inLanguage":"de"}]}},"_links":{"self":[{"href":"https:\/\/www.grazmuseum.at\/stadtarchiv\/wp-json\/wp\/v2\/pages\/3039","targetHints":{"allow":["GET"]}}],"collection":[{"href":"https:\/\/www.grazmuseum.at\/stadtarchiv\/wp-json\/wp\/v2\/pages"}],"about":[{"href":"https:\/\/www.grazmuseum.at\/stadtarchiv\/wp-json\/wp\/v2\/types\/page"}],"author":[{"embeddable":true,"href":"https:\/\/www.grazmuseum.at\/stadtarchiv\/wp-json\/wp\/v2\/users\/1"}],"replies":[{"embeddable":true,"href":"https:\/\/www.grazmuseum.at\/stadtarchiv\/wp-json\/wp\/v2\/comments?post=3039"}],"version-history":[{"count":2,"href":"https:\/\/www.grazmuseum.at\/stadtarchiv\/wp-json\/wp\/v2\/pages\/3039\/revisions"}],"predecessor-version":[{"id":3274,"href":"https:\/\/www.grazmuseum.at\/stadtarchiv\/wp-json\/wp\/v2\/pages\/3039\/revisions\/3274"}],"wp:attachment":[{"href":"https:\/\/www.grazmuseum.at\/stadtarchiv\/wp-json\/wp\/v2\/media?parent=3039"}],"curies":[{"name":"wp","href":"https:\/\/api.w.org\/{rel}","templated":true}]}}