{"id":2648,"date":"2024-02-08T17:10:04","date_gmt":"2024-02-08T16:10:04","guid":{"rendered":"https:\/\/www.grazmuseum.at\/stadtarchiv\/?page_id=2648"},"modified":"2026-02-25T11:58:30","modified_gmt":"2026-02-25T10:58:30","slug":"home","status":"publish","type":"page","link":"https:\/\/www.grazmuseum.at\/stadtarchiv\/","title":{"rendered":"Home"},"content":{"rendered":"\n\n\n\n    <section class=\"venues\" aria-label=\"Choose venue\">\n        <div class=\"gradient\"><\/div>\n\n        \n            <div class=\"venue venue-stadtarchiv after:bg-[image:var(--bg-venue)]\"\n                style=\"--bg-venue:url('https:\/\/www.grazmuseum.at\/stadtarchiv\/wp-content\/uploads\/sites\/2\/2026\/01\/jed-villejo-IrkHwuhEdNs-unsplash_WS_kl.jpg')\">\n                <div class=\"link-to\">\n                                            <a href=\"https:\/\/www.grazsammeln.at\/de\/\" title=\"Graz sammeln - Gemeinsam Stadtgeschichte bewahren\">\n                            <h2 class=\"font-normal text-li-large\">\n                                <span\n                                    class=\"text-white [.contrast_&#038;]:text-[var(--color-front)] font-medium text-li-large\">Graz sammeln &#8211; Gemeinsam Stadtgeschichte bewahren<\/span>\n                            <\/h2>\n                        <\/a>\n                                    <\/div>\n                <div class=\"overlay\"><\/div>\n\n            <\/div>\n\n        \n            <div class=\"venue venue-stadtarchiv after:bg-[image:var(--bg-venue)]\"\n                style=\"--bg-venue:url('https:\/\/www.grazmuseum.at\/stadtarchiv\/wp-content\/uploads\/sites\/2\/2025\/11\/07.12.23-Graz_Stadtarchiv_137_c-Sebastian-Reiser.jpg')\">\n                <div class=\"link-to\">\n                                            <a href=\"https:\/\/www.grazmuseum.at\/stadtarchiv\/bauakten\/\" title=\"Sie m\u00f6chten Bauakten einsehen?\">\n                            <h2 class=\"font-normal text-li-large\">\n                                <span\n                                    class=\"text-white [.contrast_&#038;]:text-[var(--color-front)] font-medium text-li-large\">Sie m\u00f6chten Bauakten einsehen?<\/span>\n                            <\/h2>\n                        <\/a>\n                                    <\/div>\n                <div class=\"overlay\"><\/div>\n\n            <\/div>\n\n        \n        <div class=\"goto-articles\"><\/div>\n    <\/section>\n\n\n\n\n    <section id=\"article0\"  class=\"relative bg-stadtarchiv-blue [.contrast_&#038;]:bg-[var(--color-back)]\n                    before:content[''] before:absolute before:inset-0 before:bg-cover before:z-0\n                    before:bg-[image:var(--bg-img)]\" style=\"--bg-img:url('https:\/\/www.grazmuseum.at\/stadtarchiv\/wp-content\/uploads\/sites\/2\/2025\/06\/Foto_HJB_2025.jpg')\">\n        <div class=\"relative z-1\n                    max-w-[calc(100%_-_60px)] my-0 mx-auto lg:w-[calc(100%_-_280px)] lg:max-w-[var(--wp--custom--spacing--content-inner)]\n                    grid grid-cols-1 lg:grid-cols-2 xl:grid-cols-[1fr_2fr] gap-12\n                    py-24\">\n            <h2 class=\"lg:mb-36\">\n                <a href=\"https:\/\/www.grazmuseum.at\/stadtarchiv\/publikationen\/\">                    <span\n                        class=\"bg-black [.contrast_&#038;]:bg-[var(--color-front)] px-4 py-1 box-decoration-clone leading-tight text-white [.contrast_&#038;]:text-[var(--color-back)]\">Historisches Jahrbuch der Stadt Graz 2025: Demokratisierung in Graz seit 1945 &#8211; Anspruch und Realit\u00e4t<\/span>\n                    <\/a>            <\/h2>\n            <div class=\"xl:px-12\">\n                            <\/div>\n        <\/div>\n    <\/section>\n\n\n\n\n    <section id=\"article0\"  class=\"relative bg-stadtarchiv-blue [.contrast_&#038;]:bg-[var(--color-back)]\n                    before:content[''] before:absolute before:inset-0 before:bg-cover before:z-0\n                    before:bg-[image:var(--bg-img)]\" style=\"--bg-img:url('')\">\n        <div class=\"relative z-1\n                    max-w-[calc(100%_-_60px)] my-0 mx-auto lg:w-[calc(100%_-_280px)] lg:max-w-[var(--wp--custom--spacing--content-inner)]\n                    grid grid-cols-1 lg:grid-cols-2 xl:grid-cols-[1fr_2fr] gap-12\n                    py-24\">\n            <h2 class=\"lg:mb-36\">\n                <a href=\"https:\/\/www.grazmuseum.at\/stadtarchiv\/ueber-das-stadtarchiv-graz\/\">                    <span\n                        class=\"bg-black [.contrast_&#038;]:bg-[var(--color-front)] px-4 py-1 box-decoration-clone leading-tight text-white [.contrast_&#038;]:text-[var(--color-back)]\">(F)Akten f\u00fcr unser Ged\u00e4chtnis<\/span>\n                    <\/a>            <\/h2>\n            <div class=\"xl:px-12\">\n                                    Als historisches Archiv der Landeshauptstadt verwahren wir die schriftliche \u00dcberlieferung der Grazer Stadtverwaltung seit dem 18. Jahrhundert. Wir sichern, \u00fcbernehmen, ordnen und verzeichnen das in den \u00c4mtern entstandene Schriftgut, das nicht mehr f\u00fcr den laufenden Gesch\u00e4ftsverkehr ben\u00f6tigt wird und aus rechtlichen, historischen, kulturellen oder sonstigen Gr\u00fcnden aufzubewahren ist. Unsere Best\u00e4nde umfassen \u00fcber 6.000 Laufmeter Akten und Amtsb\u00fccher mit mehr als 28.000 Archivkartons.                                            <a href=\"https:\/\/www.grazmuseum.at\/stadtarchiv\/ueber-das-stadtarchiv-graz\/\" class=\"font-medium !no-underline\">\n                            \u2192 Mehr dazu                        <\/a>\n                                                <\/div>\n        <\/div>\n    <\/section>\n\n\n\n\n\n    <section class=\"trnc-grid-3col\" >\n        <div class=\" max-w-[calc(100%_-_60px)] my-0 mx-auto lg:w-[calc(100%_-_280px)] lg:max-w-[var(--wp--custom--spacing--content-inner)]\">\n                            <h2 class=\"pt-16 pb-12\">Gut zu wissen:<\/h2>\n                        <div class=\"grid grid-cols-1 sm:grid-cols-3 gap-x-16 gap-y-12 pb-12 pt-4\">\n                                    <div class=\"flex flex-col justify-between\">\n                        <div>\n                            <figure class=\"wp-block-image  mb-8\">\n                                <img loading=\"lazy\" decoding=\"async\" width=\"1024\" height=\"683\" src=\"https:\/\/www.grazmuseum.at\/stadtarchiv\/wp-content\/uploads\/sites\/2\/2024\/02\/07.12.23-Graz_Stadtarchiv_127_c-Sebastian-Reiser-1024x683.jpg\" class=\"w-full aspect-[1.8\/1] object-cover\" alt=\"Blaue Regalschr\u00e4nke im Stadtarchiv, im oberen Bereich eines Regals sind gr\u00fcne Papp-Schachteln geschlichtet, auf deren Vorderseite Beschriftungenangebracht sind. Jede Schachtel hat eine schwarze Schlaufe, um sie aus dem Regal zu ziehen.\" srcset=\"https:\/\/www.grazmuseum.at\/stadtarchiv\/wp-content\/uploads\/sites\/2\/2024\/02\/07.12.23-Graz_Stadtarchiv_127_c-Sebastian-Reiser-1024x683.jpg 1024w, https:\/\/www.grazmuseum.at\/stadtarchiv\/wp-content\/uploads\/sites\/2\/2024\/02\/07.12.23-Graz_Stadtarchiv_127_c-Sebastian-Reiser-300x200.jpg 300w, https:\/\/www.grazmuseum.at\/stadtarchiv\/wp-content\/uploads\/sites\/2\/2024\/02\/07.12.23-Graz_Stadtarchiv_127_c-Sebastian-Reiser-768x512.jpg 768w, https:\/\/www.grazmuseum.at\/stadtarchiv\/wp-content\/uploads\/sites\/2\/2024\/02\/07.12.23-Graz_Stadtarchiv_127_c-Sebastian-Reiser-1536x1024.jpg 1536w, https:\/\/www.grazmuseum.at\/stadtarchiv\/wp-content\/uploads\/sites\/2\/2024\/02\/07.12.23-Graz_Stadtarchiv_127_c-Sebastian-Reiser.jpg 1600w\" sizes=\"auto, (max-width: 1024px) 100vw, 1024px\" \/>                                <figcaption>\n                                    Foto: Sebastian Reiser                                <\/figcaption>\n                            <\/figure>\n                            <p class=\"font-medium\">\n                                Das Stadtarchiv Graz auf Facebook                            <\/p>\n                            <div>\n                                <p>Auf Facebook erfahren Sie alles \u00fcber die spannende Arbeit des Stadtarchives und vieles mehr.<\/p>\n                            <\/div>\n                        <\/div>\n                        <div class=\"mt-8\">\n                                                            <a href=\"https:\/\/www.facebook.com\/profile.php?id=61557952716575\"\n                                    class=\"trnc-button font-medium !no-underline text-p-large \n                                            [.site-stadtarchiv_&#038;]:border-stadtarchiv-blue [.site-stadtarchiv_&#038;]:hover:bg-stadtarchiv-blue \n                                            [.site-stadtarchiv_&#038;]:!text-stadtarchiv-blue [.site-stadtarchiv_&#038;]:hover:!text-black\n                                            [.contrast.site-stadtarchiv_&#038;]:!text-[var(--color-front)] [.contrast.site-stadtarchiv_&#038;]:hover:!text-[var(--color-front)]\">\n                                    More                                <\/a>\n                                                    <\/div>\n                    <\/div>\n                                    <div class=\"flex flex-col justify-between\">\n                        <div>\n                            <figure class=\"wp-block-image  mb-8\">\n                                <img loading=\"lazy\" decoding=\"async\" width=\"1024\" height=\"683\" src=\"https:\/\/www.grazmuseum.at\/stadtarchiv\/wp-content\/uploads\/sites\/2\/2025\/06\/Foto-Webseite-3-scaled-1-1024x683.jpg\" class=\"w-full aspect-[1.8\/1] object-cover\" alt=\"Auf einem Tisch sind mehrere Seiten von historischen Grazer Adressb\u00fcchern aufgelegt und von oben abfotografiert.\" srcset=\"https:\/\/www.grazmuseum.at\/stadtarchiv\/wp-content\/uploads\/sites\/2\/2025\/06\/Foto-Webseite-3-scaled-1-1024x683.jpg 1024w, https:\/\/www.grazmuseum.at\/stadtarchiv\/wp-content\/uploads\/sites\/2\/2025\/06\/Foto-Webseite-3-scaled-1-300x200.jpg 300w, https:\/\/www.grazmuseum.at\/stadtarchiv\/wp-content\/uploads\/sites\/2\/2025\/06\/Foto-Webseite-3-scaled-1-768x512.jpg 768w, https:\/\/www.grazmuseum.at\/stadtarchiv\/wp-content\/uploads\/sites\/2\/2025\/06\/Foto-Webseite-3-scaled-1-1536x1024.jpg 1536w, https:\/\/www.grazmuseum.at\/stadtarchiv\/wp-content\/uploads\/sites\/2\/2025\/06\/Foto-Webseite-3-scaled-1-2048x1366.jpg 2048w\" sizes=\"auto, (max-width: 1024px) 100vw, 1024px\" \/>                                <figcaption>\n                                    Vanessa Bednarek \u2060\u00a9 Graz Museum\u2060                                <\/figcaption>\n                            <\/figure>\n                            <p class=\"font-medium\">\n                                Historische Grazer Adressb\u00fccher online                            <\/p>\n                            <div>\n                                <div class=\"page\" title=\"Page 1\">\n<div class=\"section\">\n<div class=\"layoutArea\">\n<div class=\"column\">\n<p>Ausgew\u00e4hlte Jahrg\u00e4nge des Grazer Adressbuches zwischen 1871 und 1978 sind von uns digitalisiert und mit einer Texterkennungssoftware bearbeitet worden.<\/p>\n<\/div>\n<\/div>\n<\/div>\n<\/div>\n                            <\/div>\n                        <\/div>\n                        <div class=\"mt-8\">\n                                                            <a href=\"https:\/\/www.grazmuseum.at\/stadtarchiv\/historische-grazer-adressbuecher\/\"\n                                    class=\"trnc-button font-medium !no-underline text-p-large \n                                            [.site-stadtarchiv_&#038;]:border-stadtarchiv-blue [.site-stadtarchiv_&#038;]:hover:bg-stadtarchiv-blue \n                                            [.site-stadtarchiv_&#038;]:!text-stadtarchiv-blue [.site-stadtarchiv_&#038;]:hover:!text-black\n                                            [.contrast.site-stadtarchiv_&#038;]:!text-[var(--color-front)] [.contrast.site-stadtarchiv_&#038;]:hover:!text-[var(--color-front)]\">\n                                    More                                <\/a>\n                                                    <\/div>\n                    <\/div>\n                                    <div class=\"flex flex-col justify-between\">\n                        <div>\n                            <figure class=\"wp-block-image  mb-8\">\n                                <img loading=\"lazy\" decoding=\"async\" width=\"1024\" height=\"576\" src=\"https:\/\/www.grazmuseum.at\/stadtarchiv\/wp-content\/uploads\/sites\/2\/2024\/02\/DialogCity_Master_PowerPoint_1920x1080_01_blank-1024x576.jpg\" class=\"w-full aspect-[1.8\/1] object-cover\" alt=\"Image\" srcset=\"https:\/\/www.grazmuseum.at\/stadtarchiv\/wp-content\/uploads\/sites\/2\/2024\/02\/DialogCity_Master_PowerPoint_1920x1080_01_blank-1024x576.jpg 1024w, https:\/\/www.grazmuseum.at\/stadtarchiv\/wp-content\/uploads\/sites\/2\/2024\/02\/DialogCity_Master_PowerPoint_1920x1080_01_blank-300x169.jpg 300w, https:\/\/www.grazmuseum.at\/stadtarchiv\/wp-content\/uploads\/sites\/2\/2024\/02\/DialogCity_Master_PowerPoint_1920x1080_01_blank-768x432.jpg 768w, https:\/\/www.grazmuseum.at\/stadtarchiv\/wp-content\/uploads\/sites\/2\/2024\/02\/DialogCity_Master_PowerPoint_1920x1080_01_blank-1536x864.jpg 1536w, https:\/\/www.grazmuseum.at\/stadtarchiv\/wp-content\/uploads\/sites\/2\/2024\/02\/DialogCity_Master_PowerPoint_1920x1080_01_blank.jpg 1920w\" sizes=\"auto, (max-width: 1024px) 100vw, 1024px\" \/>                                <figcaption>\n                                                                    <\/figcaption>\n                            <\/figure>\n                            <p class=\"font-medium\">\n                                Citizen Archive Platform                            <\/p>\n                            <div>\n                                <div class=\"page\" title=\"Page 1\">\n<div class=\"section\">\n<div class=\"layoutArea\">\n<div class=\"column\">\n<p>Wir entwickeln eine Plattform, mit der alle Arten von datenbasierten Objekten wie Bilder, Videos, Audiodateien, Texte und Co. einem Archiv \u00fcbergeben werden k\u00f6nnen.<\/p>\n<\/div>\n<\/div>\n<\/div>\n<\/div>\n                            <\/div>\n                        <\/div>\n                        <div class=\"mt-8\">\n                                                            <a href=\"https:\/\/www.grazmuseum.at\/stadtarchiv\/citizen-archive-platform\/\"\n                                    class=\"trnc-button font-medium !no-underline text-p-large \n                                            [.site-stadtarchiv_&#038;]:border-stadtarchiv-blue [.site-stadtarchiv_&#038;]:hover:bg-stadtarchiv-blue \n                                            [.site-stadtarchiv_&#038;]:!text-stadtarchiv-blue [.site-stadtarchiv_&#038;]:hover:!text-black\n                                            [.contrast.site-stadtarchiv_&#038;]:!text-[var(--color-front)] [.contrast.site-stadtarchiv_&#038;]:hover:!text-[var(--color-front)]\">\n                                    More                                <\/a>\n                                                    <\/div>\n                    <\/div>\n                            <\/div>\n        <\/div>\n    <\/section>\n","protected":false},"excerpt":{"rendered":"","protected":false},"author":1,"featured_media":0,"parent":0,"menu_order":0,"comment_status":"closed","ping_status":"closed","template":"template-home.php","meta":{"_acf_changed":false,"footnotes":""},"class_list":["post-2648","page","type-page","status-publish","hentry"],"acf":[],"yoast_head":"<!-- This site is optimized with the Yoast SEO plugin v26.5 - https:\/\/yoast.com\/wordpress\/plugins\/seo\/ -->\n<title>Home - Stadtarchiv Graz<\/title>\n<meta name=\"robots\" content=\"index, follow, max-snippet:-1, max-image-preview:large, max-video-preview:-1\" \/>\n<link rel=\"canonical\" href=\"https:\/\/www.grazmuseum.at\/stadtarchiv\/\" \/>\n<meta property=\"og:locale\" content=\"de_DE\" \/>\n<meta property=\"og:type\" content=\"article\" \/>\n<meta property=\"og:title\" content=\"Home - Stadtarchiv Graz\" \/>\n<meta property=\"og:url\" content=\"https:\/\/www.grazmuseum.at\/stadtarchiv\/\" \/>\n<meta property=\"og:site_name\" content=\"Stadtarchiv Graz\" \/>\n<meta property=\"article:modified_time\" content=\"2026-02-25T10:58:30+00:00\" \/>\n<meta name=\"twitter:card\" content=\"summary_large_image\" \/>\n<script type=\"application\/ld+json\" class=\"yoast-schema-graph\">{\"@context\":\"https:\/\/schema.org\",\"@graph\":[{\"@type\":\"WebPage\",\"@id\":\"https:\/\/www.grazmuseum.at\/stadtarchiv\/\",\"url\":\"https:\/\/www.grazmuseum.at\/stadtarchiv\/\",\"name\":\"Home - Stadtarchiv Graz\",\"isPartOf\":{\"@id\":\"https:\/\/www.grazmuseum.at\/stadtarchiv\/#website\"},\"datePublished\":\"2024-02-08T16:10:04+00:00\",\"dateModified\":\"2026-02-25T10:58:30+00:00\",\"breadcrumb\":{\"@id\":\"https:\/\/www.grazmuseum.at\/stadtarchiv\/#breadcrumb\"},\"inLanguage\":\"de\",\"potentialAction\":[{\"@type\":\"ReadAction\",\"target\":[\"https:\/\/www.grazmuseum.at\/stadtarchiv\/\"]}]},{\"@type\":\"BreadcrumbList\",\"@id\":\"https:\/\/www.grazmuseum.at\/stadtarchiv\/#breadcrumb\",\"itemListElement\":[{\"@type\":\"ListItem\",\"position\":1,\"name\":\"Home\",\"item\":\"https:\/\/www.grazmuseum.at\/stadtarchiv\/\"},{\"@type\":\"ListItem\",\"position\":2,\"name\":\"Home\"}]},{\"@type\":\"WebSite\",\"@id\":\"https:\/\/www.grazmuseum.at\/stadtarchiv\/#website\",\"url\":\"https:\/\/www.grazmuseum.at\/stadtarchiv\/\",\"name\":\"Stadtarchiv Graz\",\"description\":\"\",\"potentialAction\":[{\"@type\":\"SearchAction\",\"target\":{\"@type\":\"EntryPoint\",\"urlTemplate\":\"https:\/\/www.grazmuseum.at\/stadtarchiv\/?s={search_term_string}\"},\"query-input\":{\"@type\":\"PropertyValueSpecification\",\"valueRequired\":true,\"valueName\":\"search_term_string\"}}],\"inLanguage\":\"de\"}]}<\/script>\n<!-- \/ Yoast SEO plugin. -->","yoast_head_json":{"title":"Home - Stadtarchiv Graz","robots":{"index":"index","follow":"follow","max-snippet":"max-snippet:-1","max-image-preview":"max-image-preview:large","max-video-preview":"max-video-preview:-1"},"canonical":"https:\/\/www.grazmuseum.at\/stadtarchiv\/","og_locale":"de_DE","og_type":"article","og_title":"Home - Stadtarchiv Graz","og_url":"https:\/\/www.grazmuseum.at\/stadtarchiv\/","og_site_name":"Stadtarchiv Graz","article_modified_time":"2026-02-25T10:58:30+00:00","twitter_card":"summary_large_image","schema":{"@context":"https:\/\/schema.org","@graph":[{"@type":"WebPage","@id":"https:\/\/www.grazmuseum.at\/stadtarchiv\/","url":"https:\/\/www.grazmuseum.at\/stadtarchiv\/","name":"Home - Stadtarchiv Graz","isPartOf":{"@id":"https:\/\/www.grazmuseum.at\/stadtarchiv\/#website"},"datePublished":"2024-02-08T16:10:04+00:00","dateModified":"2026-02-25T10:58:30+00:00","breadcrumb":{"@id":"https:\/\/www.grazmuseum.at\/stadtarchiv\/#breadcrumb"},"inLanguage":"de","potentialAction":[{"@type":"ReadAction","target":["https:\/\/www.grazmuseum.at\/stadtarchiv\/"]}]},{"@type":"BreadcrumbList","@id":"https:\/\/www.grazmuseum.at\/stadtarchiv\/#breadcrumb","itemListElement":[{"@type":"ListItem","position":1,"name":"Home","item":"https:\/\/www.grazmuseum.at\/stadtarchiv\/"},{"@type":"ListItem","position":2,"name":"Home"}]},{"@type":"WebSite","@id":"https:\/\/www.grazmuseum.at\/stadtarchiv\/#website","url":"https:\/\/www.grazmuseum.at\/stadtarchiv\/","name":"Stadtarchiv Graz","description":"","potentialAction":[{"@type":"SearchAction","target":{"@type":"EntryPoint","urlTemplate":"https:\/\/www.grazmuseum.at\/stadtarchiv\/?s={search_term_string}"},"query-input":{"@type":"PropertyValueSpecification","valueRequired":true,"valueName":"search_term_string"}}],"inLanguage":"de"}]}},"_links":{"self":[{"href":"https:\/\/www.grazmuseum.at\/stadtarchiv\/wp-json\/wp\/v2\/pages\/2648","targetHints":{"allow":["GET"]}}],"collection":[{"href":"https:\/\/www.grazmuseum.at\/stadtarchiv\/wp-json\/wp\/v2\/pages"}],"about":[{"href":"https:\/\/www.grazmuseum.at\/stadtarchiv\/wp-json\/wp\/v2\/types\/page"}],"author":[{"embeddable":true,"href":"https:\/\/www.grazmuseum.at\/stadtarchiv\/wp-json\/wp\/v2\/users\/1"}],"replies":[{"embeddable":true,"href":"https:\/\/www.grazmuseum.at\/stadtarchiv\/wp-json\/wp\/v2\/comments?post=2648"}],"version-history":[{"count":115,"href":"https:\/\/www.grazmuseum.at\/stadtarchiv\/wp-json\/wp\/v2\/pages\/2648\/revisions"}],"predecessor-version":[{"id":3423,"href":"https:\/\/www.grazmuseum.at\/stadtarchiv\/wp-json\/wp\/v2\/pages\/2648\/revisions\/3423"}],"wp:attachment":[{"href":"https:\/\/www.grazmuseum.at\/stadtarchiv\/wp-json\/wp\/v2\/media?parent=2648"}],"curies":[{"name":"wp","href":"https:\/\/api.w.org\/{rel}","templated":true}]}}