{"id":210,"date":"2018-05-17T09:51:33","date_gmt":"2018-05-17T07:51:33","guid":{"rendered":"https:\/\/www.grazmuseum.at\/stadtarchiv\/?page_id=210"},"modified":"2024-02-09T14:25:22","modified_gmt":"2024-02-09T13:25:22","slug":"impressum","status":"publish","type":"page","link":"https:\/\/www.grazmuseum.at\/stadtarchiv\/impressum\/","title":{"rendered":"Impressum"},"content":{"rendered":"<h1 class=\"wp-block-post-title\">Impressum<\/h1>\n\n\n<p>Stadtarchiv Graz<\/p>\n\n\n\n<p>Stadtmuseum Graz GmbH<br>Sackstra\u00dfe 18<br>A-8010 Graz<\/p>\n\n\n\n<p>T +43 316 872-7604<br>F +43 316 872-7609<br><a href=\"mailto:grazmuseum@stadt.graz.at\">grazmuseum@stadt.graz.at<\/a><\/p>\n\n\n\n<p>Rechtsform: Gesellschaft mit beschr\u00e4nkter Haftung (im Alleineigentum der Stadt Graz)<\/p>\n\n\n\n<p>Gesch\u00e4ftsf\u00fchrerin: Mag. Sibylle Dienesch<\/p>\n\n\n\n<p>UID-Nr.: ATU61913406<br>Firmenbuch-Nr.: 264638 z<br>Firmenbuchgericht: Graz<\/p>\n\n\n\n<p>Konzept &amp; Design: <a href=\"https:\/\/www.taska.at\/\">TASKA<\/a><br>Programmierung: <a href=\"https:\/\/tronic.digital\/\">tronic<\/a><\/p>\n","protected":false},"excerpt":{"rendered":"<p>Stadtarchiv Graz Stadtmuseum Graz GmbHSackstra\u00dfe 18A-8010 Graz T +43 316 872-7604F +43 316 872-7609grazmuseum@stadt.graz.at Rechtsform: Gesellschaft mit beschr\u00e4nkter Haftung (im Alleineigentum der Stadt Graz) Gesch\u00e4ftsf\u00fchrerin: Mag. Sibylle Dienesch UID-Nr.: ATU61913406Firmenbuch-Nr.: 264638 zFirmenbuchgericht: Graz Konzept &amp; Design: TASKAProgrammierung: tronic<\/p>\n","protected":false},"author":1,"featured_media":0,"parent":0,"menu_order":0,"comment_status":"closed","ping_status":"closed","template":"","meta":{"_acf_changed":false,"footnotes":""},"class_list":["post-210","page","type-page","status-publish","hentry"],"acf":[],"yoast_head":"<!-- This site is optimized with the Yoast SEO plugin v26.5 - https:\/\/yoast.com\/wordpress\/plugins\/seo\/ -->\n<title>Impressum - Stadtarchiv Graz<\/title>\n<meta name=\"robots\" content=\"index, follow, max-snippet:-1, max-image-preview:large, max-video-preview:-1\" \/>\n<link rel=\"canonical\" href=\"https:\/\/www.grazmuseum.at\/stadtarchiv\/impressum\/\" \/>\n<meta property=\"og:locale\" content=\"de_DE\" \/>\n<meta property=\"og:type\" content=\"article\" \/>\n<meta property=\"og:title\" content=\"Impressum - Stadtarchiv Graz\" \/>\n<meta property=\"og:description\" content=\"Stadtarchiv Graz Stadtmuseum Graz GmbHSackstra\u00dfe 18A-8010 Graz T +43 316 872-7604F +43 316 872-7609grazmuseum@stadt.graz.at Rechtsform: Gesellschaft mit beschr\u00e4nkter Haftung (im Alleineigentum der Stadt Graz) Gesch\u00e4ftsf\u00fchrerin: Mag. Sibylle Dienesch UID-Nr.: ATU61913406Firmenbuch-Nr.: 264638 zFirmenbuchgericht: Graz Konzept &amp; Design: TASKAProgrammierung: tronic\" \/>\n<meta property=\"og:url\" content=\"https:\/\/www.grazmuseum.at\/stadtarchiv\/impressum\/\" \/>\n<meta property=\"og:site_name\" content=\"Stadtarchiv Graz\" \/>\n<meta property=\"article:modified_time\" content=\"2024-02-09T13:25:22+00:00\" \/>\n<meta name=\"twitter:card\" content=\"summary_large_image\" \/>\n<meta name=\"twitter:label1\" content=\"Gesch\u00e4tzte Lesezeit\" \/>\n\t<meta name=\"twitter:data1\" content=\"1\u00a0Minute\" \/>\n<script type=\"application\/ld+json\" class=\"yoast-schema-graph\">{\"@context\":\"https:\/\/schema.org\",\"@graph\":[{\"@type\":\"WebPage\",\"@id\":\"https:\/\/www.grazmuseum.at\/stadtarchiv\/impressum\/\",\"url\":\"https:\/\/www.grazmuseum.at\/stadtarchiv\/impressum\/\",\"name\":\"Impressum - Stadtarchiv Graz\",\"isPartOf\":{\"@id\":\"https:\/\/www.grazmuseum.at\/stadtarchiv\/#website\"},\"datePublished\":\"2018-05-17T07:51:33+00:00\",\"dateModified\":\"2024-02-09T13:25:22+00:00\",\"breadcrumb\":{\"@id\":\"https:\/\/www.grazmuseum.at\/stadtarchiv\/impressum\/#breadcrumb\"},\"inLanguage\":\"de\",\"potentialAction\":[{\"@type\":\"ReadAction\",\"target\":[\"https:\/\/www.grazmuseum.at\/stadtarchiv\/impressum\/\"]}]},{\"@type\":\"BreadcrumbList\",\"@id\":\"https:\/\/www.grazmuseum.at\/stadtarchiv\/impressum\/#breadcrumb\",\"itemListElement\":[{\"@type\":\"ListItem\",\"position\":1,\"name\":\"Home\",\"item\":\"https:\/\/www.grazmuseum.at\/stadtarchiv\/\"},{\"@type\":\"ListItem\",\"position\":2,\"name\":\"Impressum\"}]},{\"@type\":\"WebSite\",\"@id\":\"https:\/\/www.grazmuseum.at\/stadtarchiv\/#website\",\"url\":\"https:\/\/www.grazmuseum.at\/stadtarchiv\/\",\"name\":\"Stadtarchiv Graz\",\"description\":\"\",\"potentialAction\":[{\"@type\":\"SearchAction\",\"target\":{\"@type\":\"EntryPoint\",\"urlTemplate\":\"https:\/\/www.grazmuseum.at\/stadtarchiv\/?s={search_term_string}\"},\"query-input\":{\"@type\":\"PropertyValueSpecification\",\"valueRequired\":true,\"valueName\":\"search_term_string\"}}],\"inLanguage\":\"de\"}]}<\/script>\n<!-- \/ Yoast SEO plugin. -->","yoast_head_json":{"title":"Impressum - Stadtarchiv Graz","robots":{"index":"index","follow":"follow","max-snippet":"max-snippet:-1","max-image-preview":"max-image-preview:large","max-video-preview":"max-video-preview:-1"},"canonical":"https:\/\/www.grazmuseum.at\/stadtarchiv\/impressum\/","og_locale":"de_DE","og_type":"article","og_title":"Impressum - Stadtarchiv Graz","og_description":"Stadtarchiv Graz Stadtmuseum Graz GmbHSackstra\u00dfe 18A-8010 Graz T +43 316 872-7604F +43 316 872-7609grazmuseum@stadt.graz.at Rechtsform: Gesellschaft mit beschr\u00e4nkter Haftung (im Alleineigentum der Stadt Graz) Gesch\u00e4ftsf\u00fchrerin: Mag. Sibylle Dienesch UID-Nr.: ATU61913406Firmenbuch-Nr.: 264638 zFirmenbuchgericht: Graz Konzept &amp; Design: TASKAProgrammierung: tronic","og_url":"https:\/\/www.grazmuseum.at\/stadtarchiv\/impressum\/","og_site_name":"Stadtarchiv Graz","article_modified_time":"2024-02-09T13:25:22+00:00","twitter_card":"summary_large_image","twitter_misc":{"Gesch\u00e4tzte Lesezeit":"1\u00a0Minute"},"schema":{"@context":"https:\/\/schema.org","@graph":[{"@type":"WebPage","@id":"https:\/\/www.grazmuseum.at\/stadtarchiv\/impressum\/","url":"https:\/\/www.grazmuseum.at\/stadtarchiv\/impressum\/","name":"Impressum - Stadtarchiv Graz","isPartOf":{"@id":"https:\/\/www.grazmuseum.at\/stadtarchiv\/#website"},"datePublished":"2018-05-17T07:51:33+00:00","dateModified":"2024-02-09T13:25:22+00:00","breadcrumb":{"@id":"https:\/\/www.grazmuseum.at\/stadtarchiv\/impressum\/#breadcrumb"},"inLanguage":"de","potentialAction":[{"@type":"ReadAction","target":["https:\/\/www.grazmuseum.at\/stadtarchiv\/impressum\/"]}]},{"@type":"BreadcrumbList","@id":"https:\/\/www.grazmuseum.at\/stadtarchiv\/impressum\/#breadcrumb","itemListElement":[{"@type":"ListItem","position":1,"name":"Home","item":"https:\/\/www.grazmuseum.at\/stadtarchiv\/"},{"@type":"ListItem","position":2,"name":"Impressum"}]},{"@type":"WebSite","@id":"https:\/\/www.grazmuseum.at\/stadtarchiv\/#website","url":"https:\/\/www.grazmuseum.at\/stadtarchiv\/","name":"Stadtarchiv Graz","description":"","potentialAction":[{"@type":"SearchAction","target":{"@type":"EntryPoint","urlTemplate":"https:\/\/www.grazmuseum.at\/stadtarchiv\/?s={search_term_string}"},"query-input":{"@type":"PropertyValueSpecification","valueRequired":true,"valueName":"search_term_string"}}],"inLanguage":"de"}]}},"_links":{"self":[{"href":"https:\/\/www.grazmuseum.at\/stadtarchiv\/wp-json\/wp\/v2\/pages\/210","targetHints":{"allow":["GET"]}}],"collection":[{"href":"https:\/\/www.grazmuseum.at\/stadtarchiv\/wp-json\/wp\/v2\/pages"}],"about":[{"href":"https:\/\/www.grazmuseum.at\/stadtarchiv\/wp-json\/wp\/v2\/types\/page"}],"author":[{"embeddable":true,"href":"https:\/\/www.grazmuseum.at\/stadtarchiv\/wp-json\/wp\/v2\/users\/1"}],"replies":[{"embeddable":true,"href":"https:\/\/www.grazmuseum.at\/stadtarchiv\/wp-json\/wp\/v2\/comments?post=210"}],"version-history":[{"count":6,"href":"https:\/\/www.grazmuseum.at\/stadtarchiv\/wp-json\/wp\/v2\/pages\/210\/revisions"}],"predecessor-version":[{"id":2761,"href":"https:\/\/www.grazmuseum.at\/stadtarchiv\/wp-json\/wp\/v2\/pages\/210\/revisions\/2761"}],"wp:attachment":[{"href":"https:\/\/www.grazmuseum.at\/stadtarchiv\/wp-json\/wp\/v2\/media?parent=210"}],"curies":[{"name":"wp","href":"https:\/\/api.w.org\/{rel}","templated":true}]}}