{"id":1711,"date":"2018-05-09T21:54:58","date_gmt":"2018-05-09T19:54:58","guid":{"rendered":"https:\/\/www.grazmuseum.at\/stadtarchiv\/municipal-archives-graz\/unser-auftrag\/"},"modified":"2018-07-11T13:40:34","modified_gmt":"2018-07-11T11:40:34","slug":"our-mission","status":"publish","type":"page","link":"https:\/\/www.grazmuseum.at\/stadtarchiv\/our-mission\/","title":{"rendered":"Our Mission"},"content":{"rendered":"<p>[et_pb_section bb_built=&#8220;1&#8243;][et_pb_row _builder_version=&#8220;3.0.106&#8243;][et_pb_column type=&#8220;4_4&#8243;][et_pb_text admin_label=&#8220;Header_Auftrag&#8220; _builder_version=&#8220;3.0.106&#8243; background_layout=&#8220;light&#8220;]<\/p>\n<h1>Unser Auftrag<\/h1>\n<p>[\/et_pb_text][\/et_pb_column][\/et_pb_row][et_pb_row _builder_version=&#8220;3.0.106&#8243; module_id=&#8220;leitbild&#8220;][et_pb_column type=&#8220;4_4&#8243;][et_pb_text admin_label=&#8220;Header_Leitbild&#8220; _builder_version=&#8220;3.0.106&#8243; background_layout=&#8220;light&#8220;]<\/p>\n<h2>Leitbild<\/h2>\n<p>[\/et_pb_text][et_pb_image _builder_version=&#8220;3.3.1&#8243; src=&#8220;https:\/\/www.grazmuseum.at\/stadtarchiv\/wp-content\/uploads\/sites\/2\/2018\/05\/Leitbild_Stadtplan_1878_1880_1404x780.jpg&#8220; \/][et_pb_text admin_label=&#8220;Text_unser_Leitbild&#8220; _builder_version=&#8220;3.0.106&#8243; background_layout=&#8220;light&#8220;]<\/p>\n<p>Das Stadtarchiv Graz ist seit 1. April 2014 Teil der Stadtmuseum Graz GmbH und bildet gemeinsam mit dem GrazMuseum das Zentrum f\u00fcr Stadt und Stadtgeschichte.<\/p>\n<p>Als historisches Archiv der Landeshauptstadt verwahrt es die schriftliche \u00dcberlieferung der Grazer Stadtverwaltung seit dem 18. Jahrhundert. Es sichert, \u00fcbernimmt, ordnet und verzeichnet das in den \u00c4mtern verfasste Schriftgut, das nicht mehr f\u00fcr den laufenden Gesch\u00e4ftsverkehr ben\u00f6tigt wird und aus rechtlichen, historischen, kulturellen oder sonstigen Gr\u00fcnden aufzubewahren ist. Die Best\u00e4nde des Stadtarchivs umfassen \u00fcber 6.000 Laufmeter Akten und Amtsb\u00fccher, was mehr als 28.000 Boxen und Faszikeln entspricht.<\/p>\n<p>Nach urspr\u00fcnglicher Unterbringung im Rathaus befand sich das Stadtarchiv im Palais Khuenburg in der Sackstra\u00dfe, wo es 1970 aus dem Grazer Stadtmuseum herausgel\u00f6st wurde. Das Stadtarchiv war daraufhin in der Hans-Sachs-Gasse untergebracht und wurde 1999 an seinen heutigen Standort in der Schiffgasse 4 \u00fcbersiedelt.<\/p>\n<p>[\/et_pb_text][et_pb_divider _builder_version=&#8220;3.0.106&#8243; show_divider=&#8220;on&#8220; color=&#8220;#ffffff&#8220; \/][\/et_pb_column][\/et_pb_row][et_pb_row _builder_version=&#8220;3.0.106&#8243; module_id=&#8220;auftrag&#8220;][et_pb_column type=&#8220;4_4&#8243;][et_pb_text admin_label=&#8220;Header_Unser_Auftrag&#8220; _builder_version=&#8220;3.3.1&#8243;]<\/p>\n<h2>Auftrag<\/h2>\n<p>[\/et_pb_text][et_pb_image _builder_version=&#8220;3.3.1&#8243; src=&#8220;https:\/\/www.grazmuseum.at\/stadtarchiv\/wp-content\/uploads\/sites\/2\/2018\/05\/Unser_Auftrag_Alt_18_Schmiedgasse_S31.jpg&#8220; \/][et_pb_text admin_label=&#8220;Auftrag&#8220; _builder_version=&#8220;3.0.106&#8243; background_layout=&#8220;light&#8220;]<\/p>\n<p>Wir verstehen uns als Ged\u00e4chtniseinrichtung. Wir sichern das schriftliche Erbe der Stadt Graz. Mit unseren Best\u00e4nden erm\u00f6glichen wir auf Basis der geltenden Gesetzeslage Rechtssicherheit und Transparenz des Verwaltungshandelns<em>. <\/em>Wir sind eine Serviceeinrichtung f\u00fcr alle B\u00fcrger\/-innen der Stadt sowie f\u00fcr alle Menschen, die im Laufe ihrer (Vor-)Geschichte mit Graz in Verbindung stehen und standen. Wir unterst\u00fctzen auch bei der Sicherung des pers\u00f6nlichen schriftlichen Nachlasses und \u00fcbernehmen diesen nach Ma\u00dfgabe unserer M\u00f6glichkeiten und der Relevanz f\u00fcr die Grazer Stadtgeschichte in unsere Sammlungsbest\u00e4nde.<\/p>\n<p>Innerhalb des \u201eHauses Graz\u201c (Stadtverwaltung und ihre Beteiligungen) verstehen wir uns als zentraler Partner der Schriftgutverwaltung \u2013 unabh\u00e4ngig davon, ob es sich um Papier oder digitale Informationen handelt. Gemeinsam mit den Mitarbeiterinnen und Mitarbeitern der Verwaltung sichern wir somit das im Heute entstehende historische Erbe der Zukunft.<\/p>\n<p>Wir streben danach, unsere Best\u00e4nde professionell und nach internationalen Archivstandards aufzubewahren, zu erschlie\u00dfen, zug\u00e4nglich zu machen und zu vermitteln.<\/p>\n<p>Wir verstehen uns als Institution, die das Schreiben von Geschichte(n) der Stadt Graz und ihrer Bewohner\/-innen erm\u00f6glicht. Damit tragen wir zu individuellen und kollektiven Identit\u00e4tsbildungsprozessen bei. Wissensinstitutionen, von Schulen und Universit\u00e4ten bis hin zu Museen und Erwachsenenbildungseinrichtungen, sowie Forscher\/-innen unterschiedlichster Disziplinen geh\u00f6ren zu unseren Partnern.<\/p>\n<p>[\/et_pb_text][et_pb_divider _builder_version=&#8220;3.0.106&#8243; show_divider=&#8220;on&#8220; color=&#8220;#ffffff&#8220; \/][\/et_pb_column][\/et_pb_row][et_pb_row _builder_version=&#8220;3.0.106&#8243; module_id=&#8220;bestand&#8220;][et_pb_column type=&#8220;4_4&#8243;][et_pb_text admin_label=&#8220;Header_Best\u00e4nde&#8220; _builder_version=&#8220;3.0.106&#8243; background_layout=&#8220;light&#8220;]<\/p>\n<h2>Unsere Best\u00e4nde<\/h2>\n<p>[\/et_pb_text][et_pb_image _builder_version=&#8220;3.3.1&#8243; src=&#8220;https:\/\/www.grazmuseum.at\/stadtarchiv\/wp-content\/uploads\/sites\/2\/2018\/05\/Unsere_Best\u00e4nde_STA-19_1404x780.jpg&#8220; \/][et_pb_text admin_label=&#8220;Best\u00e4nde&#8220; _builder_version=&#8220;3.0.106&#8243; background_layout=&#8220;light&#8220;]<\/p>\n<p>Unsere Best\u00e4nde umfassen \u00fcber 6.000 Laufmeter, die 2016\/17 in einer internationalen Standards entsprechenden Archivtektonik neu strukturiert wurden. Sie k\u00f6nnen in folgende \u00fcbergeordnete Gruppen eingeteilt werden:<\/p>\n<ul>\n<li>Altes Archiv, bis 1850: Best\u00e4nde und Serien der alten Registratur des Magistrates vom 18. Jahrhundert bis ca. 1850 sowie die einige Jahre vom Steierm\u00e4rkischen Landesarchiv verwahrten und dem Stadtarchiv zur\u00fcckgegebenen Selekte der landesf\u00fcrstlichen Patente und Normalia f\u00fcr die Stadt Graz<\/li>\n<li>Archiv der Stadt Graz, ab 1850: nach dem Provenienzprinzip abgelegte Best\u00e4nde und Serien der neueren Registratur des Magistrates von der provisorischen Gemeindeordnung der Stadt Graz ab 1850 bis heute nach den Bestandsgruppen Gemeindevertretungsk\u00f6rper ab 1848\/50,<br \/>\nLeitende \u00c4mter und innere Verwaltung, Finanz- und Verm\u00f6gensverwaltung, Kontrollwesen,<br \/>\nBev\u00f6lkerung, Personenstand und Kultus, Bauverwaltung, Stadtplanung und Umwelt,<br \/>\nSozial- und Gesundheitswesen, Wirtschaft, Gewerbe und Tourismus; Kultur, Bildung, Sport; Sicherheit und Katastrophenschutz<\/li>\n<li>St\u00e4dtische Unternehmungen, ab ca. 1860: St\u00e4dtische Betriebe, Stadtwerke Graz AG\/Holding Graz, Stiftungen<\/li>\n<li>St\u00e4dtische Schulen, ab ca. 1875<\/li>\n<li>Ehemalige Umgebungsgemeinden, ab ca. 1840<\/li>\n<li>Nichtst\u00e4dtische Provenienzen, ab ca. 1876: Nachgeordnete Bundesdienststellen, Vereinsarchive, Vor- und Nachl\u00e4sse<\/li>\n<li>Sammlungen: Multimediale Sammlungen, Raumhistorische Sammlungen nach gemischten Provenienzen<\/li>\n<li>Archivbibliothek: ca. 4000 B\u00e4nde zur \u00d6sterreichischen, Steirischen und Grazer Geschichte, zum Archivwesen sowie Amtsdruckschriften<\/li>\n<\/ul>\n<p>N\u00e4here Angaben zur Struktur und genauere Beschreibungen finden Sie im <a href=\"https:\/\/www.grazmuseum.at\/stadtarchiv\/gais\/ueber-gais\/\">GAIS<\/a>.<\/p>\n<p>[\/et_pb_text][et_pb_divider _builder_version=&#8220;3.0.106&#8243; show_divider=&#8220;on&#8220; color=&#8220;#ffffff&#8220; \/][\/et_pb_column][\/et_pb_row][et_pb_row _builder_version=&#8220;3.0.106&#8243; module_id=&#8220;ordnung&#8220;][et_pb_column type=&#8220;4_4&#8243;][et_pb_text admin_label=&#8220;Header_Archivordnung&#8220; _builder_version=&#8220;3.0.106&#8243; background_layout=&#8220;light&#8220;]<\/p>\n<h2>Archivordnung der Stadt Graz<\/h2>\n<p>[\/et_pb_text][et_pb_image _builder_version=&#8220;3.0.106&#8243; show_in_lightbox=&#8220;off&#8220; url_new_window=&#8220;off&#8220; use_overlay=&#8220;off&#8220; always_center_on_mobile=&#8220;on&#8220; force_fullwidth=&#8220;off&#8220; show_bottom_space=&#8220;on&#8220; \/][et_pb_text admin_label=&#8220;Archivordnungen&#8220; _builder_version=&#8220;3.0.106&#8243; background_layout=&#8220;light&#8220;]<\/p>\n<p>Unser Handeln und unsere Aufgaben werden durch das Steierm\u00e4rkische Archivgesetz <a href=\"https:\/\/www.ris.bka.gv.at\/Dokumente\/Lgbl\/LGBL_ST_20130612_59\/LGBL_ST_20130612_59.pdf\">Steierm\u00e4rkische Archivgesetz<\/a> sowie die darauf aufbauende <a href=\"https:\/\/www.grazmuseum.at\/stadtarchiv\/wp-content\/uploads\/sites\/2\/2018\/05\/3563165_2.0_AB04_2014_04_23.pdf\">Archivordnung der Stadt Graz <\/a> geregelt.<\/p>\n<p>[\/et_pb_text][et_pb_divider _builder_version=&#8220;3.0.106&#8243; show_divider=&#8220;on&#8220; color=&#8220;#ffffff&#8220; \/][\/et_pb_column][\/et_pb_row][et_pb_row _builder_version=&#8220;3.0.106&#8243; module_id=&#8220;partner&#8220;][et_pb_column type=&#8220;4_4&#8243;][et_pb_text admin_label=&#8220;Header_Partner&#8220; _builder_version=&#8220;3.0.106&#8243; background_layout=&#8220;light&#8220;]<\/p>\n<h2>Wir und unsere Partner<\/h2>\n<p>[\/et_pb_text][et_pb_image _builder_version=&#8220;3.0.106&#8243; show_in_lightbox=&#8220;off&#8220; url_new_window=&#8220;off&#8220; use_overlay=&#8220;off&#8220; always_center_on_mobile=&#8220;on&#8220; force_fullwidth=&#8220;off&#8220; show_bottom_space=&#8220;on&#8220; \/][et_pb_text admin_label=&#8220;Partner&#8220; _builder_version=&#8220;3.3.1&#8243;]<\/p>\n<p>Unserem Auftrag und unserem Selbstverst\u00e4ndnis folgend, betten wir unser Handeln in das Netzwerk der Archivarinnen und Archivaren ein, sowie orientieren uns am Fachdiskurs und den internationalen Standards f\u00fcr das Archivwesen. Dementsprechend sind wir Mitglied im <a href=\"https:\/\/www.ica.org\/\">Internationalen Archivrat<\/a> und dem <a href=\"http:\/\/www.voea.at\/\">Verband \u00d6sterreichischer Archivarinnen und Archivare<\/a>. Wolfram Dornik ist Vorstandsmitglied im <a href=\"https:\/\/www.staedtebund.gv.at\/ausschuesse\/kommunalarchive\/\">Arbeitskreis der Kommunalarchivarinnen und Kommunalarchivare<\/a> im Rahmen des <a href=\"https:\/\/www.staedtebund.gv.at\/\">\u00d6sterreichischen St\u00e4dtebundes<\/a>.<\/p>\n<p>[\/et_pb_text][\/et_pb_column][\/et_pb_row][\/et_pb_section]<\/p>\n","protected":false},"excerpt":{"rendered":"<p>[et_pb_section bb_built=&#8220;1&#8243;][et_pb_row _builder_version=&#8220;3.0.106&#8243;][et_pb_column type=&#8220;4_4&#8243;][et_pb_text admin_label=&#8220;Header_Auftrag&#8220; _builder_version=&#8220;3.0.106&#8243; background_layout=&#8220;light&#8220;] Unser Auftrag [\/et_pb_text][\/et_pb_column][\/et_pb_row][et_pb_row _builder_version=&#8220;3.0.106&#8243; module_id=&#8220;leitbild&#8220;][et_pb_column type=&#8220;4_4&#8243;][et_pb_text admin_label=&#8220;Header_Leitbild&#8220; _builder_version=&#8220;3.0.106&#8243; background_layout=&#8220;light&#8220;] Leitbild [\/et_pb_text][et_pb_image _builder_version=&#8220;3.3.1&#8243; src=&#8220;https:\/\/www.grazmuseum.at\/stadtarchiv\/wp-content\/uploads\/sites\/2\/2018\/05\/Leitbild_Stadtplan_1878_1880_1404x780.jpg&#8220; \/][et_pb_text admin_label=&#8220;Text_unser_Leitbild&#8220; _builder_version=&#8220;3.0.106&#8243; background_layout=&#8220;light&#8220;] Das Stadtarchiv Graz ist seit 1. April 2014 Teil der Stadtmuseum Graz GmbH und bildet gemeinsam mit dem GrazMuseum das Zentrum f\u00fcr Stadt und Stadtgeschichte. Als historisches Archiv der Landeshauptstadt verwahrt [&hellip;]<\/p>\n","protected":false},"author":1,"featured_media":0,"parent":0,"menu_order":0,"comment_status":"closed","ping_status":"closed","template":"","meta":{"_acf_changed":false,"footnotes":""},"class_list":["post-1711","page","type-page","status-publish","hentry"],"acf":[],"yoast_head":"<!-- This site is optimized with the Yoast SEO plugin v26.5 - https:\/\/yoast.com\/wordpress\/plugins\/seo\/ -->\n<title>Our Mission - Stadtarchiv Graz<\/title>\n<meta name=\"robots\" content=\"index, follow, max-snippet:-1, max-image-preview:large, max-video-preview:-1\" \/>\n<link rel=\"canonical\" href=\"https:\/\/www.grazmuseum.at\/stadtarchiv\/ueber-das-stadtarchiv-graz\/unser-auftrag\/\" \/>\n<meta property=\"og:locale\" content=\"de_DE\" \/>\n<meta property=\"og:type\" content=\"article\" \/>\n<meta property=\"og:title\" content=\"Our Mission - Stadtarchiv Graz\" \/>\n<meta property=\"og:description\" content=\"[et_pb_section bb_built=&#8220;1&#8243;][et_pb_row _builder_version=&#8220;3.0.106&#8243;][et_pb_column type=&#8220;4_4&#8243;][et_pb_text admin_label=&#8220;Header_Auftrag&#8220; _builder_version=&#8220;3.0.106&#8243; background_layout=&#8220;light&#8220;] Unser Auftrag [\/et_pb_text][\/et_pb_column][\/et_pb_row][et_pb_row _builder_version=&#8220;3.0.106&#8243; module_id=&#8220;leitbild&#8220;][et_pb_column type=&#8220;4_4&#8243;][et_pb_text admin_label=&#8220;Header_Leitbild&#8220; _builder_version=&#8220;3.0.106&#8243; background_layout=&#8220;light&#8220;] Leitbild [\/et_pb_text][et_pb_image _builder_version=&#8220;3.3.1&#8243; src=&#8220;https:\/\/www.grazmuseum.at\/stadtarchiv\/wp-content\/uploads\/sites\/2\/2018\/05\/Leitbild_Stadtplan_1878_1880_1404x780.jpg&#8220; \/][et_pb_text admin_label=&#8220;Text_unser_Leitbild&#8220; _builder_version=&#8220;3.0.106&#8243; background_layout=&#8220;light&#8220;] Das Stadtarchiv Graz ist seit 1. April 2014 Teil der Stadtmuseum Graz GmbH und bildet gemeinsam mit dem GrazMuseum das Zentrum f\u00fcr Stadt und Stadtgeschichte. Als historisches Archiv der Landeshauptstadt verwahrt [&hellip;]\" \/>\n<meta property=\"og:url\" content=\"https:\/\/www.grazmuseum.at\/stadtarchiv\/ueber-das-stadtarchiv-graz\/unser-auftrag\/\" \/>\n<meta property=\"og:site_name\" content=\"Stadtarchiv Graz\" \/>\n<meta property=\"article:modified_time\" content=\"2018-07-11T11:40:34+00:00\" \/>\n<meta name=\"twitter:card\" content=\"summary_large_image\" \/>\n<meta name=\"twitter:label1\" content=\"Gesch\u00e4tzte Lesezeit\" \/>\n\t<meta name=\"twitter:data1\" content=\"5\u00a0Minuten\" \/>\n<script type=\"application\/ld+json\" class=\"yoast-schema-graph\">{\"@context\":\"https:\/\/schema.org\",\"@graph\":[{\"@type\":\"WebPage\",\"@id\":\"https:\/\/www.grazmuseum.at\/stadtarchiv\/ueber-das-stadtarchiv-graz\/unser-auftrag\/\",\"url\":\"https:\/\/www.grazmuseum.at\/stadtarchiv\/ueber-das-stadtarchiv-graz\/unser-auftrag\/\",\"name\":\"Our Mission - Stadtarchiv Graz\",\"isPartOf\":{\"@id\":\"https:\/\/www.grazmuseum.at\/stadtarchiv\/#website\"},\"datePublished\":\"2018-05-09T19:54:58+00:00\",\"dateModified\":\"2018-07-11T11:40:34+00:00\",\"breadcrumb\":{\"@id\":\"https:\/\/www.grazmuseum.at\/stadtarchiv\/ueber-das-stadtarchiv-graz\/unser-auftrag\/#breadcrumb\"},\"inLanguage\":\"de\",\"potentialAction\":[{\"@type\":\"ReadAction\",\"target\":[\"https:\/\/www.grazmuseum.at\/stadtarchiv\/ueber-das-stadtarchiv-graz\/unser-auftrag\/\"]}]},{\"@type\":\"BreadcrumbList\",\"@id\":\"https:\/\/www.grazmuseum.at\/stadtarchiv\/ueber-das-stadtarchiv-graz\/unser-auftrag\/#breadcrumb\",\"itemListElement\":[{\"@type\":\"ListItem\",\"position\":1,\"name\":\"Home\",\"item\":\"https:\/\/www.grazmuseum.at\/stadtarchiv\/\"},{\"@type\":\"ListItem\",\"position\":2,\"name\":\"Municipal Archives Graz\",\"item\":\"https:\/\/www.grazmuseum.at\/stadtarchiv\/ueber-das-stadtarchiv-graz\/\"},{\"@type\":\"ListItem\",\"position\":3,\"name\":\"Our Mission\"}]},{\"@type\":\"WebSite\",\"@id\":\"https:\/\/www.grazmuseum.at\/stadtarchiv\/#website\",\"url\":\"https:\/\/www.grazmuseum.at\/stadtarchiv\/\",\"name\":\"Stadtarchiv Graz\",\"description\":\"\",\"potentialAction\":[{\"@type\":\"SearchAction\",\"target\":{\"@type\":\"EntryPoint\",\"urlTemplate\":\"https:\/\/www.grazmuseum.at\/stadtarchiv\/?s={search_term_string}\"},\"query-input\":{\"@type\":\"PropertyValueSpecification\",\"valueRequired\":true,\"valueName\":\"search_term_string\"}}],\"inLanguage\":\"de\"}]}<\/script>\n<!-- \/ Yoast SEO plugin. -->","yoast_head_json":{"title":"Our Mission - Stadtarchiv Graz","robots":{"index":"index","follow":"follow","max-snippet":"max-snippet:-1","max-image-preview":"max-image-preview:large","max-video-preview":"max-video-preview:-1"},"canonical":"https:\/\/www.grazmuseum.at\/stadtarchiv\/ueber-das-stadtarchiv-graz\/unser-auftrag\/","og_locale":"de_DE","og_type":"article","og_title":"Our Mission - Stadtarchiv Graz","og_description":"[et_pb_section bb_built=&#8220;1&#8243;][et_pb_row _builder_version=&#8220;3.0.106&#8243;][et_pb_column type=&#8220;4_4&#8243;][et_pb_text admin_label=&#8220;Header_Auftrag&#8220; _builder_version=&#8220;3.0.106&#8243; background_layout=&#8220;light&#8220;] Unser Auftrag [\/et_pb_text][\/et_pb_column][\/et_pb_row][et_pb_row _builder_version=&#8220;3.0.106&#8243; module_id=&#8220;leitbild&#8220;][et_pb_column type=&#8220;4_4&#8243;][et_pb_text admin_label=&#8220;Header_Leitbild&#8220; _builder_version=&#8220;3.0.106&#8243; background_layout=&#8220;light&#8220;] Leitbild [\/et_pb_text][et_pb_image _builder_version=&#8220;3.3.1&#8243; src=&#8220;https:\/\/www.grazmuseum.at\/stadtarchiv\/wp-content\/uploads\/sites\/2\/2018\/05\/Leitbild_Stadtplan_1878_1880_1404x780.jpg&#8220; \/][et_pb_text admin_label=&#8220;Text_unser_Leitbild&#8220; _builder_version=&#8220;3.0.106&#8243; background_layout=&#8220;light&#8220;] Das Stadtarchiv Graz ist seit 1. April 2014 Teil der Stadtmuseum Graz GmbH und bildet gemeinsam mit dem GrazMuseum das Zentrum f\u00fcr Stadt und Stadtgeschichte. Als historisches Archiv der Landeshauptstadt verwahrt [&hellip;]","og_url":"https:\/\/www.grazmuseum.at\/stadtarchiv\/ueber-das-stadtarchiv-graz\/unser-auftrag\/","og_site_name":"Stadtarchiv Graz","article_modified_time":"2018-07-11T11:40:34+00:00","twitter_card":"summary_large_image","twitter_misc":{"Gesch\u00e4tzte Lesezeit":"5\u00a0Minuten"},"schema":{"@context":"https:\/\/schema.org","@graph":[{"@type":"WebPage","@id":"https:\/\/www.grazmuseum.at\/stadtarchiv\/ueber-das-stadtarchiv-graz\/unser-auftrag\/","url":"https:\/\/www.grazmuseum.at\/stadtarchiv\/ueber-das-stadtarchiv-graz\/unser-auftrag\/","name":"Our Mission - Stadtarchiv Graz","isPartOf":{"@id":"https:\/\/www.grazmuseum.at\/stadtarchiv\/#website"},"datePublished":"2018-05-09T19:54:58+00:00","dateModified":"2018-07-11T11:40:34+00:00","breadcrumb":{"@id":"https:\/\/www.grazmuseum.at\/stadtarchiv\/ueber-das-stadtarchiv-graz\/unser-auftrag\/#breadcrumb"},"inLanguage":"de","potentialAction":[{"@type":"ReadAction","target":["https:\/\/www.grazmuseum.at\/stadtarchiv\/ueber-das-stadtarchiv-graz\/unser-auftrag\/"]}]},{"@type":"BreadcrumbList","@id":"https:\/\/www.grazmuseum.at\/stadtarchiv\/ueber-das-stadtarchiv-graz\/unser-auftrag\/#breadcrumb","itemListElement":[{"@type":"ListItem","position":1,"name":"Home","item":"https:\/\/www.grazmuseum.at\/stadtarchiv\/"},{"@type":"ListItem","position":2,"name":"Municipal Archives Graz","item":"https:\/\/www.grazmuseum.at\/stadtarchiv\/ueber-das-stadtarchiv-graz\/"},{"@type":"ListItem","position":3,"name":"Our Mission"}]},{"@type":"WebSite","@id":"https:\/\/www.grazmuseum.at\/stadtarchiv\/#website","url":"https:\/\/www.grazmuseum.at\/stadtarchiv\/","name":"Stadtarchiv Graz","description":"","potentialAction":[{"@type":"SearchAction","target":{"@type":"EntryPoint","urlTemplate":"https:\/\/www.grazmuseum.at\/stadtarchiv\/?s={search_term_string}"},"query-input":{"@type":"PropertyValueSpecification","valueRequired":true,"valueName":"search_term_string"}}],"inLanguage":"de"}]}},"_links":{"self":[{"href":"https:\/\/www.grazmuseum.at\/stadtarchiv\/wp-json\/wp\/v2\/pages\/1711","targetHints":{"allow":["GET"]}}],"collection":[{"href":"https:\/\/www.grazmuseum.at\/stadtarchiv\/wp-json\/wp\/v2\/pages"}],"about":[{"href":"https:\/\/www.grazmuseum.at\/stadtarchiv\/wp-json\/wp\/v2\/types\/page"}],"author":[{"embeddable":true,"href":"https:\/\/www.grazmuseum.at\/stadtarchiv\/wp-json\/wp\/v2\/users\/1"}],"replies":[{"embeddable":true,"href":"https:\/\/www.grazmuseum.at\/stadtarchiv\/wp-json\/wp\/v2\/comments?post=1711"}],"version-history":[{"count":3,"href":"https:\/\/www.grazmuseum.at\/stadtarchiv\/wp-json\/wp\/v2\/pages\/1711\/revisions"}],"predecessor-version":[{"id":1718,"href":"https:\/\/www.grazmuseum.at\/stadtarchiv\/wp-json\/wp\/v2\/pages\/1711\/revisions\/1718"}],"wp:attachment":[{"href":"https:\/\/www.grazmuseum.at\/stadtarchiv\/wp-json\/wp\/v2\/media?parent=1711"}],"curies":[{"name":"wp","href":"https:\/\/api.w.org\/{rel}","templated":true}]}}