{"id":2,"date":"2021-07-28T08:34:58","date_gmt":"2021-07-28T06:34:58","guid":{"rendered":"https:\/\/www.grazmuseum.at\/jungestadt\/?page_id=2"},"modified":"2026-04-10T08:22:33","modified_gmt":"2026-04-10T06:22:33","slug":"beispiel-seite","status":"publish","type":"page","link":"https:\/\/www.grazmuseum.at\/jungestadt\/","title":{"rendered":"Junge Stadt"},"content":{"rendered":"<p>[et_pb_section fb_built=&#8220;1&#8243; admin_label=&#8220;section&#8220; _builder_version=&#8220;4.9.1&#8243; background_image=&#8220;https:\/\/www.grazmuseum.at\/jungestadt\/wp-content\/uploads\/sites\/4\/2021\/07\/home-bg.jpg&#8220; background_position=&#8220;top_center&#8220; width=&#8220;100%&#8220; max_width=&#8220;100%&#8220; background_last_edited=&#8220;on|desktop&#8220; background_image_phone=&#8220;https:\/\/www.grazmuseum.at\/jungestadt\/wp-content\/uploads\/sites\/4\/2021\/07\/home-bg-mobile.jpg&#8220; background_enable_image_phone=&#8220;on&#8220;][et_pb_row custom_padding_last_edited=&#8220;on|phone&#8220; _builder_version=&#8220;4.9.1&#8243; _module_preset=&#8220;default&#8220; width=&#8220;100%&#8220; width_tablet=&#8220;100%&#8220; width_phone=&#8220;100%&#8220; width_last_edited=&#8220;on|desktop&#8220; max_width=&#8220;100%&#8220; custom_margin=&#8220;|30px||30px|false|false&#8220; custom_margin_tablet=&#8220;&#8220; custom_margin_phone=&#8220;|10px||10px|false|false&#8220; custom_margin_last_edited=&#8220;on|desktop&#8220; custom_padding=&#8220;175px|0px||0px|false|false&#8220; custom_padding_tablet=&#8220;&#8220; custom_padding_phone=&#8220;120px||||false|false&#8220;][et_pb_column type=&#8220;4_4&#8243; _builder_version=&#8220;4.5.7&#8243; _module_preset=&#8220;default&#8220;][et_pb_text module_class=&#8220;hero&#8220; _builder_version=&#8220;4.9.1&#8243; _module_preset=&#8220;default&#8220; text_text_color=&#8220;#FFFFFF&#8220; hover_enabled=&#8220;0&#8243; sticky_enabled=&#8220;0&#8243;]<\/p>\n<h1>Mitreden, Neues erfahren und spielen<\/h1>\n<p>Willkommen in der Jungen Stadt!<br \/>\nWas interessiert dich am meisten am Leben in Graz und seiner Geschichte? Das Mittelalter? Stra\u00dfenbahnen und Verkehr? Parks und Schwimmb\u00e4der? Erzherzogin Maria Anna oder der Rennfahrer Jochen Rindt?<br \/>\nIn unserer Jungen Stadt findest du neue Angebote wie Mini Games, Workshops, F\u00fchrungen und Arbeitsbl\u00e4tter &#8211; und viele bunte Blobs!<\/p>\n<p>[\/et_pb_text][et_pb_button _builder_version=&#8220;4.9.1&#8243; _module_preset=&#8220;default&#8220; button_text=&#8220;Online-Buchungsformular&#8220; button_url=&#8220;https:\/\/www.grazmuseum.at\/fuehrungen-und-workshops-fuer-schulen-einfach-buchen\/&#8220; hover_enabled=&#8220;0&#8243; sticky_enabled=&#8220;0&#8243;][\/et_pb_button][\/et_pb_column][\/et_pb_row][\/et_pb_section][et_pb_section fb_built=&#8220;1&#8243; _builder_version=&#8220;4.9.1&#8243; _module_preset=&#8220;default&#8220;][et_pb_row _builder_version=&#8220;4.9.1&#8243; _module_preset=&#8220;default&#8220; custom_padding=&#8220;50px||50px||false|false&#8220;][et_pb_column type=&#8220;4_4&#8243; _builder_version=&#8220;4.9.1&#8243; _module_preset=&#8220;default&#8220;][et_pb_code _builder_version=&#8220;4.9.1&#8243; _module_preset=&#8220;default&#8220;]<div class=\"jungestadt__home__grid\"><div class=\"jungestadt__home__grid__item\" style=\"background-image: url(https:\/\/www.grazmuseum.at\/jungestadt\/wp-content\/uploads\/sites\/4\/2021\/07\/link_fuehrungen_workshops.jpg);\"><h3>F\u00fchrungen & Workshops<\/h3><div class=\"show-more\"><a href=\"\/jungestadt\/event\/\">Mehr Info<\/a><\/div><\/div><div class=\"jungestadt__home__grid__item\" style=\"background-image: url(https:\/\/www.grazmuseum.at\/jungestadt\/wp-content\/uploads\/sites\/4\/2021\/07\/link_arbeitsblaetter.jpg);\"><h3>Arbeitsbl\u00e4tter<\/h3><div class=\"show-more\"><a href=\"https:\/\/www.grazmuseum.at\/jungestadt\/arbeitsblaetter\/\">Mehr Info<\/a><\/div><\/div><div class=\"jungestadt__home__grid__item\" style=\"background-image: url(https:\/\/www.grazmuseum.at\/jungestadt\/wp-content\/uploads\/sites\/4\/2021\/07\/link_mini_games.jpg);\"><h3>Mini Games<\/h3><div class=\"show-more\"><a href=\"https:\/\/www.grazmuseum.at\/jungestadt\/mini-games\/\">Mehr Info<\/a><\/div><\/div><div class=\"jungestadt__home__grid__item\" style=\"background-image: url(https:\/\/www.grazmuseum.at\/jungestadt\/wp-content\/uploads\/sites\/4\/2021\/07\/link_ausstellungen.jpg);\"><h3>Projekte mit Sch\u00fcler*innen<\/h3><div class=\"show-more\"><a href=\"https:\/\/www.grazmuseum.at\/jungestadt\/projekte\/\">Mehr Info<\/a><\/div><\/div><\/div>[\/et_pb_code][\/et_pb_column][\/et_pb_row][\/et_pb_section][et_pb_section fb_built=&#8220;1&#8243; _builder_version=&#8220;4.9.1&#8243; _module_preset=&#8220;default&#8220;][et_pb_row column_structure=&#8220;1_4,1_4,1_4,1_4&#8243; _builder_version=&#8220;4.9.1&#8243; _module_preset=&#8220;default&#8220;][et_pb_column type=&#8220;1_4&#8243; _builder_version=&#8220;4.9.1&#8243; _module_preset=&#8220;default&#8220;][et_pb_image src=&#8220;https:\/\/www.grazmuseum.at\/jungestadt\/wp-content\/uploads\/sites\/4\/2025\/06\/Cover_Schulfolder_VS.jpg&#8220; title_text=&#8220;Angebote Volksschulen&#8220; url=&#8220;https:\/\/www.grazmuseum.at\/jungestadt\/wp-content\/uploads\/sites\/4\/2025\/06\/GM_Folder_VOLKSSCHULEN_WEB.pdf&#8220; admin_label=&#8220;VS Folder&#8220; _builder_version=&#8220;4.9.1&#8243; _module_preset=&#8220;default&#8220;][\/et_pb_image][\/et_pb_column][et_pb_column type=&#8220;1_4&#8243; _builder_version=&#8220;4.9.1&#8243; _module_preset=&#8220;default&#8220;][et_pb_image src=&#8220;https:\/\/www.grazmuseum.at\/jungestadt\/wp-content\/uploads\/sites\/4\/2025\/06\/Cover_VS_25_26.jpg&#8220; title_text=&#8220;Specials Volksschulen&#8220; url=&#8220;https:\/\/www.grazmuseum.at\/jungestadt\/wp-content\/uploads\/sites\/4\/2025\/06\/GM_BeilageblattA5_VOLKSSCHUL-ANGEBOTE_2025-2026_WEB.pdf&#8220; _builder_version=&#8220;4.9.1&#8243; _module_preset=&#8220;default&#8220;][\/et_pb_image][\/et_pb_column][et_pb_column type=&#8220;1_4&#8243; _builder_version=&#8220;4.9.1&#8243; _module_preset=&#8220;default&#8220;][et_pb_image src=&#8220;https:\/\/www.grazmuseum.at\/jungestadt\/wp-content\/uploads\/sites\/4\/2025\/06\/Cover_Schulfolder_U_O.jpg&#8220; title_text=&#8220;Angebote Sek 1 &#038; 2&#8243; url=&#8220;https:\/\/www.grazmuseum.at\/jungestadt\/wp-content\/uploads\/sites\/4\/2025\/06\/GM_Folder_SCHULEN_UNTER-OBERSTUFEN_2024-2025_WEB.pdf&#8220; admin_label=&#8220;Sek Folder&#8220; _builder_version=&#8220;4.9.1&#8243; _module_preset=&#8220;default&#8220;][\/et_pb_image][\/et_pb_column][et_pb_column type=&#8220;1_4&#8243; _builder_version=&#8220;4.9.1&#8243; _module_preset=&#8220;default&#8220;][et_pb_image src=&#8220;https:\/\/www.grazmuseum.at\/jungestadt\/wp-content\/uploads\/sites\/4\/2025\/09\/Sek1u2_Flyer.jpg&#8220; title_text=&#8220;Specials Sek 1 &#038; 2&#8243; url=&#8220;https:\/\/www.grazmuseum.at\/jungestadt\/wp-content\/uploads\/sites\/4\/2025\/09\/Flyer_SCHULEN_UNTER-OBERSTUFEN_2025-2026_WEB.pdf&#8220; _builder_version=&#8220;4.9.1&#8243; _module_preset=&#8220;default&#8220;][\/et_pb_image][\/et_pb_column][\/et_pb_row][et_pb_row column_structure=&#8220;1_4,1_4,1_4,1_4&#8243; _builder_version=&#8220;4.9.1&#8243; _module_preset=&#8220;default&#8220;][et_pb_column type=&#8220;1_4&#8243; _builder_version=&#8220;4.9.1&#8243; _module_preset=&#8220;default&#8220;][et_pb_image src=&#8220;https:\/\/www.grazmuseum.at\/jungestadt\/wp-content\/uploads\/sites\/4\/2025\/09\/Kinderrechte_Flyer_2025.jpg&#8220; title_text=&#8220;Kinderrechte-Wochen 2025&#8243; url=&#8220;https:\/\/www.grazmuseum.at\/jungestadt\/wp-content\/uploads\/sites\/4\/2025\/09\/Flyer_KINDERRECHTE_2025_WEB.pdf&#8220; admin_label=&#8220;Kinderrechte&#8220; _builder_version=&#8220;4.9.1&#8243; _module_preset=&#8220;default&#8220;][\/et_pb_image][\/et_pb_column][et_pb_column type=&#8220;1_4&#8243; _builder_version=&#8220;4.9.1&#8243; _module_preset=&#8220;default&#8220;][et_pb_image src=&#8220;https:\/\/www.grazmuseum.at\/jungestadt\/wp-content\/uploads\/sites\/4\/2025\/11\/Glossarkarten_Cover.png&#8220; title_text=&#8220;Glossarkarten Demokratie, heast!&#8220; url=&#8220;https:\/\/www.grazmuseum.at\/jungestadt\/wp-content\/uploads\/sites\/4\/2025\/11\/Glossarkarten_Demokratie-heast_Graz-Museum.pdf&#8220; admin_label=&#8220;Glossarkarten&#8220; _builder_version=&#8220;4.9.1&#8243; _module_preset=&#8220;default&#8220;][\/et_pb_image][\/et_pb_column][et_pb_column type=&#8220;1_4&#8243; _builder_version=&#8220;4.9.1&#8243; _module_preset=&#8220;default&#8220;][\/et_pb_column][et_pb_column type=&#8220;1_4&#8243; _builder_version=&#8220;4.9.1&#8243; _module_preset=&#8220;default&#8220;][\/et_pb_column][\/et_pb_row][\/et_pb_section][et_pb_section fb_built=&#8220;1&#8243; _builder_version=&#8220;4.9.1&#8243; _module_preset=&#8220;default&#8220;][et_pb_row _builder_version=&#8220;4.9.1&#8243; _module_preset=&#8220;default&#8220;][et_pb_column type=&#8220;4_4&#8243; _builder_version=&#8220;4.9.1&#8243; _module_preset=&#8220;default&#8220;][et_pb_text _builder_version=&#8220;4.9.1&#8243; _module_preset=&#8220;default&#8220;]<\/p>\n<h3><strong>Gut zu wissen:<\/strong><\/h3>\n<p>F\u00fcr Kinder und Jugendliche bis 19 Jahre ist der Eintritt in das Graz Museum und das Graz Museum Schlossberg frei.<br \/>Pay as you wish f\u00fcr alle von 19 bis 26 Jahre.<br \/>F\u00fchrungen: 3 \u20ac<br \/>Workshop f\u00fcr Sch\u00fcler*innen im Klassenverband: 3 \u20ac<br \/>F\u00fcr Begleitpersonen ist der Eintritt frei.<br \/><strong>Anmeldung<\/strong> \u2013 je fr\u00fcher, desto besser!<br \/><a href=\"mailto:grazmuseum@stadt.graz.at\"><strong>grazmuseum@stadt.graz.at<\/strong><\/a> oder telefonisch unter <strong>0316 872 7600<\/strong><\/p>\n<p>&nbsp;<\/p>\n<p><strong>Absage von Buchungen:<\/strong><br \/>Sollte eine gebuchte F\u00fchrung oder ein Workshop nicht besucht werden k\u00f6nnen, kann die F\u00fchrung oder der Workshop bis zu zwei Werktage vor dem Termin gerne kostenfrei storniert werden. Wir bitten um Ihr Verst\u00e4ndnis, dass wir im Falle einer nicht zeitgerechten Absage eine Storno-Geb\u00fchr von 50% des F\u00fchrungs- oder Workshop-Tarifs f\u00fcr die angemeldete Personenzahl, mindestens jedoch 20 \u20ac verrechnen.<\/p>\n<p>[\/et_pb_text][\/et_pb_column][\/et_pb_row][\/et_pb_section][et_pb_section fb_built=&#8220;1&#8243; _builder_version=&#8220;4.9.1&#8243; _module_preset=&#8220;default&#8220;][et_pb_row _builder_version=&#8220;4.9.1&#8243; _module_preset=&#8220;default&#8220;][et_pb_column type=&#8220;4_4&#8243; _builder_version=&#8220;4.9.1&#8243; _module_preset=&#8220;default&#8220;][et_pb_video src=&#8220;https:\/\/youtu.be\/afJ0Qzv16OY&#8220; _builder_version=&#8220;4.9.1&#8243; _module_preset=&#8220;default&#8220;][\/et_pb_video][\/et_pb_column][\/et_pb_row][\/et_pb_section]<\/p>\n","protected":false},"excerpt":{"rendered":"[et_pb_section fb_built=&#8220;1&#8243; admin_label=&#8220;section&#8220; _builder_version=&#8220;4.9.1&#8243; background_image=&#8220;https:\/\/www.grazmuseum.at\/jungestadt\/wp-content\/uploads\/sites\/4\/2021\/07\/home-bg.jpg&#8220; background_position=&#8220;top_center&#8220; width=&#8220;100%&#8220; max_width=&#8220;100%&#8220; background_last_edited=&#8220;on|desktop&#8220; background_image_phone=&#8220;https:\/\/www.grazmuseum.at\/jungestadt\/wp-content\/uploads\/sites\/4\/2021\/07\/home-bg-mobile.jpg&#8220; background_enable_image_phone=&#8220;on&#8220;][et_pb_row custom_padding_last_edited=&#8220;on|phone&#8220; _builder_version=&#8220;4.9.1&#8243; _module_preset=&#8220;default&#8220; width=&#8220;100%&#8220; width_tablet=&#8220;100%&#8220; width_phone=&#8220;100%&#8220; width_last_edited=&#8220;on|desktop&#8220; max_width=&#8220;100%&#8220; custom_margin=&#8220;|30px||30px|false|false&#8220; custom_margin_tablet=&#8220;&#8220; custom_margin_phone=&#8220;|10px||10px|false|false&#8220; custom_margin_last_edited=&#8220;on|desktop&#8220; custom_padding=&#8220;175px|0px||0px|false|false&#8220; custom_padding_tablet=&#8220;&#8220; custom_padding_phone=&#8220;120px||||false|false&#8220;][et_pb_column type=&#8220;4_4&#8243; _builder_version=&#8220;4.5.7&#8243; _module_preset=&#8220;default&#8220;][et_pb_text module_class=&#8220;hero&#8220; _builder_version=&#8220;4.9.1&#8243; _module_preset=&#8220;default&#8220; text_text_color=&#8220;#FFFFFF&#8220; hover_enabled=&#8220;0&#8243; sticky_enabled=&#8220;0&#8243;] Mitreden, Neues erfahren und spielen Willkommen in der Jungen Stadt! Was interessiert dich am meisten am Leben in Graz und&#8230; <a class=\"view-article\" href=\"https:\/\/www.grazmuseum.at\/jungestadt\/\">Artikel ansehen<\/a>","protected":false},"author":1,"featured_media":271,"parent":0,"menu_order":0,"comment_status":"closed","ping_status":"open","template":"template-jungestadt-home.php","meta":{"_acf_changed":false,"_et_pb_use_builder":"on","_et_pb_old_content":"<!-- wp:paragraph -->\r\n<p>Dies ist eine Beispiel-Seite. Sie unterscheidet sich von Beitr\u00e4gen, da sie stets an derselben Stelle bleibt und (bei den meisten Themes) in der Website-Navigation angezeigt wird. Die meisten starten mit einem Impressum, der Datenschutzerkl\u00e4rung oder einer \u201e\u00dcber\u00a0uns\u201c-Seite, um sich potenziellen Besuchern der Website vorzustellen. Dort k\u00f6nnte zum Beispiel stehen:<\/p>\r\n<!-- \/wp:paragraph -->\r\n\r\n<!-- wp:quote -->\r\n<blockquote class=\"wp-block-quote\"><p>Hallo! Tags\u00fcber arbeite ich als Fahrradkurier, nachts bin ich ein aufstrebender Schauspieler und dies hier ist meine Website. Ich lebe in Berlin, habe einen gro\u00dfen Hund namens Jack, mag Pi\u00f1a Coladas, jedoch weniger (ohne Schirm) im Regen stehen gelassen zu werden.<\/p><\/blockquote>\r\n<!-- \/wp:quote -->\r\n\r\n<!-- wp:paragraph -->\r\n<p>...oder so etwas wie das hier:<\/p>\r\n<!-- \/wp:paragraph -->\r\n\r\n<!-- wp:quote -->\r\n<blockquote class=\"wp-block-quote\"><p>Das Unternehmen XYZ wurde 1971 gegr\u00fcndet und versorgt die \u00d6ffentlichkeit seither mit qualitativ hochwertigen Produkten. An seinem Standort in einer kleinen Gro\u00dfstadt besch\u00e4ftigt der Betrieb \u00fcber 2.000 Menschen und unterst\u00fctzt die Stadtbewohner in vielfacher Hinsicht.<\/p><\/blockquote>\r\n<!-- \/wp:quote -->\r\n\r\n<!-- wp:paragraph -->\r\n<p>Als neuer WordPress-Benutzer solltest du <a href=\"https:\/\/www.grazmuseum.at\/jungestadt\/wp-admin\/\">dein Dashboard<\/a> aufrufen, um diese Seite zu l\u00f6schen und neue Seiten und Beitr\u00e4ge f\u00fcr deine Website erstellen. Viel Spa\u00df!<\/p>\r\n<!-- \/wp:paragraph -->","_et_gb_content_width":"","footnotes":""},"class_list":["post-2","page","type-page","status-publish","has-post-thumbnail","hentry"],"acf":[],"yoast_head":"<!-- This site is optimized with the Yoast SEO plugin v26.5 - https:\/\/yoast.com\/wordpress\/plugins\/seo\/ -->\n<title>Junge Stadt | Graz Museum<\/title>\n<meta name=\"robots\" content=\"index, follow, max-snippet:-1, max-image-preview:large, max-video-preview:-1\" \/>\n<link rel=\"canonical\" href=\"https:\/\/www.grazmuseum.at\/jungestadt\/\" \/>\n<meta property=\"og:locale\" content=\"de_DE\" \/>\n<meta property=\"og:type\" content=\"article\" \/>\n<meta property=\"og:title\" content=\"Junge Stadt | Graz Museum\" \/>\n<meta property=\"og:description\" content=\"[et_pb_section fb_built=&#8220;1&#8243; admin_label=&#8220;section&#8220; _builder_version=&#8220;4.9.1&#8243; background_image=&#8220;https:\/\/www.grazmuseum.at\/jungestadt\/wp-content\/uploads\/sites\/4\/2021\/07\/home-bg.jpg&#8220; background_position=&#8220;top_center&#8220; width=&#8220;100%&#8220; max_width=&#8220;100%&#8220; background_last_edited=&#8220;on|desktop&#8220; background_image_phone=&#8220;https:\/\/www.grazmuseum.at\/jungestadt\/wp-content\/uploads\/sites\/4\/2021\/07\/home-bg-mobile.jpg&#8220; background_enable_image_phone=&#8220;on&#8220;][et_pb_row custom_padding_last_edited=&#8220;on|phone&#8220; _builder_version=&#8220;4.9.1&#8243; _module_preset=&#8220;default&#8220; width=&#8220;100%&#8220; width_tablet=&#8220;100%&#8220; width_phone=&#8220;100%&#8220; width_last_edited=&#8220;on|desktop&#8220; max_width=&#8220;100%&#8220; custom_margin=&#8220;|30px||30px|false|false&#8220; custom_margin_tablet=&#8220;&#8220; custom_margin_phone=&#8220;|10px||10px|false|false&#8220; custom_margin_last_edited=&#8220;on|desktop&#8220; custom_padding=&#8220;175px|0px||0px|false|false&#8220; custom_padding_tablet=&#8220;&#8220; custom_padding_phone=&#8220;120px||||false|false&#8220;][et_pb_column type=&#8220;4_4&#8243; _builder_version=&#8220;4.5.7&#8243; _module_preset=&#8220;default&#8220;][et_pb_text module_class=&#8220;hero&#8220; _builder_version=&#8220;4.9.1&#8243; _module_preset=&#8220;default&#8220; text_text_color=&#8220;#FFFFFF&#8220; hover_enabled=&#8220;0&#8243; sticky_enabled=&#8220;0&#8243;] Mitreden, Neues erfahren und spielen Willkommen in der Jungen Stadt! Was interessiert dich am meisten am Leben in Graz und... Artikel ansehen\" \/>\n<meta property=\"og:url\" content=\"https:\/\/www.grazmuseum.at\/jungestadt\/\" \/>\n<meta property=\"og:site_name\" content=\"Junge Stadt, GrazMuseum\" \/>\n<meta property=\"article:modified_time\" content=\"2026-04-10T06:22:33+00:00\" \/>\n<meta property=\"og:image\" content=\"https:\/\/www.grazmuseum.at\/jungestadt\/wp-content\/uploads\/sites\/4\/2021\/11\/GM-JS-1404x780px.jpg\" \/>\n\t<meta property=\"og:image:width\" content=\"1404\" \/>\n\t<meta property=\"og:image:height\" content=\"780\" \/>\n\t<meta property=\"og:image:type\" content=\"image\/jpeg\" \/>\n<meta name=\"twitter:card\" content=\"summary_large_image\" \/>\n<meta name=\"twitter:label1\" content=\"Gesch\u00e4tzte Lesezeit\" \/>\n\t<meta name=\"twitter:data1\" content=\"3\u00a0Minuten\" \/>\n<script type=\"application\/ld+json\" class=\"yoast-schema-graph\">{\"@context\":\"https:\/\/schema.org\",\"@graph\":[{\"@type\":\"WebPage\",\"@id\":\"https:\/\/www.grazmuseum.at\/jungestadt\/\",\"url\":\"https:\/\/www.grazmuseum.at\/jungestadt\/\",\"name\":\"Junge Stadt | Graz Museum\",\"isPartOf\":{\"@id\":\"https:\/\/www.grazmuseum.at\/jungestadt\/#website\"},\"primaryImageOfPage\":{\"@id\":\"https:\/\/www.grazmuseum.at\/jungestadt\/#primaryimage\"},\"image\":{\"@id\":\"https:\/\/www.grazmuseum.at\/jungestadt\/#primaryimage\"},\"thumbnailUrl\":\"https:\/\/www.grazmuseum.at\/jungestadt\/wp-content\/uploads\/sites\/4\/2021\/11\/GM-JS-1404x780px.jpg\",\"datePublished\":\"2021-07-28T06:34:58+00:00\",\"dateModified\":\"2026-04-10T06:22:33+00:00\",\"breadcrumb\":{\"@id\":\"https:\/\/www.grazmuseum.at\/jungestadt\/#breadcrumb\"},\"inLanguage\":\"de\",\"potentialAction\":[{\"@type\":\"ReadAction\",\"target\":[\"https:\/\/www.grazmuseum.at\/jungestadt\/\"]}]},{\"@type\":\"ImageObject\",\"inLanguage\":\"de\",\"@id\":\"https:\/\/www.grazmuseum.at\/jungestadt\/#primaryimage\",\"url\":\"https:\/\/www.grazmuseum.at\/jungestadt\/wp-content\/uploads\/sites\/4\/2021\/11\/GM-JS-1404x780px.jpg\",\"contentUrl\":\"https:\/\/www.grazmuseum.at\/jungestadt\/wp-content\/uploads\/sites\/4\/2021\/11\/GM-JS-1404x780px.jpg\",\"width\":1404,\"height\":780},{\"@type\":\"BreadcrumbList\",\"@id\":\"https:\/\/www.grazmuseum.at\/jungestadt\/#breadcrumb\",\"itemListElement\":[{\"@type\":\"ListItem\",\"position\":1,\"name\":\"Startseite\",\"item\":\"https:\/\/www.grazmuseum.at\/jungestadt\/\"},{\"@type\":\"ListItem\",\"position\":2,\"name\":\"Junge Stadt\"}]},{\"@type\":\"WebSite\",\"@id\":\"https:\/\/www.grazmuseum.at\/jungestadt\/#website\",\"url\":\"https:\/\/www.grazmuseum.at\/jungestadt\/\",\"name\":\"Junge Stadt, GrazMuseum\",\"description\":\"\",\"potentialAction\":[{\"@type\":\"SearchAction\",\"target\":{\"@type\":\"EntryPoint\",\"urlTemplate\":\"https:\/\/www.grazmuseum.at\/jungestadt\/?s={search_term_string}\"},\"query-input\":{\"@type\":\"PropertyValueSpecification\",\"valueRequired\":true,\"valueName\":\"search_term_string\"}}],\"inLanguage\":\"de\"}]}<\/script>\n<!-- \/ Yoast SEO plugin. -->","yoast_head_json":{"title":"Junge Stadt | Graz Museum","robots":{"index":"index","follow":"follow","max-snippet":"max-snippet:-1","max-image-preview":"max-image-preview:large","max-video-preview":"max-video-preview:-1"},"canonical":"https:\/\/www.grazmuseum.at\/jungestadt\/","og_locale":"de_DE","og_type":"article","og_title":"Junge Stadt | Graz Museum","og_description":"[et_pb_section fb_built=&#8220;1&#8243; admin_label=&#8220;section&#8220; _builder_version=&#8220;4.9.1&#8243; background_image=&#8220;https:\/\/www.grazmuseum.at\/jungestadt\/wp-content\/uploads\/sites\/4\/2021\/07\/home-bg.jpg&#8220; background_position=&#8220;top_center&#8220; width=&#8220;100%&#8220; max_width=&#8220;100%&#8220; background_last_edited=&#8220;on|desktop&#8220; background_image_phone=&#8220;https:\/\/www.grazmuseum.at\/jungestadt\/wp-content\/uploads\/sites\/4\/2021\/07\/home-bg-mobile.jpg&#8220; background_enable_image_phone=&#8220;on&#8220;][et_pb_row custom_padding_last_edited=&#8220;on|phone&#8220; _builder_version=&#8220;4.9.1&#8243; _module_preset=&#8220;default&#8220; width=&#8220;100%&#8220; width_tablet=&#8220;100%&#8220; width_phone=&#8220;100%&#8220; width_last_edited=&#8220;on|desktop&#8220; max_width=&#8220;100%&#8220; custom_margin=&#8220;|30px||30px|false|false&#8220; custom_margin_tablet=&#8220;&#8220; custom_margin_phone=&#8220;|10px||10px|false|false&#8220; custom_margin_last_edited=&#8220;on|desktop&#8220; custom_padding=&#8220;175px|0px||0px|false|false&#8220; custom_padding_tablet=&#8220;&#8220; custom_padding_phone=&#8220;120px||||false|false&#8220;][et_pb_column type=&#8220;4_4&#8243; _builder_version=&#8220;4.5.7&#8243; _module_preset=&#8220;default&#8220;][et_pb_text module_class=&#8220;hero&#8220; _builder_version=&#8220;4.9.1&#8243; _module_preset=&#8220;default&#8220; text_text_color=&#8220;#FFFFFF&#8220; hover_enabled=&#8220;0&#8243; sticky_enabled=&#8220;0&#8243;] Mitreden, Neues erfahren und spielen Willkommen in der Jungen Stadt! Was interessiert dich am meisten am Leben in Graz und... Artikel ansehen","og_url":"https:\/\/www.grazmuseum.at\/jungestadt\/","og_site_name":"Junge Stadt, GrazMuseum","article_modified_time":"2026-04-10T06:22:33+00:00","og_image":[{"width":1404,"height":780,"url":"https:\/\/www.grazmuseum.at\/jungestadt\/wp-content\/uploads\/sites\/4\/2021\/11\/GM-JS-1404x780px.jpg","type":"image\/jpeg"}],"twitter_card":"summary_large_image","twitter_misc":{"Gesch\u00e4tzte Lesezeit":"3\u00a0Minuten"},"schema":{"@context":"https:\/\/schema.org","@graph":[{"@type":"WebPage","@id":"https:\/\/www.grazmuseum.at\/jungestadt\/","url":"https:\/\/www.grazmuseum.at\/jungestadt\/","name":"Junge Stadt | Graz Museum","isPartOf":{"@id":"https:\/\/www.grazmuseum.at\/jungestadt\/#website"},"primaryImageOfPage":{"@id":"https:\/\/www.grazmuseum.at\/jungestadt\/#primaryimage"},"image":{"@id":"https:\/\/www.grazmuseum.at\/jungestadt\/#primaryimage"},"thumbnailUrl":"https:\/\/www.grazmuseum.at\/jungestadt\/wp-content\/uploads\/sites\/4\/2021\/11\/GM-JS-1404x780px.jpg","datePublished":"2021-07-28T06:34:58+00:00","dateModified":"2026-04-10T06:22:33+00:00","breadcrumb":{"@id":"https:\/\/www.grazmuseum.at\/jungestadt\/#breadcrumb"},"inLanguage":"de","potentialAction":[{"@type":"ReadAction","target":["https:\/\/www.grazmuseum.at\/jungestadt\/"]}]},{"@type":"ImageObject","inLanguage":"de","@id":"https:\/\/www.grazmuseum.at\/jungestadt\/#primaryimage","url":"https:\/\/www.grazmuseum.at\/jungestadt\/wp-content\/uploads\/sites\/4\/2021\/11\/GM-JS-1404x780px.jpg","contentUrl":"https:\/\/www.grazmuseum.at\/jungestadt\/wp-content\/uploads\/sites\/4\/2021\/11\/GM-JS-1404x780px.jpg","width":1404,"height":780},{"@type":"BreadcrumbList","@id":"https:\/\/www.grazmuseum.at\/jungestadt\/#breadcrumb","itemListElement":[{"@type":"ListItem","position":1,"name":"Startseite","item":"https:\/\/www.grazmuseum.at\/jungestadt\/"},{"@type":"ListItem","position":2,"name":"Junge Stadt"}]},{"@type":"WebSite","@id":"https:\/\/www.grazmuseum.at\/jungestadt\/#website","url":"https:\/\/www.grazmuseum.at\/jungestadt\/","name":"Junge Stadt, GrazMuseum","description":"","potentialAction":[{"@type":"SearchAction","target":{"@type":"EntryPoint","urlTemplate":"https:\/\/www.grazmuseum.at\/jungestadt\/?s={search_term_string}"},"query-input":{"@type":"PropertyValueSpecification","valueRequired":true,"valueName":"search_term_string"}}],"inLanguage":"de"}]}},"_links":{"self":[{"href":"https:\/\/www.grazmuseum.at\/jungestadt\/wp-json\/wp\/v2\/pages\/2","targetHints":{"allow":["GET"]}}],"collection":[{"href":"https:\/\/www.grazmuseum.at\/jungestadt\/wp-json\/wp\/v2\/pages"}],"about":[{"href":"https:\/\/www.grazmuseum.at\/jungestadt\/wp-json\/wp\/v2\/types\/page"}],"author":[{"embeddable":true,"href":"https:\/\/www.grazmuseum.at\/jungestadt\/wp-json\/wp\/v2\/users\/1"}],"replies":[{"embeddable":true,"href":"https:\/\/www.grazmuseum.at\/jungestadt\/wp-json\/wp\/v2\/comments?post=2"}],"version-history":[{"count":38,"href":"https:\/\/www.grazmuseum.at\/jungestadt\/wp-json\/wp\/v2\/pages\/2\/revisions"}],"predecessor-version":[{"id":787,"href":"https:\/\/www.grazmuseum.at\/jungestadt\/wp-json\/wp\/v2\/pages\/2\/revisions\/787"}],"wp:featuredmedia":[{"embeddable":true,"href":"https:\/\/www.grazmuseum.at\/jungestadt\/wp-json\/wp\/v2\/media\/271"}],"wp:attachment":[{"href":"https:\/\/www.grazmuseum.at\/jungestadt\/wp-json\/wp\/v2\/media?parent=2"}],"curies":[{"name":"wp","href":"https:\/\/api.w.org\/{rel}","templated":true}]}}