{"id":38,"date":"2021-03-11T19:45:07","date_gmt":"2021-03-11T18:45:07","guid":{"rendered":"https:\/\/www.grazmuseum.at\/datenfeld\/?page_id=38"},"modified":"2021-07-27T11:25:42","modified_gmt":"2021-07-27T09:25:42","slug":"arbeit-entwerfen","status":"publish","type":"page","link":"https:\/\/www.grazmuseum.at\/datenfeld\/festivalausstellung\/arbeit-entwerfen\/","title":{"rendered":"Arbeit entwerfen"},"content":{"rendered":"<p>[et_pb_section fb_built=&#8221;1&#8243; admin_label=&#8221;section&#8221; _builder_version=&#8221;4.5.7&#8243; _module_preset=&#8221;dff90082-23a0-44da-841e-078266a3ff08&#8243;][et_pb_row _builder_version=&#8221;4.5.7&#8243; _module_preset=&#8221;804e101c-d2b3-4796-9cb8-55dc1a682d02&#8243;][et_pb_column type=&#8221;4_4&#8243; _builder_version=&#8221;4.5.7&#8243; _module_preset=&#8221;default&#8221;][et_pb_text admin_label=&#8221;Header_Arbeit entwerfen&#8221; _builder_version=&#8221;4.5.7&#8243; _module_preset=&#8221;default&#8221;]<\/p>\n<h1>Arbeit entwerfen<\/h1>\n<p>[\/et_pb_text][et_pb_text admin_label=&#8221;Frage_Arbeit entwerfen&#8221; _builder_version=&#8221;4.5.7&#8243; _module_preset=&#8221;default&#8221;]<\/p>\n<h2>Willst du oder musst du arbeiten?<\/h2>\n<p>[\/et_pb_text][et_pb_text _builder_version=&#8221;4.5.7&#8243; _module_preset=&#8221;default&#8221;]<\/p>\n<p>Roboter arbeiten auf Feldern und in K\u00fcchen, in Kraftwerken, Bergwerken, Werkst\u00e4tten und Fabriken. Sie arbeiten in Schulen, Spit\u00e4lern und Altersheimen. Autonome Verkehrsmittel bewegen sich auf der Erde, im Wasser und in der Luft. Maschinen lieben und t\u00f6ten f\u00fcr uns \u2013 in Bordellen und auf den Schlachtfeldern unserer Kriege.<br \/>\nK\u00fcnstliche Intelligenzen schreiben Computerprogramme, Zeitungsartikel und Gedichte, komponieren Musik, empfehlen die Vergabe von Bankkrediten und dir, was du damit kaufen sollst. Sie kaufen und verkaufen Aktien an den B\u00f6rsen, jagen Verbrecher*innen, verfassen Verteidigungsreden f\u00fcr Gerichtsprozesse und empfehlen das Ausma\u00df von Bestrafungen.<\/p>\n<p>Und das ist erst der Anfang.<\/p>\n<p>Die industrielle Revolution der Datenfelder, die du erlebst, scheint den alten Traum der Menschheit wahr zu machen: uns von den M\u00fchen der Arbeit zu befreien. Sie schenkt uns mehr Zeit f\u00fcreinander und f\u00fcr unsere Kreativit\u00e4t.<\/p>\n<p>Macht dich das nicht froh?<\/p>\n<p>[\/et_pb_text][\/et_pb_column][\/et_pb_row][et_pb_row column_structure=&#8221;1_3,2_3&#8243; module_class=&#8221;raum10 read-more&#8221; _builder_version=&#8221;4.5.7&#8243; _module_preset=&#8221;f0363faf-ba98-4eb9-947a-eb96b5e37552&#8243;][et_pb_column type=&#8221;1_3&#8243; _builder_version=&#8221;4.5.7&#8243; _module_preset=&#8221;default&#8221;][et_pb_text admin_label=&#8221;Infobox_ Industrielle Revolution&#8221; _builder_version=&#8221;4.5.7&#8243; _module_preset=&#8221;default&#8221;]<\/p>\n<h2>Industrielle Revolutionen \u2013 Vier gewinnt?<\/h2>\n<p>[\/et_pb_text][\/et_pb_column][et_pb_column type=&#8221;2_3&#8243; _builder_version=&#8221;4.5.7&#8243; _module_preset=&#8221;default&#8221;][et_pb_text _builder_version=&#8221;4.5.7&#8243; _module_preset=&#8221;default&#8221;]<\/p>\n<p>Es ist zur Gewohnheit geworden, Menschheitsgeschichte(n) in Etappen zu zerteilen, um deren gro\u00dfe Erz\u00e4hlungen in verdaubaren H\u00e4ppchen zu pr\u00e4sentieren. Keine Aufz\u00e4hlung gro\u00dfer Wendepunkte kommt ohne die neolithische Revolution aus. Sesshaftwerdung, Ackerbau und Viehzucht, Kornspeicher, religi\u00f6se Kultst\u00e4tten, Mauern und Arbeitsteilung \u2013 gegen\u00fcber den J\u00e4ger*innen und Sammler*innen hat sich viel ver\u00e4ndert. Kurz: Die ersten Vorformen heutiger St\u00e4dte entstehen. <\/p>\n<p>[\/et_pb_text][et_pb_text _builder_version=&#8221;4.5.7&#8243; _module_preset=&#8221;default&#8221;]<\/p>\n<p>Doch es gibt nicht die eine neolithische Revolution und erst recht nicht als global getaktete synchrone Umw\u00e4lzung. W\u00e4hrend im Zweistromland die ersten Kulturen in majest\u00e4tischen St\u00e4dten bl\u00fchten, waren andere Kulturen noch in stetiger Bewegung. So verh\u00e4lt es sich auch mit der industriellen Revolution. Sie ist zum pr\u00e4genden Bestandteil menschlichen Lebens auf allen Kontinenten geworden, jedoch ohne eine einzige synchrone und kultur\u00fcbergreifende Erscheinungsform. Aktuell drehen sich gro\u00dfe Erz\u00e4hlungen um die industrielle Revolution 4.0. Wie das?<\/p>\n<p>Auf der Hannover Messe 2011 erblickte der Begriff Industrie 4.0 das Licht der \u00d6ffentlichkeit. Es gibt also auch noch deutschsprachige Wortsch\u00f6pfungen in der anglophonen Digitalisierungsm\u00fchle. Industrie 1.0 bildet demnach die erste Etappe, in der sich Arbeitswelten ab ca. 1800 massenhaft durch den Einsatz von Dampfmaschinen ver\u00e4ndert haben. Die n\u00e4chste Etappe ist um 1900 mit elektrisch betriebenen Kraftmaschinen erreicht (Industrie 2.0). Automatisierung auf Grundlage digitaler Computer ver\u00e4ndert Produktionsprozesse, Berufsbilder und Arbeitsleben seit den 1970er-Jahren. Industrie 3.0 schlie\u00dft Fertigungsroboter oder CNC-Fr\u00e4sen ein. Schlussendlich ist die Phase 4.0 mit der dezentralen Vernetzung von Teilsystemen erreicht. Stand Industrie 3.0 f\u00fcr die Digitalisierung der Fertigung, so geht es bei Industrie 4.0 um die Integration aller Systemkomponenten in einer umfassenden Summe einzelner Einheit. Logistik und Fertigung, Warenbeschaffung und Auslieferung, aber auch Forschung und Entwicklung \u2013 in all diesen Bereichen werden Datenstr\u00f6me zu einem einzigen Datenfeld verdichtet. Doch was passiert, wenn sich jemand da hineinhackt? Dann ist nicht mehr nur eine Maschine betroffen, sondern gleich ein ganzes Unternehmen. Muss es immer gleich 4.0 sein, oder reichen nicht auch bedachte Zwischenstufen, sozusagen 3.2 oder gar nur 2.4? Zuletzt: Warum sprechen wir \u00fcberhaupt von einer industriellen Revolution, wo es doch eigentlich blo\u00df eine konsequente Weiterentwicklung der neolithischen Revolution in nunmehr smarten St\u00e4dten ist?<\/p>\n<p>[\/et_pb_text][\/et_pb_column][\/et_pb_row][\/et_pb_section][et_pb_section fb_built=&#8221;1&#8243; _builder_version=&#8221;4.9.1&#8243; _module_preset=&#8221;default&#8221;][et_pb_row _builder_version=&#8221;4.9.1&#8243; _module_preset=&#8221;default&#8221;][et_pb_column _builder_version=&#8221;4.9.1&#8243; _module_preset=&#8221;default&#8221; type=&#8221;4_4&#8243;][et_pb_video _builder_version=&#8221;4.9.1&#8243; _module_preset=&#8221;default&#8221; src=&#8221;https:\/\/youtu.be\/0wHHQrb_Sp4&#8243; hover_enabled=&#8221;0&#8243; sticky_enabled=&#8221;0&#8243;][\/et_pb_video][\/et_pb_column][\/et_pb_row][\/et_pb_section]<\/p>\n","protected":false},"excerpt":{"rendered":"[et_pb_section fb_built=&#8221;1&#8243; admin_label=&#8221;section&#8221; _builder_version=&#8221;4.5.7&#8243; _module_preset=&#8221;dff90082-23a0-44da-841e-078266a3ff08&#8243;][et_pb_row _builder_version=&#8221;4.5.7&#8243; _module_preset=&#8221;804e101c-d2b3-4796-9cb8-55dc1a682d02&#8243;][et_pb_column type=&#8221;4_4&#8243; _builder_version=&#8221;4.5.7&#8243; _module_preset=&#8221;default&#8221;][et_pb_text admin_label=&#8221;Header_Arbeit entwerfen&#8221; _builder_version=&#8221;4.5.7&#8243; _module_preset=&#8221;default&#8221;] Arbeit entwerfen [\/et_pb_text][et_pb_text admin_label=&#8221;Frage_Arbeit entwerfen&#8221; _builder_version=&#8221;4.5.7&#8243; _module_preset=&#8221;default&#8221;] Willst du oder musst du arbeiten? [\/et_pb_text][et_pb_text _builder_version=&#8221;4.5.7&#8243; _module_preset=&#8221;default&#8221;] Roboter arbeiten auf Feldern und in K\u00fcchen, in Kraftwerken, Bergwerken, Werkst\u00e4tten und Fabriken. Sie arbeiten in Schulen, Spit\u00e4lern und Altersheimen. Autonome Verkehrsmittel bewegen sich auf&#8230; <a class=\"view-article\" href=\"https:\/\/www.grazmuseum.at\/datenfeld\/festivalausstellung\/arbeit-entwerfen\/\">View Article<\/a>","protected":false},"author":1,"featured_media":0,"parent":2,"menu_order":0,"comment_status":"closed","ping_status":"closed","template":"template-datenfeld-subpage-light.php","meta":{"_acf_changed":false,"_et_pb_use_builder":"on","_et_pb_old_content":"","_et_gb_content_width":"","footnotes":""},"class_list":["post-38","page","type-page","status-publish","hentry"],"acf":[],"yoast_head":"<!-- This site is optimized with the Yoast SEO plugin v26.5 - https:\/\/yoast.com\/wordpress\/plugins\/seo\/ -->\n<title>Arbeit entwerfen - Datenfeld Festival | GrazMuseum<\/title>\n<meta name=\"robots\" content=\"index, follow, max-snippet:-1, max-image-preview:large, max-video-preview:-1\" \/>\n<link rel=\"canonical\" href=\"https:\/\/www.grazmuseum.at\/datenfeld\/festivalausstellung\/arbeit-entwerfen\/\" \/>\n<meta property=\"og:locale\" content=\"en_US\" \/>\n<meta property=\"og:type\" content=\"article\" \/>\n<meta property=\"og:title\" content=\"Arbeit entwerfen - Datenfeld Festival | GrazMuseum\" \/>\n<meta property=\"og:description\" content=\"[et_pb_section fb_built=&#8221;1&#8243; admin_label=&#8221;section&#8221; _builder_version=&#8221;4.5.7&#8243; _module_preset=&#8221;dff90082-23a0-44da-841e-078266a3ff08&#8243;][et_pb_row _builder_version=&#8221;4.5.7&#8243; _module_preset=&#8221;804e101c-d2b3-4796-9cb8-55dc1a682d02&#8243;][et_pb_column type=&#8221;4_4&#8243; _builder_version=&#8221;4.5.7&#8243; _module_preset=&#8221;default&#8221;][et_pb_text admin_label=&#8221;Header_Arbeit entwerfen&#8221; _builder_version=&#8221;4.5.7&#8243; _module_preset=&#8221;default&#8221;] Arbeit entwerfen [\/et_pb_text][et_pb_text admin_label=&#8221;Frage_Arbeit entwerfen&#8221; _builder_version=&#8221;4.5.7&#8243; _module_preset=&#8221;default&#8221;] Willst du oder musst du arbeiten? [\/et_pb_text][et_pb_text _builder_version=&#8221;4.5.7&#8243; _module_preset=&#8221;default&#8221;] Roboter arbeiten auf Feldern und in K\u00fcchen, in Kraftwerken, Bergwerken, Werkst\u00e4tten und Fabriken. Sie arbeiten in Schulen, Spit\u00e4lern und Altersheimen. Autonome Verkehrsmittel bewegen sich auf... View Article\" \/>\n<meta property=\"og:url\" content=\"https:\/\/www.grazmuseum.at\/datenfeld\/festivalausstellung\/arbeit-entwerfen\/\" \/>\n<meta property=\"og:site_name\" content=\"Datenfeld Festival | GrazMuseum\" \/>\n<meta property=\"article:modified_time\" content=\"2021-07-27T09:25:42+00:00\" \/>\n<meta name=\"twitter:card\" content=\"summary_large_image\" \/>\n<meta name=\"twitter:label1\" content=\"Est. reading time\" \/>\n\t<meta name=\"twitter:data1\" content=\"4 minutes\" \/>\n<script type=\"application\/ld+json\" class=\"yoast-schema-graph\">{\"@context\":\"https:\/\/schema.org\",\"@graph\":[{\"@type\":\"WebPage\",\"@id\":\"https:\/\/www.grazmuseum.at\/datenfeld\/festivalausstellung\/arbeit-entwerfen\/\",\"url\":\"https:\/\/www.grazmuseum.at\/datenfeld\/festivalausstellung\/arbeit-entwerfen\/\",\"name\":\"Arbeit entwerfen - Datenfeld Festival | GrazMuseum\",\"isPartOf\":{\"@id\":\"https:\/\/www.grazmuseum.at\/datenfeld\/#website\"},\"datePublished\":\"2021-03-11T18:45:07+00:00\",\"dateModified\":\"2021-07-27T09:25:42+00:00\",\"breadcrumb\":{\"@id\":\"https:\/\/www.grazmuseum.at\/datenfeld\/festivalausstellung\/arbeit-entwerfen\/#breadcrumb\"},\"inLanguage\":\"en-US\",\"potentialAction\":[{\"@type\":\"ReadAction\",\"target\":[\"https:\/\/www.grazmuseum.at\/datenfeld\/festivalausstellung\/arbeit-entwerfen\/\"]}]},{\"@type\":\"BreadcrumbList\",\"@id\":\"https:\/\/www.grazmuseum.at\/datenfeld\/festivalausstellung\/arbeit-entwerfen\/#breadcrumb\",\"itemListElement\":[{\"@type\":\"ListItem\",\"position\":1,\"name\":\"Startseite\",\"item\":\"https:\/\/www.grazmuseum.at\/datenfeld\/\"},{\"@type\":\"ListItem\",\"position\":2,\"name\":\"Festivalausstellung\",\"item\":\"https:\/\/www.grazmuseum.at\/datenfeld\/\"},{\"@type\":\"ListItem\",\"position\":3,\"name\":\"Arbeit entwerfen\"}]},{\"@type\":\"WebSite\",\"@id\":\"https:\/\/www.grazmuseum.at\/datenfeld\/#website\",\"url\":\"https:\/\/www.grazmuseum.at\/datenfeld\/\",\"name\":\"Datenfeld Festival | GrazMuseum\",\"description\":\"\",\"potentialAction\":[{\"@type\":\"SearchAction\",\"target\":{\"@type\":\"EntryPoint\",\"urlTemplate\":\"https:\/\/www.grazmuseum.at\/datenfeld\/?s={search_term_string}\"},\"query-input\":{\"@type\":\"PropertyValueSpecification\",\"valueRequired\":true,\"valueName\":\"search_term_string\"}}],\"inLanguage\":\"en-US\"}]}<\/script>\n<!-- \/ Yoast SEO plugin. -->","yoast_head_json":{"title":"Arbeit entwerfen - Datenfeld Festival | GrazMuseum","robots":{"index":"index","follow":"follow","max-snippet":"max-snippet:-1","max-image-preview":"max-image-preview:large","max-video-preview":"max-video-preview:-1"},"canonical":"https:\/\/www.grazmuseum.at\/datenfeld\/festivalausstellung\/arbeit-entwerfen\/","og_locale":"en_US","og_type":"article","og_title":"Arbeit entwerfen - Datenfeld Festival | GrazMuseum","og_description":"[et_pb_section fb_built=&#8221;1&#8243; admin_label=&#8221;section&#8221; _builder_version=&#8221;4.5.7&#8243; _module_preset=&#8221;dff90082-23a0-44da-841e-078266a3ff08&#8243;][et_pb_row _builder_version=&#8221;4.5.7&#8243; _module_preset=&#8221;804e101c-d2b3-4796-9cb8-55dc1a682d02&#8243;][et_pb_column type=&#8221;4_4&#8243; _builder_version=&#8221;4.5.7&#8243; _module_preset=&#8221;default&#8221;][et_pb_text admin_label=&#8221;Header_Arbeit entwerfen&#8221; _builder_version=&#8221;4.5.7&#8243; _module_preset=&#8221;default&#8221;] Arbeit entwerfen [\/et_pb_text][et_pb_text admin_label=&#8221;Frage_Arbeit entwerfen&#8221; _builder_version=&#8221;4.5.7&#8243; _module_preset=&#8221;default&#8221;] Willst du oder musst du arbeiten? [\/et_pb_text][et_pb_text _builder_version=&#8221;4.5.7&#8243; _module_preset=&#8221;default&#8221;] Roboter arbeiten auf Feldern und in K\u00fcchen, in Kraftwerken, Bergwerken, Werkst\u00e4tten und Fabriken. Sie arbeiten in Schulen, Spit\u00e4lern und Altersheimen. Autonome Verkehrsmittel bewegen sich auf... View Article","og_url":"https:\/\/www.grazmuseum.at\/datenfeld\/festivalausstellung\/arbeit-entwerfen\/","og_site_name":"Datenfeld Festival | GrazMuseum","article_modified_time":"2021-07-27T09:25:42+00:00","twitter_card":"summary_large_image","twitter_misc":{"Est. reading time":"4 minutes"},"schema":{"@context":"https:\/\/schema.org","@graph":[{"@type":"WebPage","@id":"https:\/\/www.grazmuseum.at\/datenfeld\/festivalausstellung\/arbeit-entwerfen\/","url":"https:\/\/www.grazmuseum.at\/datenfeld\/festivalausstellung\/arbeit-entwerfen\/","name":"Arbeit entwerfen - Datenfeld Festival | GrazMuseum","isPartOf":{"@id":"https:\/\/www.grazmuseum.at\/datenfeld\/#website"},"datePublished":"2021-03-11T18:45:07+00:00","dateModified":"2021-07-27T09:25:42+00:00","breadcrumb":{"@id":"https:\/\/www.grazmuseum.at\/datenfeld\/festivalausstellung\/arbeit-entwerfen\/#breadcrumb"},"inLanguage":"en-US","potentialAction":[{"@type":"ReadAction","target":["https:\/\/www.grazmuseum.at\/datenfeld\/festivalausstellung\/arbeit-entwerfen\/"]}]},{"@type":"BreadcrumbList","@id":"https:\/\/www.grazmuseum.at\/datenfeld\/festivalausstellung\/arbeit-entwerfen\/#breadcrumb","itemListElement":[{"@type":"ListItem","position":1,"name":"Startseite","item":"https:\/\/www.grazmuseum.at\/datenfeld\/"},{"@type":"ListItem","position":2,"name":"Festivalausstellung","item":"https:\/\/www.grazmuseum.at\/datenfeld\/"},{"@type":"ListItem","position":3,"name":"Arbeit entwerfen"}]},{"@type":"WebSite","@id":"https:\/\/www.grazmuseum.at\/datenfeld\/#website","url":"https:\/\/www.grazmuseum.at\/datenfeld\/","name":"Datenfeld Festival | GrazMuseum","description":"","potentialAction":[{"@type":"SearchAction","target":{"@type":"EntryPoint","urlTemplate":"https:\/\/www.grazmuseum.at\/datenfeld\/?s={search_term_string}"},"query-input":{"@type":"PropertyValueSpecification","valueRequired":true,"valueName":"search_term_string"}}],"inLanguage":"en-US"}]}},"_links":{"self":[{"href":"https:\/\/www.grazmuseum.at\/datenfeld\/wp-json\/wp\/v2\/pages\/38","targetHints":{"allow":["GET"]}}],"collection":[{"href":"https:\/\/www.grazmuseum.at\/datenfeld\/wp-json\/wp\/v2\/pages"}],"about":[{"href":"https:\/\/www.grazmuseum.at\/datenfeld\/wp-json\/wp\/v2\/types\/page"}],"author":[{"embeddable":true,"href":"https:\/\/www.grazmuseum.at\/datenfeld\/wp-json\/wp\/v2\/users\/1"}],"replies":[{"embeddable":true,"href":"https:\/\/www.grazmuseum.at\/datenfeld\/wp-json\/wp\/v2\/comments?post=38"}],"version-history":[{"count":25,"href":"https:\/\/www.grazmuseum.at\/datenfeld\/wp-json\/wp\/v2\/pages\/38\/revisions"}],"predecessor-version":[{"id":652,"href":"https:\/\/www.grazmuseum.at\/datenfeld\/wp-json\/wp\/v2\/pages\/38\/revisions\/652"}],"up":[{"embeddable":true,"href":"https:\/\/www.grazmuseum.at\/datenfeld\/wp-json\/wp\/v2\/pages\/2"}],"wp:attachment":[{"href":"https:\/\/www.grazmuseum.at\/datenfeld\/wp-json\/wp\/v2\/media?parent=38"}],"curies":[{"name":"wp","href":"https:\/\/api.w.org\/{rel}","templated":true}]}}