{"id":36,"date":"2021-03-11T19:44:51","date_gmt":"2021-03-11T18:44:51","guid":{"rendered":"https:\/\/www.grazmuseum.at\/datenfeld\/?page_id=36"},"modified":"2021-07-27T11:23:13","modified_gmt":"2021-07-27T09:23:13","slug":"koerper-entwerfen","status":"publish","type":"page","link":"https:\/\/www.grazmuseum.at\/datenfeld\/festivalausstellung\/koerper-entwerfen\/","title":{"rendered":"K\u00f6rper entwerfen"},"content":{"rendered":"<p>[et_pb_section fb_built=&#8221;1&#8243; _builder_version=&#8221;4.5.7&#8243; _module_preset=&#8221;default&#8221;][et_pb_row _builder_version=&#8221;4.5.7&#8243; _module_preset=&#8221;default&#8221;][et_pb_column type=&#8221;4_4&#8243; _builder_version=&#8221;4.5.7&#8243; _module_preset=&#8221;default&#8221;][et_pb_text admin_label=&#8221;Header_K\u00f6rper entwerfen&#8221; _builder_version=&#8221;4.5.7&#8243; _module_preset=&#8221;default&#8221;]<\/p>\n<h1>K\u00f6rper entwerfen<\/h1>\n<p>[\/et_pb_text][et_pb_text admin_label=&#8221;Frage_K\u00f6rper entwerfen&#8221; _builder_version=&#8221;4.5.7&#8243; _module_preset=&#8221;default&#8221;]<\/p>\n<div class=\"page\" title=\"Page 4\">\n<div class=\"layoutArea\">\n<div class=\"column\">\n<h2>Welcher K\u00f6rper willst du sein? Ein K\u00f6rper, der sch\u00f6n ist, schwerelos oder unsterblich?<\/h2>\n<\/div>\n<\/div>\n<\/div>\n<p>[\/et_pb_text][et_pb_text _builder_version=&#8221;4.5.7&#8243; _module_preset=&#8221;default&#8221;]<\/p>\n<p>Mit deinem K\u00f6rper stehst du im Leben. Im Tanz mit seiner Umgebung entsteht deine Welt, und du ver\u00e4nderst sie. Der Ort deines Geists ist nicht nur dein Gehirn.<br \/>Manchmal scheint der K\u00f6rper nicht genug. Fliegen wie Ikarus kann er von selber nicht. Oder sich warm halten in der K\u00e4lte. Und jung aussehen, wenn er zu schnell alt geworden ist, auch nicht.<br \/>F\u00fcr das Tempo der Zukunft scheint dein K\u00f6rper zu langsam zu sein und dein Geist mit ihm. Computer verdoppeln ihre Geschwindigkeit alle zwei Jahre, Menschen nicht.<\/p>\n<p>Wer mit dem Datenfeld tanzen will, verbessert und umgeht den K\u00f6rper. So werden wir zum Produkt der Daten.<\/p>\n<p>Die Technik, die wir entwerfen, sagt, das soll so sein. Und du? Erhebst du Einspruch? Oder wirst du dich an den Datenstrom anschlie\u00dfen und ein T\u00e4nzchen wagen?<\/p>\n<p>[\/et_pb_text][\/et_pb_column][\/et_pb_row][et_pb_row column_structure=&#8221;1_3,2_3&#8243; module_class=&#8221;raum9 read-more&#8221; _builder_version=&#8221;4.5.7&#8243; _module_preset=&#8221;f0363faf-ba98-4eb9-947a-eb96b5e37552&#8243;][et_pb_column type=&#8221;1_3&#8243; _builder_version=&#8221;4.5.7&#8243; _module_preset=&#8221;default&#8221;][et_pb_text admin_label=&#8221;Infobox: Prothesen und Enhancement&#8221; _builder_version=&#8221;4.5.7&#8243; _module_preset=&#8221;default&#8221;]<\/p>\n<h2>Prothesen und Enhancement<\/h2>\n<h3>Vom gro\u00dfen Zeh zum Cyborg<\/h3>\n<p>[\/et_pb_text][\/et_pb_column][et_pb_column type=&#8221;2_3&#8243; _builder_version=&#8221;4.5.7&#8243; _module_preset=&#8221;default&#8221;][et_pb_text _builder_version=&#8221;4.5.7&#8243; _module_preset=&#8221;default&#8221;]<\/p>\n<p>\u201eI\u2019ll be back!\u201c Ein \u00f6sterreichischer Muskelprotz leiht seinen K\u00f6rper der cineastischen Illusion ultimativer Killermaschinen. In den Terminator-Filmen wird das gruselige Metallskelett durch einen \u00dcberzug aus organischem Fleisch und menschlicher Haut zum \u201eCyborg\u201c. Und das auch nur, um die \u00fcberlebenden Menschen unerkannt infiltrieren zu k\u00f6nnen. Doch wer es mit dem Begriff des \u201eCyborg\u201c im wahren Leben genau nimmt, wird einen Terminator wohl eher als einen Androiden bezeichnen, also als eine oberfl\u00e4chlich mit Menschen verwechselbare Maschine. <\/p>\n<p>[\/et_pb_text][et_pb_text _builder_version=&#8221;4.5.7&#8243; _module_preset=&#8221;default&#8221;]<\/p>\n<p>Der Begriff \u201eCyborg\u201c wurde von Norbert Wiener gepr\u00e4gt und bezeichnet kybernetische Mischwesen. Organische Lebensformen werden durch informationsverarbeitende Technologien erg\u00e4nzt. Zukunftsmusik? Nein! Ein Herzschrittmacher kann in diesem Sinne als Cyborg-Technik verstanden werden. Auch RFID-Chips unter der Haut, die wie eine implantierte Bankomat-Karte das Bezahlen erleichtern sollen, geh\u00f6ren dazu. In den vergangenen Jahren ist um die technologische Erweiterung des menschlichen K\u00f6rpers eine Bodyhacker-Szene entstanden. Das Hacken des eigenen Organismus artet zuweilen in einen regelrechten Wettkampf aus. Cyborg-Techniken werden zum Lifestyle-Vergn\u00fcgen enthusiastischer Transhumanisten.<\/p>\n<p>Medizinische Prothesen gibt es seit Jahrtausenden. F\u00fcr Aufsehen Sorgte der Fund des technischen Ersatzst\u00fccks eines gro\u00dfen Zehs bei einer \u00e4gyptischen Mumie. Die Fu\u00dfprothese stammt aus dem ersten Jahrtausend v. u. Z. Heutige Prothesen sind in das digitale Stadium eingetreten. Sie stehen nicht mehr nur f\u00fcr mechanische Kompensation, sondern bilden kybernetische Regelkreise im Zusammenspiel mit menschlichen Muskeln und Nervenbahnen. Prothesen 4.0 verarbeiten Informationen und k\u00f6nnen sich aktiv selbst bewegen, sie sind Computer und kleine Roboter, also Cyborg-Technologien im Dienste der Medizin. Mit ihnen vollzieht sich ein Wandel von der Therapie zum Enhancement. Ging es den vergangenen Jahrhunderten um die Kompensation k\u00f6rperlicher Sch\u00e4den und den Versuch, so gut wie irgend m\u00f6glich wieder an einen gesunden K\u00f6rper heranreichen zu k\u00f6nnen, wird heute die \u00dcberwindung organischer Grenzen m\u00f6glich. Zumindest in einigen speziellen Bereichen, wie beim Sprinten mit Beinprothesen, sind Menschen mit Cyborg-Technologien konkurrenzf\u00e4hig oder sogar \u00fcberlegen. Doch die Flexibilit\u00e4t und Vielf\u00e4ltigkeit des gesunden Leibes scheint unerreicht \u2013 vorerst. Wie viele Ausfahrten urbaner Datenautobahnen sollten in unsere K\u00f6rper f\u00fchren? Werden wir selbst zu Plug-and-Play-Geh\u00e4usen, die sich modular upgraden lassen und zur Kolonialisierung durch IT-Dienstleister aufrufen?<\/p>\n<p>[\/et_pb_text][\/et_pb_column][\/et_pb_row][et_pb_row column_structure=&#8221;1_3,2_3&#8243; _builder_version=&#8221;4.5.7&#8243; _module_preset=&#8221;f0363faf-ba98-4eb9-947a-eb96b5e37552&#8243;][et_pb_column type=&#8221;1_3&#8243; _builder_version=&#8221;4.5.7&#8243; _module_preset=&#8221;default&#8221;][et_pb_text admin_label=&#8221;Doing Nothing with AI 2.0&#8243; _builder_version=&#8221;4.5.7&#8243; _module_preset=&#8221;default&#8221;]<\/p>\n<h2>Doing Nothing with AI 2.0<\/h2>\n<p>[\/et_pb_text][\/et_pb_column][et_pb_column type=&#8221;2_3&#8243; _builder_version=&#8221;4.5.7&#8243; _module_preset=&#8221;default&#8221;][et_pb_text _builder_version=&#8221;4.5.7&#8243; _module_preset=&#8221;default&#8221;]<\/p>\n<p>\u201eDoing Nothing with AI 2.0\u201c ist ein interaktives Kunstwerk, das die Besucher*innen zu einem Dialog \u00fcber eine Gehirn-Maschinen-Schnittstelle einl\u00e4dt. Per Elektroenzephalographie (EEG)* wird der Erregungszustand des Gehirns gemessen. Mit Ver\u00e4nderungen des Klanges, der Projektion und des Robotertanzes versucht die Installation nun, das Gehirn zu beruhigen. Generatives maschinelles Lernen (GAN) optimiert laufend diese Reaktionen, bis ein Zustand der Mu\u00dfe und des \u201eNichts-Tuns\u201c erreicht wird. <\/p>\n<p>[\/et_pb_text][et_pb_image src=&#8221;https:\/\/www.grazmuseum.at\/datenfeld\/wp-content\/uploads\/sites\/3\/2021\/03\/raggam_photography_R5A6738-scaled.jpg&#8221; title_text=&#8221;raggam_photography_R5A6738&#8243; _builder_version=&#8221;4.5.7&#8243; _module_preset=&#8221;default&#8221;][\/et_pb_image][et_pb_text admin_label=&#8221;Credits&#8221; _builder_version=&#8221;4.5.7&#8243; _module_preset=&#8221;default&#8221;]<\/p>\n<p>Konzept, Design &#038; Recherche: Emanuel Gollob<br \/>\nRecherche: Magdalena May<br \/>\nKlang: Veronika Mayer<br \/>\nProjektion Conny Zenz<\/p>\n<p>[\/et_pb_text][\/et_pb_column][\/et_pb_row][\/et_pb_section][et_pb_section fb_built=&#8221;1&#8243; _builder_version=&#8221;4.9.1&#8243; _module_preset=&#8221;default&#8221;][et_pb_row _builder_version=&#8221;4.9.1&#8243; _module_preset=&#8221;default&#8221;][et_pb_column _builder_version=&#8221;4.9.1&#8243; _module_preset=&#8221;default&#8221; type=&#8221;4_4&#8243;][et_pb_video _builder_version=&#8221;4.9.1&#8243; _module_preset=&#8221;default&#8221; src=&#8221;https:\/\/youtu.be\/LG3SeLAcmi0&#8243; hover_enabled=&#8221;0&#8243; sticky_enabled=&#8221;0&#8243;][\/et_pb_video][\/et_pb_column][\/et_pb_row][\/et_pb_section]<\/p>\n","protected":false},"excerpt":{"rendered":"[et_pb_section fb_built=&#8221;1&#8243; _builder_version=&#8221;4.5.7&#8243; _module_preset=&#8221;default&#8221;][et_pb_row _builder_version=&#8221;4.5.7&#8243; _module_preset=&#8221;default&#8221;][et_pb_column type=&#8221;4_4&#8243; _builder_version=&#8221;4.5.7&#8243; _module_preset=&#8221;default&#8221;][et_pb_text admin_label=&#8221;Header_K\u00f6rper entwerfen&#8221; _builder_version=&#8221;4.5.7&#8243; _module_preset=&#8221;default&#8221;] K\u00f6rper entwerfen [\/et_pb_text][et_pb_text admin_label=&#8221;Frage_K\u00f6rper entwerfen&#8221; _builder_version=&#8221;4.5.7&#8243; _module_preset=&#8221;default&#8221;] Welcher K\u00f6rper willst du sein? Ein K\u00f6rper, der sch\u00f6n ist, schwerelos oder unsterblich? [\/et_pb_text][et_pb_text _builder_version=&#8221;4.5.7&#8243; _module_preset=&#8221;default&#8221;] Mit deinem K\u00f6rper stehst du im Leben. Im Tanz mit seiner Umgebung entsteht deine Welt, und du ver\u00e4nderst sie&#8230;. <a class=\"view-article\" href=\"https:\/\/www.grazmuseum.at\/datenfeld\/festivalausstellung\/koerper-entwerfen\/\">View Article<\/a>","protected":false},"author":1,"featured_media":0,"parent":2,"menu_order":0,"comment_status":"closed","ping_status":"closed","template":"template-datenfeld-subpage-dark.php","meta":{"_acf_changed":false,"_et_pb_use_builder":"on","_et_pb_old_content":"","_et_gb_content_width":"","footnotes":""},"class_list":["post-36","page","type-page","status-publish","hentry"],"acf":[],"yoast_head":"<!-- This site is optimized with the Yoast SEO plugin v26.5 - https:\/\/yoast.com\/wordpress\/plugins\/seo\/ -->\n<title>K\u00f6rper entwerfen - Datenfeld Festival | GrazMuseum<\/title>\n<meta name=\"robots\" content=\"index, follow, max-snippet:-1, max-image-preview:large, max-video-preview:-1\" \/>\n<link rel=\"canonical\" href=\"https:\/\/www.grazmuseum.at\/datenfeld\/festivalausstellung\/koerper-entwerfen\/\" \/>\n<meta property=\"og:locale\" content=\"en_US\" \/>\n<meta property=\"og:type\" content=\"article\" \/>\n<meta property=\"og:title\" content=\"K\u00f6rper entwerfen - Datenfeld Festival | GrazMuseum\" \/>\n<meta property=\"og:description\" content=\"[et_pb_section fb_built=&#8221;1&#8243; _builder_version=&#8221;4.5.7&#8243; _module_preset=&#8221;default&#8221;][et_pb_row _builder_version=&#8221;4.5.7&#8243; _module_preset=&#8221;default&#8221;][et_pb_column type=&#8221;4_4&#8243; _builder_version=&#8221;4.5.7&#8243; _module_preset=&#8221;default&#8221;][et_pb_text admin_label=&#8221;Header_K\u00f6rper entwerfen&#8221; _builder_version=&#8221;4.5.7&#8243; _module_preset=&#8221;default&#8221;] K\u00f6rper entwerfen [\/et_pb_text][et_pb_text admin_label=&#8221;Frage_K\u00f6rper entwerfen&#8221; _builder_version=&#8221;4.5.7&#8243; _module_preset=&#8221;default&#8221;] Welcher K\u00f6rper willst du sein? Ein K\u00f6rper, der sch\u00f6n ist, schwerelos oder unsterblich? [\/et_pb_text][et_pb_text _builder_version=&#8221;4.5.7&#8243; _module_preset=&#8221;default&#8221;] Mit deinem K\u00f6rper stehst du im Leben. Im Tanz mit seiner Umgebung entsteht deine Welt, und du ver\u00e4nderst sie.... View Article\" \/>\n<meta property=\"og:url\" content=\"https:\/\/www.grazmuseum.at\/datenfeld\/festivalausstellung\/koerper-entwerfen\/\" \/>\n<meta property=\"og:site_name\" content=\"Datenfeld Festival | GrazMuseum\" \/>\n<meta property=\"article:modified_time\" content=\"2021-07-27T09:23:13+00:00\" \/>\n<meta name=\"twitter:card\" content=\"summary_large_image\" \/>\n<meta name=\"twitter:label1\" content=\"Est. reading time\" \/>\n\t<meta name=\"twitter:data1\" content=\"5 minutes\" \/>\n<script type=\"application\/ld+json\" class=\"yoast-schema-graph\">{\"@context\":\"https:\/\/schema.org\",\"@graph\":[{\"@type\":\"WebPage\",\"@id\":\"https:\/\/www.grazmuseum.at\/datenfeld\/festivalausstellung\/koerper-entwerfen\/\",\"url\":\"https:\/\/www.grazmuseum.at\/datenfeld\/festivalausstellung\/koerper-entwerfen\/\",\"name\":\"K\u00f6rper entwerfen - Datenfeld Festival | GrazMuseum\",\"isPartOf\":{\"@id\":\"https:\/\/www.grazmuseum.at\/datenfeld\/#website\"},\"datePublished\":\"2021-03-11T18:44:51+00:00\",\"dateModified\":\"2021-07-27T09:23:13+00:00\",\"breadcrumb\":{\"@id\":\"https:\/\/www.grazmuseum.at\/datenfeld\/festivalausstellung\/koerper-entwerfen\/#breadcrumb\"},\"inLanguage\":\"en-US\",\"potentialAction\":[{\"@type\":\"ReadAction\",\"target\":[\"https:\/\/www.grazmuseum.at\/datenfeld\/festivalausstellung\/koerper-entwerfen\/\"]}]},{\"@type\":\"BreadcrumbList\",\"@id\":\"https:\/\/www.grazmuseum.at\/datenfeld\/festivalausstellung\/koerper-entwerfen\/#breadcrumb\",\"itemListElement\":[{\"@type\":\"ListItem\",\"position\":1,\"name\":\"Startseite\",\"item\":\"https:\/\/www.grazmuseum.at\/datenfeld\/\"},{\"@type\":\"ListItem\",\"position\":2,\"name\":\"Festivalausstellung\",\"item\":\"https:\/\/www.grazmuseum.at\/datenfeld\/\"},{\"@type\":\"ListItem\",\"position\":3,\"name\":\"K\u00f6rper entwerfen\"}]},{\"@type\":\"WebSite\",\"@id\":\"https:\/\/www.grazmuseum.at\/datenfeld\/#website\",\"url\":\"https:\/\/www.grazmuseum.at\/datenfeld\/\",\"name\":\"Datenfeld Festival | GrazMuseum\",\"description\":\"\",\"potentialAction\":[{\"@type\":\"SearchAction\",\"target\":{\"@type\":\"EntryPoint\",\"urlTemplate\":\"https:\/\/www.grazmuseum.at\/datenfeld\/?s={search_term_string}\"},\"query-input\":{\"@type\":\"PropertyValueSpecification\",\"valueRequired\":true,\"valueName\":\"search_term_string\"}}],\"inLanguage\":\"en-US\"}]}<\/script>\n<!-- \/ Yoast SEO plugin. -->","yoast_head_json":{"title":"K\u00f6rper entwerfen - Datenfeld Festival | GrazMuseum","robots":{"index":"index","follow":"follow","max-snippet":"max-snippet:-1","max-image-preview":"max-image-preview:large","max-video-preview":"max-video-preview:-1"},"canonical":"https:\/\/www.grazmuseum.at\/datenfeld\/festivalausstellung\/koerper-entwerfen\/","og_locale":"en_US","og_type":"article","og_title":"K\u00f6rper entwerfen - Datenfeld Festival | GrazMuseum","og_description":"[et_pb_section fb_built=&#8221;1&#8243; _builder_version=&#8221;4.5.7&#8243; _module_preset=&#8221;default&#8221;][et_pb_row _builder_version=&#8221;4.5.7&#8243; _module_preset=&#8221;default&#8221;][et_pb_column type=&#8221;4_4&#8243; _builder_version=&#8221;4.5.7&#8243; _module_preset=&#8221;default&#8221;][et_pb_text admin_label=&#8221;Header_K\u00f6rper entwerfen&#8221; _builder_version=&#8221;4.5.7&#8243; _module_preset=&#8221;default&#8221;] K\u00f6rper entwerfen [\/et_pb_text][et_pb_text admin_label=&#8221;Frage_K\u00f6rper entwerfen&#8221; _builder_version=&#8221;4.5.7&#8243; _module_preset=&#8221;default&#8221;] Welcher K\u00f6rper willst du sein? Ein K\u00f6rper, der sch\u00f6n ist, schwerelos oder unsterblich? [\/et_pb_text][et_pb_text _builder_version=&#8221;4.5.7&#8243; _module_preset=&#8221;default&#8221;] Mit deinem K\u00f6rper stehst du im Leben. Im Tanz mit seiner Umgebung entsteht deine Welt, und du ver\u00e4nderst sie.... View Article","og_url":"https:\/\/www.grazmuseum.at\/datenfeld\/festivalausstellung\/koerper-entwerfen\/","og_site_name":"Datenfeld Festival | GrazMuseum","article_modified_time":"2021-07-27T09:23:13+00:00","twitter_card":"summary_large_image","twitter_misc":{"Est. reading time":"5 minutes"},"schema":{"@context":"https:\/\/schema.org","@graph":[{"@type":"WebPage","@id":"https:\/\/www.grazmuseum.at\/datenfeld\/festivalausstellung\/koerper-entwerfen\/","url":"https:\/\/www.grazmuseum.at\/datenfeld\/festivalausstellung\/koerper-entwerfen\/","name":"K\u00f6rper entwerfen - Datenfeld Festival | GrazMuseum","isPartOf":{"@id":"https:\/\/www.grazmuseum.at\/datenfeld\/#website"},"datePublished":"2021-03-11T18:44:51+00:00","dateModified":"2021-07-27T09:23:13+00:00","breadcrumb":{"@id":"https:\/\/www.grazmuseum.at\/datenfeld\/festivalausstellung\/koerper-entwerfen\/#breadcrumb"},"inLanguage":"en-US","potentialAction":[{"@type":"ReadAction","target":["https:\/\/www.grazmuseum.at\/datenfeld\/festivalausstellung\/koerper-entwerfen\/"]}]},{"@type":"BreadcrumbList","@id":"https:\/\/www.grazmuseum.at\/datenfeld\/festivalausstellung\/koerper-entwerfen\/#breadcrumb","itemListElement":[{"@type":"ListItem","position":1,"name":"Startseite","item":"https:\/\/www.grazmuseum.at\/datenfeld\/"},{"@type":"ListItem","position":2,"name":"Festivalausstellung","item":"https:\/\/www.grazmuseum.at\/datenfeld\/"},{"@type":"ListItem","position":3,"name":"K\u00f6rper entwerfen"}]},{"@type":"WebSite","@id":"https:\/\/www.grazmuseum.at\/datenfeld\/#website","url":"https:\/\/www.grazmuseum.at\/datenfeld\/","name":"Datenfeld Festival | GrazMuseum","description":"","potentialAction":[{"@type":"SearchAction","target":{"@type":"EntryPoint","urlTemplate":"https:\/\/www.grazmuseum.at\/datenfeld\/?s={search_term_string}"},"query-input":{"@type":"PropertyValueSpecification","valueRequired":true,"valueName":"search_term_string"}}],"inLanguage":"en-US"}]}},"_links":{"self":[{"href":"https:\/\/www.grazmuseum.at\/datenfeld\/wp-json\/wp\/v2\/pages\/36","targetHints":{"allow":["GET"]}}],"collection":[{"href":"https:\/\/www.grazmuseum.at\/datenfeld\/wp-json\/wp\/v2\/pages"}],"about":[{"href":"https:\/\/www.grazmuseum.at\/datenfeld\/wp-json\/wp\/v2\/types\/page"}],"author":[{"embeddable":true,"href":"https:\/\/www.grazmuseum.at\/datenfeld\/wp-json\/wp\/v2\/users\/1"}],"replies":[{"embeddable":true,"href":"https:\/\/www.grazmuseum.at\/datenfeld\/wp-json\/wp\/v2\/comments?post=36"}],"version-history":[{"count":16,"href":"https:\/\/www.grazmuseum.at\/datenfeld\/wp-json\/wp\/v2\/pages\/36\/revisions"}],"predecessor-version":[{"id":651,"href":"https:\/\/www.grazmuseum.at\/datenfeld\/wp-json\/wp\/v2\/pages\/36\/revisions\/651"}],"up":[{"embeddable":true,"href":"https:\/\/www.grazmuseum.at\/datenfeld\/wp-json\/wp\/v2\/pages\/2"}],"wp:attachment":[{"href":"https:\/\/www.grazmuseum.at\/datenfeld\/wp-json\/wp\/v2\/media?parent=36"}],"curies":[{"name":"wp","href":"https:\/\/api.w.org\/{rel}","templated":true}]}}