{"id":34,"date":"2021-03-11T19:44:39","date_gmt":"2021-03-11T18:44:39","guid":{"rendered":"https:\/\/www.grazmuseum.at\/datenfeld\/?page_id=34"},"modified":"2021-07-27T11:19:02","modified_gmt":"2021-07-27T09:19:02","slug":"sex-entwerfen","status":"publish","type":"page","link":"https:\/\/www.grazmuseum.at\/datenfeld\/festivalausstellung\/sex-entwerfen\/","title":{"rendered":"Sex entwerfen"},"content":{"rendered":"<p>[et_pb_section fb_built=&#8221;1&#8243; _builder_version=&#8221;4.5.7&#8243; _module_preset=&#8221;default&#8221;][et_pb_row _builder_version=&#8221;4.5.7&#8243; _module_preset=&#8221;default&#8221;][et_pb_column type=&#8221;4_4&#8243; _builder_version=&#8221;4.5.7&#8243; _module_preset=&#8221;default&#8221;][et_pb_text admin_label=&#8221;Header_sex entwerfen&#8221; _builder_version=&#8221;4.5.7&#8243; _module_preset=&#8221;default&#8221;]<\/p>\n<h1>Sex entwerfen<\/h1>\n<p>[\/et_pb_text][et_pb_text admin_label=&#8221;Frage_Sex entwerfen&#8221; _builder_version=&#8221;4.5.7&#8243; _module_preset=&#8221;default&#8221;]<\/p>\n<div class=\"page\" title=\"Page 4\">\n<div class=\"layoutArea\">\n<div class=\"column\">\n<h2>Wem willst du nahekommen?<\/h2>\n<\/div>\n<\/div>\n<\/div>\n<p>[\/et_pb_text][et_pb_text _builder_version=&#8221;4.5.7&#8243; _module_preset=&#8221;default&#8221;]<\/p>\n<p>Intimit\u00e4t verlangt Vertrauen. N\u00e4her als in der sexuellen Begegnung k\u00f6nnen Menschen einander kaum kommen. In der bewussten k\u00f6rperlichen Verbindung gehen wir auf in der anderen Person. Im Sex leben wir die gemeinsame Fantasie und die Fantasie des Gemeinsamen. Die Befreiung des Geschlechts von der Fortpflanzung gibt Sexualit\u00e4t ihren eigenen Sinn.<\/p>\n<p>L\u00e4ngst ist unsere Intimsph\u00e4re von Datenfeldern durchdrungen. Technobilder pr\u00e4gen unsere Imagination. Smarte Sex-Toys erm\u00f6glichen die \u00dcberwindung r\u00e4umlicher Entfernung. Technik bringt die Erfahrung k\u00f6rperlicher N\u00e4he. Mit ihrer Hilfe trotzen wir sozialer Distanz. Oder so will es scheinen. <\/p>\n<p>Aus dem Rausch unseres Innersten quellen Daten. Wem willst du sie freiwillig preisgeben?<\/p>\n<p>[\/et_pb_text][\/et_pb_column][\/et_pb_row][et_pb_row column_structure=&#8221;1_3,2_3&#8243; module_class=&#8221;raum8 read-more&#8221; _builder_version=&#8221;4.5.7&#8243; _module_preset=&#8221;f0363faf-ba98-4eb9-947a-eb96b5e37552&#8243;][et_pb_column type=&#8221;1_3&#8243; _builder_version=&#8221;4.5.7&#8243; _module_preset=&#8221;default&#8221;][et_pb_text admin_label=&#8221;Infobox: Deepfake und Maskenball&#8221; _builder_version=&#8221;4.5.7&#8243; _module_preset=&#8221;default&#8221;]<\/p>\n<h2>Deep Fake und Maskenball<\/h2>\n<h3>Wer Porno will, braucht Bandbreite<\/h3>\n<p>[\/et_pb_text][\/et_pb_column][et_pb_column type=&#8221;2_3&#8243; _builder_version=&#8221;4.5.7&#8243; _module_preset=&#8221;default&#8221;][et_pb_text _builder_version=&#8221;4.5.7&#8243; _module_preset=&#8221;default&#8221;]<\/p>\n<p>Medienmanipulation ist das Schlagwort; Herrschaftsinszenierung, Werbung, Propaganda oder Informationskrieg sind klassische Bereiche der \u201eMeinungsmache\u201c. Mit dem Medium der Fotografie war darum im 19. Jahrhundert auch die Hoffnung auf Authentizit\u00e4t und objektive Wahrhaftigkeit verbunden. Denn in Gem\u00e4lden wurden bis dahin wichtige Ereignisse im Nachhinein verewigt \u2013 und dabei oft im Interesse ihrer jeweiligen Auftraggeber*innen ver\u00e4ndert. Nicht selten fielen unliebsame Personen im wahrsten Sinne des Wortes aus dem Bild, und Unbeteiligte wurden nachtr\u00e4glich in Szene gesetzt. <\/p>\n<p>[\/et_pb_text][et_pb_text _builder_version=&#8221;4.5.7&#8243; _module_preset=&#8221;default&#8221;]<\/p>\n<p>Heute sind gefakte Bilder zum Normalfall einer komplexen, mit Daten ges\u00e4ttigten Medienlandschaft geworden. Was ist wahr? K\u00f6nnen wir unseren Augen trauen? Ist es nicht gerade die Sexualit\u00e4t, bei der wir uns in besonderem Ma\u00dfe der Leibhaftigkeit unserer Sinne hingeben, in der wir st\u00e4rker als anderswo nach liebevoller Authentizit\u00e4t und eben nicht nach illusion\u00e4rer T\u00e4uschung streben?<\/p>\n<p>Wer Porno will, braucht Bandbreite. Plattformen wie YouPorn liefern die fr\u00fcher als \u201eSchmuddelfilme\u201c verschrienen Streifen quasi frei Haus. In den 1990er-Jahren war der Austausch von hochaufl\u00f6senden Bildern und Videos \u00fcber Filesharing-Plattformen noch ein echter Antrieb f\u00fcr den Ausbau schneller Internetanbindungen. Doch auch das ist schon wieder Schnee von gestern. Mittels K\u00fcnstlicher Intelligenz lassen sich heute die ohnehin schon umstrittenen Lichtspiele personalisieren. Algorithmen errechnen dabei bewegte Gesichter, die realen Menschen t\u00e4uschend \u00e4hnlich sehen. Ein Klick gen\u00fcgt; und schon scheinen Herr oder Frau XY von nebenan im Porno den erhofften Matratzentango zu tanzen \u2013 als Masken auf den K\u00f6rpern der eigentlichen Protagonist*innen.<\/p>\n<p>Deep Fake wird diese Technologie genannt, die zuerst durch manipulierte Reden von Politiker*innen bekannt wurde. Nicht blo\u00df gesprochener Ton, sondern eben auch die Lippenbewegungen, Mimik und Gestik lassen sich zum Verwechseln \u00e4hnlich manipulieren \u2013 wobei sich der Algorithmus um den n\u00f6tigen Kleinkram k\u00fcmmert. Im Bereich der Pornographie k\u00f6nnten wir uns nun auf die perfekte, passgenaue Visualisierung unserer Fantasien \u2013 mit Promis, Nachbar*innen oder unbekannten Facebook-Sch\u00f6nheiten aller Couleur \u2013 freuen. Doch wenn schon wenige Bilder reichen, um ein Gesicht t\u00e4uschend echt in einem Porno als Maske tanzen zu lassen, sollten wir dann nicht besser sofort aufh\u00f6ren, Fotos und Videos von uns zu posten? Wer wei\u00df, wer da alles so seine Fantasien mit unseren manipulierten Alter Egos ausleben will? Und was, wenn wir schon als gefakte Porno-Stars, oder Porno-Loser, unseren Ruf weg haben, ohne etwas davon zu ahnen?<\/p>\n<p>[\/et_pb_text][\/et_pb_column][\/et_pb_row][\/et_pb_section][et_pb_section fb_built=&#8221;1&#8243; _builder_version=&#8221;4.9.1&#8243; _module_preset=&#8221;default&#8221;][et_pb_row _builder_version=&#8221;4.9.1&#8243; _module_preset=&#8221;default&#8221;][et_pb_column _builder_version=&#8221;4.9.1&#8243; _module_preset=&#8221;default&#8221; type=&#8221;4_4&#8243;][et_pb_video _builder_version=&#8221;4.9.1&#8243; _module_preset=&#8221;default&#8221; src=&#8221;https:\/\/youtu.be\/6rYS_bUQ93E&#8221; hover_enabled=&#8221;0&#8243; sticky_enabled=&#8221;0&#8243;][\/et_pb_video][\/et_pb_column][\/et_pb_row][\/et_pb_section]<\/p>\n","protected":false},"excerpt":{"rendered":"[et_pb_section fb_built=&#8221;1&#8243; _builder_version=&#8221;4.5.7&#8243; _module_preset=&#8221;default&#8221;][et_pb_row _builder_version=&#8221;4.5.7&#8243; _module_preset=&#8221;default&#8221;][et_pb_column type=&#8221;4_4&#8243; _builder_version=&#8221;4.5.7&#8243; _module_preset=&#8221;default&#8221;][et_pb_text admin_label=&#8221;Header_sex entwerfen&#8221; _builder_version=&#8221;4.5.7&#8243; _module_preset=&#8221;default&#8221;] Sex entwerfen [\/et_pb_text][et_pb_text admin_label=&#8221;Frage_Sex entwerfen&#8221; _builder_version=&#8221;4.5.7&#8243; _module_preset=&#8221;default&#8221;] Wem willst du nahekommen? [\/et_pb_text][et_pb_text _builder_version=&#8221;4.5.7&#8243; _module_preset=&#8221;default&#8221;] Intimit\u00e4t verlangt Vertrauen. N\u00e4her als in der sexuellen Begegnung k\u00f6nnen Menschen einander kaum kommen. In der bewussten k\u00f6rperlichen Verbindung gehen wir auf in der anderen Person. Im Sex&#8230; <a class=\"view-article\" href=\"https:\/\/www.grazmuseum.at\/datenfeld\/festivalausstellung\/sex-entwerfen\/\">View Article<\/a>","protected":false},"author":1,"featured_media":0,"parent":2,"menu_order":0,"comment_status":"closed","ping_status":"closed","template":"template-datenfeld-subpage-light.php","meta":{"_acf_changed":false,"_et_pb_use_builder":"on","_et_pb_old_content":"","_et_gb_content_width":"","footnotes":""},"class_list":["post-34","page","type-page","status-publish","hentry"],"acf":[],"yoast_head":"<!-- This site is optimized with the Yoast SEO plugin v26.5 - https:\/\/yoast.com\/wordpress\/plugins\/seo\/ -->\n<title>Sex entwerfen - Datenfeld Festival | GrazMuseum<\/title>\n<meta name=\"robots\" content=\"index, follow, max-snippet:-1, max-image-preview:large, max-video-preview:-1\" \/>\n<link rel=\"canonical\" href=\"https:\/\/www.grazmuseum.at\/datenfeld\/festivalausstellung\/sex-entwerfen\/\" \/>\n<meta property=\"og:locale\" content=\"en_US\" \/>\n<meta property=\"og:type\" content=\"article\" \/>\n<meta property=\"og:title\" content=\"Sex entwerfen - Datenfeld Festival | GrazMuseum\" \/>\n<meta property=\"og:description\" content=\"[et_pb_section fb_built=&#8221;1&#8243; _builder_version=&#8221;4.5.7&#8243; _module_preset=&#8221;default&#8221;][et_pb_row _builder_version=&#8221;4.5.7&#8243; _module_preset=&#8221;default&#8221;][et_pb_column type=&#8221;4_4&#8243; _builder_version=&#8221;4.5.7&#8243; _module_preset=&#8221;default&#8221;][et_pb_text admin_label=&#8221;Header_sex entwerfen&#8221; _builder_version=&#8221;4.5.7&#8243; _module_preset=&#8221;default&#8221;] Sex entwerfen [\/et_pb_text][et_pb_text admin_label=&#8221;Frage_Sex entwerfen&#8221; _builder_version=&#8221;4.5.7&#8243; _module_preset=&#8221;default&#8221;] Wem willst du nahekommen? [\/et_pb_text][et_pb_text _builder_version=&#8221;4.5.7&#8243; _module_preset=&#8221;default&#8221;] Intimit\u00e4t verlangt Vertrauen. N\u00e4her als in der sexuellen Begegnung k\u00f6nnen Menschen einander kaum kommen. In der bewussten k\u00f6rperlichen Verbindung gehen wir auf in der anderen Person. Im Sex... View Article\" \/>\n<meta property=\"og:url\" content=\"https:\/\/www.grazmuseum.at\/datenfeld\/festivalausstellung\/sex-entwerfen\/\" \/>\n<meta property=\"og:site_name\" content=\"Datenfeld Festival | GrazMuseum\" \/>\n<meta property=\"article:modified_time\" content=\"2021-07-27T09:19:02+00:00\" \/>\n<meta name=\"twitter:card\" content=\"summary_large_image\" \/>\n<meta name=\"twitter:label1\" content=\"Est. reading time\" \/>\n\t<meta name=\"twitter:data1\" content=\"4 minutes\" \/>\n<script type=\"application\/ld+json\" class=\"yoast-schema-graph\">{\"@context\":\"https:\/\/schema.org\",\"@graph\":[{\"@type\":\"WebPage\",\"@id\":\"https:\/\/www.grazmuseum.at\/datenfeld\/festivalausstellung\/sex-entwerfen\/\",\"url\":\"https:\/\/www.grazmuseum.at\/datenfeld\/festivalausstellung\/sex-entwerfen\/\",\"name\":\"Sex entwerfen - Datenfeld Festival | GrazMuseum\",\"isPartOf\":{\"@id\":\"https:\/\/www.grazmuseum.at\/datenfeld\/#website\"},\"datePublished\":\"2021-03-11T18:44:39+00:00\",\"dateModified\":\"2021-07-27T09:19:02+00:00\",\"breadcrumb\":{\"@id\":\"https:\/\/www.grazmuseum.at\/datenfeld\/festivalausstellung\/sex-entwerfen\/#breadcrumb\"},\"inLanguage\":\"en-US\",\"potentialAction\":[{\"@type\":\"ReadAction\",\"target\":[\"https:\/\/www.grazmuseum.at\/datenfeld\/festivalausstellung\/sex-entwerfen\/\"]}]},{\"@type\":\"BreadcrumbList\",\"@id\":\"https:\/\/www.grazmuseum.at\/datenfeld\/festivalausstellung\/sex-entwerfen\/#breadcrumb\",\"itemListElement\":[{\"@type\":\"ListItem\",\"position\":1,\"name\":\"Startseite\",\"item\":\"https:\/\/www.grazmuseum.at\/datenfeld\/\"},{\"@type\":\"ListItem\",\"position\":2,\"name\":\"Festivalausstellung\",\"item\":\"https:\/\/www.grazmuseum.at\/datenfeld\/\"},{\"@type\":\"ListItem\",\"position\":3,\"name\":\"Sex entwerfen\"}]},{\"@type\":\"WebSite\",\"@id\":\"https:\/\/www.grazmuseum.at\/datenfeld\/#website\",\"url\":\"https:\/\/www.grazmuseum.at\/datenfeld\/\",\"name\":\"Datenfeld Festival | GrazMuseum\",\"description\":\"\",\"potentialAction\":[{\"@type\":\"SearchAction\",\"target\":{\"@type\":\"EntryPoint\",\"urlTemplate\":\"https:\/\/www.grazmuseum.at\/datenfeld\/?s={search_term_string}\"},\"query-input\":{\"@type\":\"PropertyValueSpecification\",\"valueRequired\":true,\"valueName\":\"search_term_string\"}}],\"inLanguage\":\"en-US\"}]}<\/script>\n<!-- \/ Yoast SEO plugin. -->","yoast_head_json":{"title":"Sex entwerfen - Datenfeld Festival | GrazMuseum","robots":{"index":"index","follow":"follow","max-snippet":"max-snippet:-1","max-image-preview":"max-image-preview:large","max-video-preview":"max-video-preview:-1"},"canonical":"https:\/\/www.grazmuseum.at\/datenfeld\/festivalausstellung\/sex-entwerfen\/","og_locale":"en_US","og_type":"article","og_title":"Sex entwerfen - Datenfeld Festival | GrazMuseum","og_description":"[et_pb_section fb_built=&#8221;1&#8243; _builder_version=&#8221;4.5.7&#8243; _module_preset=&#8221;default&#8221;][et_pb_row _builder_version=&#8221;4.5.7&#8243; _module_preset=&#8221;default&#8221;][et_pb_column type=&#8221;4_4&#8243; _builder_version=&#8221;4.5.7&#8243; _module_preset=&#8221;default&#8221;][et_pb_text admin_label=&#8221;Header_sex entwerfen&#8221; _builder_version=&#8221;4.5.7&#8243; _module_preset=&#8221;default&#8221;] Sex entwerfen [\/et_pb_text][et_pb_text admin_label=&#8221;Frage_Sex entwerfen&#8221; _builder_version=&#8221;4.5.7&#8243; _module_preset=&#8221;default&#8221;] Wem willst du nahekommen? [\/et_pb_text][et_pb_text _builder_version=&#8221;4.5.7&#8243; _module_preset=&#8221;default&#8221;] Intimit\u00e4t verlangt Vertrauen. N\u00e4her als in der sexuellen Begegnung k\u00f6nnen Menschen einander kaum kommen. In der bewussten k\u00f6rperlichen Verbindung gehen wir auf in der anderen Person. Im Sex... View Article","og_url":"https:\/\/www.grazmuseum.at\/datenfeld\/festivalausstellung\/sex-entwerfen\/","og_site_name":"Datenfeld Festival | GrazMuseum","article_modified_time":"2021-07-27T09:19:02+00:00","twitter_card":"summary_large_image","twitter_misc":{"Est. reading time":"4 minutes"},"schema":{"@context":"https:\/\/schema.org","@graph":[{"@type":"WebPage","@id":"https:\/\/www.grazmuseum.at\/datenfeld\/festivalausstellung\/sex-entwerfen\/","url":"https:\/\/www.grazmuseum.at\/datenfeld\/festivalausstellung\/sex-entwerfen\/","name":"Sex entwerfen - Datenfeld Festival | GrazMuseum","isPartOf":{"@id":"https:\/\/www.grazmuseum.at\/datenfeld\/#website"},"datePublished":"2021-03-11T18:44:39+00:00","dateModified":"2021-07-27T09:19:02+00:00","breadcrumb":{"@id":"https:\/\/www.grazmuseum.at\/datenfeld\/festivalausstellung\/sex-entwerfen\/#breadcrumb"},"inLanguage":"en-US","potentialAction":[{"@type":"ReadAction","target":["https:\/\/www.grazmuseum.at\/datenfeld\/festivalausstellung\/sex-entwerfen\/"]}]},{"@type":"BreadcrumbList","@id":"https:\/\/www.grazmuseum.at\/datenfeld\/festivalausstellung\/sex-entwerfen\/#breadcrumb","itemListElement":[{"@type":"ListItem","position":1,"name":"Startseite","item":"https:\/\/www.grazmuseum.at\/datenfeld\/"},{"@type":"ListItem","position":2,"name":"Festivalausstellung","item":"https:\/\/www.grazmuseum.at\/datenfeld\/"},{"@type":"ListItem","position":3,"name":"Sex entwerfen"}]},{"@type":"WebSite","@id":"https:\/\/www.grazmuseum.at\/datenfeld\/#website","url":"https:\/\/www.grazmuseum.at\/datenfeld\/","name":"Datenfeld Festival | GrazMuseum","description":"","potentialAction":[{"@type":"SearchAction","target":{"@type":"EntryPoint","urlTemplate":"https:\/\/www.grazmuseum.at\/datenfeld\/?s={search_term_string}"},"query-input":{"@type":"PropertyValueSpecification","valueRequired":true,"valueName":"search_term_string"}}],"inLanguage":"en-US"}]}},"_links":{"self":[{"href":"https:\/\/www.grazmuseum.at\/datenfeld\/wp-json\/wp\/v2\/pages\/34","targetHints":{"allow":["GET"]}}],"collection":[{"href":"https:\/\/www.grazmuseum.at\/datenfeld\/wp-json\/wp\/v2\/pages"}],"about":[{"href":"https:\/\/www.grazmuseum.at\/datenfeld\/wp-json\/wp\/v2\/types\/page"}],"author":[{"embeddable":true,"href":"https:\/\/www.grazmuseum.at\/datenfeld\/wp-json\/wp\/v2\/users\/1"}],"replies":[{"embeddable":true,"href":"https:\/\/www.grazmuseum.at\/datenfeld\/wp-json\/wp\/v2\/comments?post=34"}],"version-history":[{"count":12,"href":"https:\/\/www.grazmuseum.at\/datenfeld\/wp-json\/wp\/v2\/pages\/34\/revisions"}],"predecessor-version":[{"id":650,"href":"https:\/\/www.grazmuseum.at\/datenfeld\/wp-json\/wp\/v2\/pages\/34\/revisions\/650"}],"up":[{"embeddable":true,"href":"https:\/\/www.grazmuseum.at\/datenfeld\/wp-json\/wp\/v2\/pages\/2"}],"wp:attachment":[{"href":"https:\/\/www.grazmuseum.at\/datenfeld\/wp-json\/wp\/v2\/media?parent=34"}],"curies":[{"name":"wp","href":"https:\/\/api.w.org\/{rel}","templated":true}]}}