{"id":30,"date":"2021-03-11T19:44:17","date_gmt":"2021-03-11T18:44:17","guid":{"rendered":"https:\/\/www.grazmuseum.at\/datenfeld\/?page_id=30"},"modified":"2021-06-28T11:27:46","modified_gmt":"2021-06-28T09:27:46","slug":"haeuser-entwerfen","status":"publish","type":"page","link":"https:\/\/www.grazmuseum.at\/datenfeld\/festivalausstellung\/haeuser-entwerfen\/","title":{"rendered":"H\u00e4user entwerfen"},"content":{"rendered":"<p>[et_pb_section fb_built=&#8221;1&#8243; _builder_version=&#8221;4.5.7&#8243; _module_preset=&#8221;default&#8221;][et_pb_row _builder_version=&#8221;4.5.7&#8243; _module_preset=&#8221;default&#8221;][et_pb_column type=&#8221;4_4&#8243; _builder_version=&#8221;4.5.7&#8243; _module_preset=&#8221;default&#8221;][et_pb_text admin_label=&#8221;Header_H\u00e4user entwerfen&#8221; _builder_version=&#8221;4.5.7&#8243; _module_preset=&#8221;default&#8221;]<\/p>\n<h1>H\u00e4user entwerfen<\/h1>\n<p>[\/et_pb_text][et_pb_text admin_label=&#8221;Frage_H\u00e4user entwerfen&#8221; _builder_version=&#8221;4.5.7&#8243; _module_preset=&#8221;default&#8221;]<\/p>\n<div class=\"page\" title=\"Page 4\">\n<div class=\"layoutArea\">\n<div class=\"column\">\n<h2>Bist du jemals allein zu Hause? Oder kommunizierst du vielmehr mit den Bildern und Texten deiner Gadgets?<\/h2>\n<\/div>\n<\/div>\n<\/div>\n<p>[\/et_pb_text][et_pb_text _builder_version=&#8221;4.5.7&#8243; _module_preset=&#8221;default&#8221;]<\/p>\n<p>Die Beziehungen von innen und au\u00dfen haben sich ver\u00e4ndert. Die Mauern des vernetzten Hauses sind nicht mehr die Grenzen zwischen privat und \u00f6ffentlich.<br \/>Datenstr\u00f6me sind nicht mehr auf Fenster, T\u00fcren oder Kabel angewiesen. Heute regelt die Verschl\u00fcsselung der Codes den Zutritt ins Haus. Die Architektur des Soliden wird tempor\u00e4r. Sie sch\u00fctzt vor Regen, nicht vor Zudringlichkeit. Der Blick aus dem Fenster gewahrt die Stadt der Zukunft.<br \/>Im \u201eSmart Home\u201c arbeiten Maschinen. Sie sind im Dialog mit der weltweiten Stadt der Netze verbunden. Versorgung, Wartung und Instandhaltung sind den Automaten \u00fcberlassen. Sie sprechen mit dir, nehmen deine Daten und sorgen f\u00fcr dein Wohlergehen. Du hingegen manipulierst Symbole, nicht mehr Objekte.<\/p>\n<p>Wie viel gebautes Zuhause brauchst du noch, um dich wohlzuf\u00fchlen?<\/p>\n<p>[\/et_pb_text][\/et_pb_column][\/et_pb_row][et_pb_row _builder_version=&#8221;4.9.1&#8243; _module_preset=&#8221;default&#8221;][et_pb_column _builder_version=&#8221;4.9.1&#8243; _module_preset=&#8221;default&#8221; type=&#8221;4_4&#8243;][et_pb_video _builder_version=&#8221;4.9.1&#8243; _module_preset=&#8221;default&#8221; src=&#8221;https:\/\/youtu.be\/-VJII4O4xuQ&#8221; hover_enabled=&#8221;0&#8243; sticky_enabled=&#8221;0&#8243;][\/et_pb_video][\/et_pb_column][\/et_pb_row][et_pb_row column_structure=&#8221;1_3,2_3&#8243; module_class=&#8221;raum6 read-more&#8221; _builder_version=&#8221;4.5.7&#8243; _module_preset=&#8221;f0363faf-ba98-4eb9-947a-eb96b5e37552&#8243;][et_pb_column type=&#8221;1_3&#8243; _builder_version=&#8221;4.5.7&#8243; _module_preset=&#8221;default&#8221;][et_pb_text admin_label=&#8221;Infobox: Parametrische Architektur&#8221; _builder_version=&#8221;4.5.7&#8243; _module_preset=&#8221;default&#8221;]<\/p>\n<h2>Parametrische Architektur \u2013 Gaud\u00ed hat Gaudi<\/h2>\n<p>[\/et_pb_text][\/et_pb_column][et_pb_column type=&#8221;2_3&#8243; _builder_version=&#8221;4.5.7&#8243; _module_preset=&#8221;default&#8221;][et_pb_text _builder_version=&#8221;4.5.7&#8243; _module_preset=&#8221;default&#8221;]<\/p>\n<p>Die Idee, Architektur an nat\u00fcrlich gewachsene, organische Formen anzulehnen, ist nicht neu. Besonders auff\u00e4llig ist das bei \u00e4sthetischen Entscheidungen zur \u00e4u\u00dferen Erscheinung von Geb\u00e4uden. Aus dem Wiener Jugendstil der Jahrhundertwende sind florale Ornamente nicht wegzudenken. Was Otto Wagner f\u00fcr die k. u. k. Metropole, das war Antoni Gaud\u00ed f\u00fcr ihr katalanisches Pendant. Der Modernisme genannte Architekturstil hat deutliche Spuren im Stadtbild Barcelonas hinterlassen. Nicht nur in der imposanten Sagrada Familia oder im paradiesischen Park G\u00fcell, sondern auch in vielen weiteren Casas spiegelt sich seine organisch verwachsen anmutende \u00c4sthetik.<\/p>\n<p>[\/et_pb_text][et_pb_text _builder_version=&#8221;4.5.7&#8243; _module_preset=&#8221;default&#8221;]<\/p>\n<p>Die Natur als Vorbild f\u00fcr verwurzelte Fassaden und wie Elfenb\u00e4ume in die H\u00f6he strebende Pfeiler \u2013 eine fantastische Bionik des Sch\u00f6nen. Auch funktionell pr\u00e4gen nat\u00fcrliche Vorbilder unsere Bautechniken seit Langem. Denken wir nur zum Beispiel an B\u00f6gen und Tragwerke, deren statische Vorteile von der gebogenen Physiologie unserer F\u00fc\u00dfe bekannt sind. In der Architektur des 21. Jahrhunderts werden Datenfelder bestellt und erstellt. Das organische Vorbild, sowohl in seiner \u00c4sthetik als auch in seiner Funktion, wird mittels Computerprogrammen in vorher unerreichte Details zerrechnet und filigran neu entworfen. Patrik Schumacher hat dieses Verfahren als Parametrismus beschrieben und zur Leitlinie einer ganz eigenen smarten Architekturidee erhoben. Organische Formgebungen durchdringen eine als autonomes Netzwerk und selbstorganisiertes System verstandene Geb\u00e4udeplanung. Es gibt keine einzelnen Segmente mehr, alle Teile sind zwar differenzierbar, doch flie\u00dfen sie ineinander mit weichen, formbaren \u00dcberg\u00e4ngen. Hierzu wird jedes Element mit eigenen Parametern identifiziert und kann so innerhalb der Gesamtkomposition auf andere Elemente reagieren. Mittels Computerprogrammen entstehen architektonische Formen, wie sie mittels Stift und Zettel, besonders in ihren komplexen detaillierten Wechselwirkungen, nicht m\u00f6glich w\u00e4ren. Zwischen den Bed\u00fcrfnissen von Bau und Benutzung wandelt sich Architektur zur Eingabe von Daten und Formulierung sowie Befolgung parametrischer Regeln. H\u00e4user entwerfen als Input-Output-Architektur. W\u00fcrden sich da Otto Wagner und Antoni Gaud\u00ed im Grab herumdrehen? Oder feiern sie ein Fest, da sie den \u00e4sthetischen wie funktionalen Wert des Neuen zu ihrer Zeit selbst gelebt haben? <\/p>\n<p>[\/et_pb_text][\/et_pb_column][\/et_pb_row][\/et_pb_section]<\/p>\n","protected":false},"excerpt":{"rendered":"[et_pb_section fb_built=&#8221;1&#8243; _builder_version=&#8221;4.5.7&#8243; _module_preset=&#8221;default&#8221;][et_pb_row _builder_version=&#8221;4.5.7&#8243; _module_preset=&#8221;default&#8221;][et_pb_column type=&#8221;4_4&#8243; _builder_version=&#8221;4.5.7&#8243; _module_preset=&#8221;default&#8221;][et_pb_text admin_label=&#8221;Header_H\u00e4user entwerfen&#8221; _builder_version=&#8221;4.5.7&#8243; _module_preset=&#8221;default&#8221;] H\u00e4user entwerfen [\/et_pb_text][et_pb_text admin_label=&#8221;Frage_H\u00e4user entwerfen&#8221; _builder_version=&#8221;4.5.7&#8243; _module_preset=&#8221;default&#8221;] Bist du jemals allein zu Hause? Oder kommunizierst du vielmehr mit den Bildern und Texten deiner Gadgets? [\/et_pb_text][et_pb_text _builder_version=&#8221;4.5.7&#8243; _module_preset=&#8221;default&#8221;] Die Beziehungen von innen und au\u00dfen haben sich ver\u00e4ndert. Die Mauern des vernetzten Hauses sind&#8230; <a class=\"view-article\" href=\"https:\/\/www.grazmuseum.at\/datenfeld\/festivalausstellung\/haeuser-entwerfen\/\">View Article<\/a>","protected":false},"author":1,"featured_media":0,"parent":2,"menu_order":0,"comment_status":"closed","ping_status":"closed","template":"template-datenfeld-subpage-light.php","meta":{"_acf_changed":false,"_et_pb_use_builder":"on","_et_pb_old_content":"","_et_gb_content_width":"","footnotes":""},"class_list":["post-30","page","type-page","status-publish","hentry"],"acf":[],"yoast_head":"<!-- This site is optimized with the Yoast SEO plugin v26.5 - https:\/\/yoast.com\/wordpress\/plugins\/seo\/ -->\n<title>H\u00e4user entwerfen - Datenfeld Festival | GrazMuseum<\/title>\n<meta name=\"robots\" content=\"index, follow, max-snippet:-1, max-image-preview:large, max-video-preview:-1\" \/>\n<link rel=\"canonical\" href=\"https:\/\/www.grazmuseum.at\/datenfeld\/festivalausstellung\/haeuser-entwerfen\/\" \/>\n<meta property=\"og:locale\" content=\"en_US\" \/>\n<meta property=\"og:type\" content=\"article\" \/>\n<meta property=\"og:title\" content=\"H\u00e4user entwerfen - Datenfeld Festival | GrazMuseum\" \/>\n<meta property=\"og:description\" content=\"[et_pb_section fb_built=&#8221;1&#8243; _builder_version=&#8221;4.5.7&#8243; _module_preset=&#8221;default&#8221;][et_pb_row _builder_version=&#8221;4.5.7&#8243; _module_preset=&#8221;default&#8221;][et_pb_column type=&#8221;4_4&#8243; _builder_version=&#8221;4.5.7&#8243; _module_preset=&#8221;default&#8221;][et_pb_text admin_label=&#8221;Header_H\u00e4user entwerfen&#8221; _builder_version=&#8221;4.5.7&#8243; _module_preset=&#8221;default&#8221;] H\u00e4user entwerfen [\/et_pb_text][et_pb_text admin_label=&#8221;Frage_H\u00e4user entwerfen&#8221; _builder_version=&#8221;4.5.7&#8243; _module_preset=&#8221;default&#8221;] Bist du jemals allein zu Hause? Oder kommunizierst du vielmehr mit den Bildern und Texten deiner Gadgets? [\/et_pb_text][et_pb_text _builder_version=&#8221;4.5.7&#8243; _module_preset=&#8221;default&#8221;] Die Beziehungen von innen und au\u00dfen haben sich ver\u00e4ndert. Die Mauern des vernetzten Hauses sind... View Article\" \/>\n<meta property=\"og:url\" content=\"https:\/\/www.grazmuseum.at\/datenfeld\/festivalausstellung\/haeuser-entwerfen\/\" \/>\n<meta property=\"og:site_name\" content=\"Datenfeld Festival | GrazMuseum\" \/>\n<meta property=\"article:modified_time\" content=\"2021-06-28T09:27:46+00:00\" \/>\n<meta name=\"twitter:card\" content=\"summary_large_image\" \/>\n<meta name=\"twitter:label1\" content=\"Est. reading time\" \/>\n\t<meta name=\"twitter:data1\" content=\"4 minutes\" \/>\n<script type=\"application\/ld+json\" class=\"yoast-schema-graph\">{\"@context\":\"https:\/\/schema.org\",\"@graph\":[{\"@type\":\"WebPage\",\"@id\":\"https:\/\/www.grazmuseum.at\/datenfeld\/festivalausstellung\/haeuser-entwerfen\/\",\"url\":\"https:\/\/www.grazmuseum.at\/datenfeld\/festivalausstellung\/haeuser-entwerfen\/\",\"name\":\"H\u00e4user entwerfen - Datenfeld Festival | GrazMuseum\",\"isPartOf\":{\"@id\":\"https:\/\/www.grazmuseum.at\/datenfeld\/#website\"},\"datePublished\":\"2021-03-11T18:44:17+00:00\",\"dateModified\":\"2021-06-28T09:27:46+00:00\",\"breadcrumb\":{\"@id\":\"https:\/\/www.grazmuseum.at\/datenfeld\/festivalausstellung\/haeuser-entwerfen\/#breadcrumb\"},\"inLanguage\":\"en-US\",\"potentialAction\":[{\"@type\":\"ReadAction\",\"target\":[\"https:\/\/www.grazmuseum.at\/datenfeld\/festivalausstellung\/haeuser-entwerfen\/\"]}]},{\"@type\":\"BreadcrumbList\",\"@id\":\"https:\/\/www.grazmuseum.at\/datenfeld\/festivalausstellung\/haeuser-entwerfen\/#breadcrumb\",\"itemListElement\":[{\"@type\":\"ListItem\",\"position\":1,\"name\":\"Startseite\",\"item\":\"https:\/\/www.grazmuseum.at\/datenfeld\/\"},{\"@type\":\"ListItem\",\"position\":2,\"name\":\"Festivalausstellung\",\"item\":\"https:\/\/www.grazmuseum.at\/datenfeld\/\"},{\"@type\":\"ListItem\",\"position\":3,\"name\":\"H\u00e4user entwerfen\"}]},{\"@type\":\"WebSite\",\"@id\":\"https:\/\/www.grazmuseum.at\/datenfeld\/#website\",\"url\":\"https:\/\/www.grazmuseum.at\/datenfeld\/\",\"name\":\"Datenfeld Festival | GrazMuseum\",\"description\":\"\",\"potentialAction\":[{\"@type\":\"SearchAction\",\"target\":{\"@type\":\"EntryPoint\",\"urlTemplate\":\"https:\/\/www.grazmuseum.at\/datenfeld\/?s={search_term_string}\"},\"query-input\":{\"@type\":\"PropertyValueSpecification\",\"valueRequired\":true,\"valueName\":\"search_term_string\"}}],\"inLanguage\":\"en-US\"}]}<\/script>\n<!-- \/ Yoast SEO plugin. -->","yoast_head_json":{"title":"H\u00e4user entwerfen - Datenfeld Festival | GrazMuseum","robots":{"index":"index","follow":"follow","max-snippet":"max-snippet:-1","max-image-preview":"max-image-preview:large","max-video-preview":"max-video-preview:-1"},"canonical":"https:\/\/www.grazmuseum.at\/datenfeld\/festivalausstellung\/haeuser-entwerfen\/","og_locale":"en_US","og_type":"article","og_title":"H\u00e4user entwerfen - Datenfeld Festival | GrazMuseum","og_description":"[et_pb_section fb_built=&#8221;1&#8243; _builder_version=&#8221;4.5.7&#8243; _module_preset=&#8221;default&#8221;][et_pb_row _builder_version=&#8221;4.5.7&#8243; _module_preset=&#8221;default&#8221;][et_pb_column type=&#8221;4_4&#8243; _builder_version=&#8221;4.5.7&#8243; _module_preset=&#8221;default&#8221;][et_pb_text admin_label=&#8221;Header_H\u00e4user entwerfen&#8221; _builder_version=&#8221;4.5.7&#8243; _module_preset=&#8221;default&#8221;] H\u00e4user entwerfen [\/et_pb_text][et_pb_text admin_label=&#8221;Frage_H\u00e4user entwerfen&#8221; _builder_version=&#8221;4.5.7&#8243; _module_preset=&#8221;default&#8221;] Bist du jemals allein zu Hause? Oder kommunizierst du vielmehr mit den Bildern und Texten deiner Gadgets? [\/et_pb_text][et_pb_text _builder_version=&#8221;4.5.7&#8243; _module_preset=&#8221;default&#8221;] Die Beziehungen von innen und au\u00dfen haben sich ver\u00e4ndert. Die Mauern des vernetzten Hauses sind... View Article","og_url":"https:\/\/www.grazmuseum.at\/datenfeld\/festivalausstellung\/haeuser-entwerfen\/","og_site_name":"Datenfeld Festival | GrazMuseum","article_modified_time":"2021-06-28T09:27:46+00:00","twitter_card":"summary_large_image","twitter_misc":{"Est. reading time":"4 minutes"},"schema":{"@context":"https:\/\/schema.org","@graph":[{"@type":"WebPage","@id":"https:\/\/www.grazmuseum.at\/datenfeld\/festivalausstellung\/haeuser-entwerfen\/","url":"https:\/\/www.grazmuseum.at\/datenfeld\/festivalausstellung\/haeuser-entwerfen\/","name":"H\u00e4user entwerfen - Datenfeld Festival | GrazMuseum","isPartOf":{"@id":"https:\/\/www.grazmuseum.at\/datenfeld\/#website"},"datePublished":"2021-03-11T18:44:17+00:00","dateModified":"2021-06-28T09:27:46+00:00","breadcrumb":{"@id":"https:\/\/www.grazmuseum.at\/datenfeld\/festivalausstellung\/haeuser-entwerfen\/#breadcrumb"},"inLanguage":"en-US","potentialAction":[{"@type":"ReadAction","target":["https:\/\/www.grazmuseum.at\/datenfeld\/festivalausstellung\/haeuser-entwerfen\/"]}]},{"@type":"BreadcrumbList","@id":"https:\/\/www.grazmuseum.at\/datenfeld\/festivalausstellung\/haeuser-entwerfen\/#breadcrumb","itemListElement":[{"@type":"ListItem","position":1,"name":"Startseite","item":"https:\/\/www.grazmuseum.at\/datenfeld\/"},{"@type":"ListItem","position":2,"name":"Festivalausstellung","item":"https:\/\/www.grazmuseum.at\/datenfeld\/"},{"@type":"ListItem","position":3,"name":"H\u00e4user entwerfen"}]},{"@type":"WebSite","@id":"https:\/\/www.grazmuseum.at\/datenfeld\/#website","url":"https:\/\/www.grazmuseum.at\/datenfeld\/","name":"Datenfeld Festival | GrazMuseum","description":"","potentialAction":[{"@type":"SearchAction","target":{"@type":"EntryPoint","urlTemplate":"https:\/\/www.grazmuseum.at\/datenfeld\/?s={search_term_string}"},"query-input":{"@type":"PropertyValueSpecification","valueRequired":true,"valueName":"search_term_string"}}],"inLanguage":"en-US"}]}},"_links":{"self":[{"href":"https:\/\/www.grazmuseum.at\/datenfeld\/wp-json\/wp\/v2\/pages\/30","targetHints":{"allow":["GET"]}}],"collection":[{"href":"https:\/\/www.grazmuseum.at\/datenfeld\/wp-json\/wp\/v2\/pages"}],"about":[{"href":"https:\/\/www.grazmuseum.at\/datenfeld\/wp-json\/wp\/v2\/types\/page"}],"author":[{"embeddable":true,"href":"https:\/\/www.grazmuseum.at\/datenfeld\/wp-json\/wp\/v2\/users\/1"}],"replies":[{"embeddable":true,"href":"https:\/\/www.grazmuseum.at\/datenfeld\/wp-json\/wp\/v2\/comments?post=30"}],"version-history":[{"count":15,"href":"https:\/\/www.grazmuseum.at\/datenfeld\/wp-json\/wp\/v2\/pages\/30\/revisions"}],"predecessor-version":[{"id":583,"href":"https:\/\/www.grazmuseum.at\/datenfeld\/wp-json\/wp\/v2\/pages\/30\/revisions\/583"}],"up":[{"embeddable":true,"href":"https:\/\/www.grazmuseum.at\/datenfeld\/wp-json\/wp\/v2\/pages\/2"}],"wp:attachment":[{"href":"https:\/\/www.grazmuseum.at\/datenfeld\/wp-json\/wp\/v2\/media?parent=30"}],"curies":[{"name":"wp","href":"https:\/\/api.w.org\/{rel}","templated":true}]}}