{"id":17,"date":"2021-03-11T19:41:40","date_gmt":"2021-03-11T18:41:40","guid":{"rendered":"https:\/\/www.grazmuseum.at\/datenfeld\/?page_id=17"},"modified":"2021-03-26T07:34:29","modified_gmt":"2021-03-26T06:34:29","slug":"wie-wir-in-zukunft-leben-wollen","status":"publish","type":"page","link":"https:\/\/www.grazmuseum.at\/datenfeld\/festivalausstellung\/wie-wir-in-zukunft-leben-wollen\/","title":{"rendered":"Wie wir in Zukunft leben wollen"},"content":{"rendered":"<p>[et_pb_section fb_built=&#8221;1&#8243; _builder_version=&#8221;4.5.7&#8243; _module_preset=&#8221;default&#8221;][et_pb_row _builder_version=&#8221;4.5.7&#8243; _module_preset=&#8221;default&#8221;][et_pb_column type=&#8221;4_4&#8243; _builder_version=&#8221;4.5.7&#8243; _module_preset=&#8221;default&#8221;][et_pb_text _builder_version=&#8221;4.5.7&#8243; _module_preset=&#8221;default&#8221;]<\/p>\n<p>Die Erfassung von Daten ist allgegenw\u00e4rtig. Zuerst machen wir Daten, dann machen sie uns.<\/p>\n<p>Navigieren im Datenfeld ist unsere neue Kultur. Optimierung bestimmt die Richtung. Jeder Lebensbereich ist \u201esmart\u201d. Unsere St\u00e4dte, H\u00e4user, K\u00f6rper, Beziehungen, Schulen, Arbeitspl\u00e4tze treiben in den Str\u00f6mungen des Datenkreislaufs.<\/p>\n<p>Fragst du dich auch, wohin die Reise gehen soll, wenn k\u00fcnstliche Intelligenzen das Steuer f\u00fcr uns \u00fcbernehmen?<\/p>\n<p>Die Festivalausstellung Die Stadt als Datenfeld. Wie wir in Zukunft leben wollen handelt in metaphorischen, k\u00fcnstlerischen Technobildern, einem digitalen Wissensraum und einem Diskursfestival von unserem Leben in der Datengesellschaft.<\/p>\n<p>Ein Projekt des verl\u00e4ngerten Kulturjahrs 2020 im Themenschwerpunkt \u201eDigitale Lebenswelten\u201d.<\/p>\n<p>[\/et_pb_text][\/et_pb_column][\/et_pb_row][\/et_pb_section]<\/p>\n","protected":false},"excerpt":{"rendered":"[et_pb_section fb_built=&#8221;1&#8243; _builder_version=&#8221;4.5.7&#8243; _module_preset=&#8221;default&#8221;][et_pb_row _builder_version=&#8221;4.5.7&#8243; _module_preset=&#8221;default&#8221;][et_pb_column type=&#8221;4_4&#8243; _builder_version=&#8221;4.5.7&#8243; _module_preset=&#8221;default&#8221;][et_pb_text _builder_version=&#8221;4.5.7&#8243; _module_preset=&#8221;default&#8221;] Die Erfassung von Daten ist allgegenw\u00e4rtig. Zuerst machen wir Daten, dann machen sie uns. Navigieren im Datenfeld ist unsere neue Kultur. Optimierung bestimmt die Richtung. Jeder Lebensbereich ist \u201esmart\u201d. Unsere St\u00e4dte, H\u00e4user, K\u00f6rper, Beziehungen, Schulen, Arbeitspl\u00e4tze treiben in den Str\u00f6mungen des Datenkreislaufs. Fragst du&#8230; <a class=\"view-article\" href=\"https:\/\/www.grazmuseum.at\/datenfeld\/festivalausstellung\/wie-wir-in-zukunft-leben-wollen\/\">View Article<\/a>","protected":false},"author":1,"featured_media":0,"parent":2,"menu_order":0,"comment_status":"closed","ping_status":"closed","template":"template-datenfeld-subpage-light.php","meta":{"_acf_changed":false,"_et_pb_use_builder":"on","_et_pb_old_content":"","_et_gb_content_width":"","footnotes":""},"class_list":["post-17","page","type-page","status-publish","hentry"],"acf":[],"yoast_head":"<!-- This site is optimized with the Yoast SEO plugin v26.5 - https:\/\/yoast.com\/wordpress\/plugins\/seo\/ -->\n<title>Wie wir in Zukunft leben wollen - Datenfeld Festival | GrazMuseum<\/title>\n<meta name=\"robots\" content=\"index, follow, max-snippet:-1, max-image-preview:large, max-video-preview:-1\" \/>\n<link rel=\"canonical\" href=\"https:\/\/www.grazmuseum.at\/datenfeld\/festivalausstellung\/wie-wir-in-zukunft-leben-wollen\/\" \/>\n<meta property=\"og:locale\" content=\"en_US\" \/>\n<meta property=\"og:type\" content=\"article\" \/>\n<meta property=\"og:title\" content=\"Wie wir in Zukunft leben wollen - Datenfeld Festival | GrazMuseum\" \/>\n<meta property=\"og:description\" content=\"[et_pb_section fb_built=&#8221;1&#8243; _builder_version=&#8221;4.5.7&#8243; _module_preset=&#8221;default&#8221;][et_pb_row _builder_version=&#8221;4.5.7&#8243; _module_preset=&#8221;default&#8221;][et_pb_column type=&#8221;4_4&#8243; _builder_version=&#8221;4.5.7&#8243; _module_preset=&#8221;default&#8221;][et_pb_text _builder_version=&#8221;4.5.7&#8243; _module_preset=&#8221;default&#8221;] Die Erfassung von Daten ist allgegenw\u00e4rtig. Zuerst machen wir Daten, dann machen sie uns. Navigieren im Datenfeld ist unsere neue Kultur. Optimierung bestimmt die Richtung. Jeder Lebensbereich ist \u201esmart\u201d. Unsere St\u00e4dte, H\u00e4user, K\u00f6rper, Beziehungen, Schulen, Arbeitspl\u00e4tze treiben in den Str\u00f6mungen des Datenkreislaufs. Fragst du... View Article\" \/>\n<meta property=\"og:url\" content=\"https:\/\/www.grazmuseum.at\/datenfeld\/festivalausstellung\/wie-wir-in-zukunft-leben-wollen\/\" \/>\n<meta property=\"og:site_name\" content=\"Datenfeld Festival | GrazMuseum\" \/>\n<meta property=\"article:modified_time\" content=\"2021-03-26T06:34:29+00:00\" \/>\n<meta name=\"twitter:card\" content=\"summary_large_image\" \/>\n<meta name=\"twitter:label1\" content=\"Est. reading time\" \/>\n\t<meta name=\"twitter:data1\" content=\"1 minute\" \/>\n<script type=\"application\/ld+json\" class=\"yoast-schema-graph\">{\"@context\":\"https:\/\/schema.org\",\"@graph\":[{\"@type\":\"WebPage\",\"@id\":\"https:\/\/www.grazmuseum.at\/datenfeld\/festivalausstellung\/wie-wir-in-zukunft-leben-wollen\/\",\"url\":\"https:\/\/www.grazmuseum.at\/datenfeld\/festivalausstellung\/wie-wir-in-zukunft-leben-wollen\/\",\"name\":\"Wie wir in Zukunft leben wollen - Datenfeld Festival | GrazMuseum\",\"isPartOf\":{\"@id\":\"https:\/\/www.grazmuseum.at\/datenfeld\/#website\"},\"datePublished\":\"2021-03-11T18:41:40+00:00\",\"dateModified\":\"2021-03-26T06:34:29+00:00\",\"breadcrumb\":{\"@id\":\"https:\/\/www.grazmuseum.at\/datenfeld\/festivalausstellung\/wie-wir-in-zukunft-leben-wollen\/#breadcrumb\"},\"inLanguage\":\"en-US\",\"potentialAction\":[{\"@type\":\"ReadAction\",\"target\":[\"https:\/\/www.grazmuseum.at\/datenfeld\/festivalausstellung\/wie-wir-in-zukunft-leben-wollen\/\"]}]},{\"@type\":\"BreadcrumbList\",\"@id\":\"https:\/\/www.grazmuseum.at\/datenfeld\/festivalausstellung\/wie-wir-in-zukunft-leben-wollen\/#breadcrumb\",\"itemListElement\":[{\"@type\":\"ListItem\",\"position\":1,\"name\":\"Startseite\",\"item\":\"https:\/\/www.grazmuseum.at\/datenfeld\/\"},{\"@type\":\"ListItem\",\"position\":2,\"name\":\"Festivalausstellung\",\"item\":\"https:\/\/www.grazmuseum.at\/datenfeld\/\"},{\"@type\":\"ListItem\",\"position\":3,\"name\":\"Wie wir in Zukunft leben wollen\"}]},{\"@type\":\"WebSite\",\"@id\":\"https:\/\/www.grazmuseum.at\/datenfeld\/#website\",\"url\":\"https:\/\/www.grazmuseum.at\/datenfeld\/\",\"name\":\"Datenfeld Festival | GrazMuseum\",\"description\":\"\",\"potentialAction\":[{\"@type\":\"SearchAction\",\"target\":{\"@type\":\"EntryPoint\",\"urlTemplate\":\"https:\/\/www.grazmuseum.at\/datenfeld\/?s={search_term_string}\"},\"query-input\":{\"@type\":\"PropertyValueSpecification\",\"valueRequired\":true,\"valueName\":\"search_term_string\"}}],\"inLanguage\":\"en-US\"}]}<\/script>\n<!-- \/ Yoast SEO plugin. -->","yoast_head_json":{"title":"Wie wir in Zukunft leben wollen - Datenfeld Festival | GrazMuseum","robots":{"index":"index","follow":"follow","max-snippet":"max-snippet:-1","max-image-preview":"max-image-preview:large","max-video-preview":"max-video-preview:-1"},"canonical":"https:\/\/www.grazmuseum.at\/datenfeld\/festivalausstellung\/wie-wir-in-zukunft-leben-wollen\/","og_locale":"en_US","og_type":"article","og_title":"Wie wir in Zukunft leben wollen - Datenfeld Festival | GrazMuseum","og_description":"[et_pb_section fb_built=&#8221;1&#8243; _builder_version=&#8221;4.5.7&#8243; _module_preset=&#8221;default&#8221;][et_pb_row _builder_version=&#8221;4.5.7&#8243; _module_preset=&#8221;default&#8221;][et_pb_column type=&#8221;4_4&#8243; _builder_version=&#8221;4.5.7&#8243; _module_preset=&#8221;default&#8221;][et_pb_text _builder_version=&#8221;4.5.7&#8243; _module_preset=&#8221;default&#8221;] Die Erfassung von Daten ist allgegenw\u00e4rtig. Zuerst machen wir Daten, dann machen sie uns. Navigieren im Datenfeld ist unsere neue Kultur. Optimierung bestimmt die Richtung. Jeder Lebensbereich ist \u201esmart\u201d. Unsere St\u00e4dte, H\u00e4user, K\u00f6rper, Beziehungen, Schulen, Arbeitspl\u00e4tze treiben in den Str\u00f6mungen des Datenkreislaufs. Fragst du... View Article","og_url":"https:\/\/www.grazmuseum.at\/datenfeld\/festivalausstellung\/wie-wir-in-zukunft-leben-wollen\/","og_site_name":"Datenfeld Festival | GrazMuseum","article_modified_time":"2021-03-26T06:34:29+00:00","twitter_card":"summary_large_image","twitter_misc":{"Est. reading time":"1 minute"},"schema":{"@context":"https:\/\/schema.org","@graph":[{"@type":"WebPage","@id":"https:\/\/www.grazmuseum.at\/datenfeld\/festivalausstellung\/wie-wir-in-zukunft-leben-wollen\/","url":"https:\/\/www.grazmuseum.at\/datenfeld\/festivalausstellung\/wie-wir-in-zukunft-leben-wollen\/","name":"Wie wir in Zukunft leben wollen - Datenfeld Festival | GrazMuseum","isPartOf":{"@id":"https:\/\/www.grazmuseum.at\/datenfeld\/#website"},"datePublished":"2021-03-11T18:41:40+00:00","dateModified":"2021-03-26T06:34:29+00:00","breadcrumb":{"@id":"https:\/\/www.grazmuseum.at\/datenfeld\/festivalausstellung\/wie-wir-in-zukunft-leben-wollen\/#breadcrumb"},"inLanguage":"en-US","potentialAction":[{"@type":"ReadAction","target":["https:\/\/www.grazmuseum.at\/datenfeld\/festivalausstellung\/wie-wir-in-zukunft-leben-wollen\/"]}]},{"@type":"BreadcrumbList","@id":"https:\/\/www.grazmuseum.at\/datenfeld\/festivalausstellung\/wie-wir-in-zukunft-leben-wollen\/#breadcrumb","itemListElement":[{"@type":"ListItem","position":1,"name":"Startseite","item":"https:\/\/www.grazmuseum.at\/datenfeld\/"},{"@type":"ListItem","position":2,"name":"Festivalausstellung","item":"https:\/\/www.grazmuseum.at\/datenfeld\/"},{"@type":"ListItem","position":3,"name":"Wie wir in Zukunft leben wollen"}]},{"@type":"WebSite","@id":"https:\/\/www.grazmuseum.at\/datenfeld\/#website","url":"https:\/\/www.grazmuseum.at\/datenfeld\/","name":"Datenfeld Festival | GrazMuseum","description":"","potentialAction":[{"@type":"SearchAction","target":{"@type":"EntryPoint","urlTemplate":"https:\/\/www.grazmuseum.at\/datenfeld\/?s={search_term_string}"},"query-input":{"@type":"PropertyValueSpecification","valueRequired":true,"valueName":"search_term_string"}}],"inLanguage":"en-US"}]}},"_links":{"self":[{"href":"https:\/\/www.grazmuseum.at\/datenfeld\/wp-json\/wp\/v2\/pages\/17","targetHints":{"allow":["GET"]}}],"collection":[{"href":"https:\/\/www.grazmuseum.at\/datenfeld\/wp-json\/wp\/v2\/pages"}],"about":[{"href":"https:\/\/www.grazmuseum.at\/datenfeld\/wp-json\/wp\/v2\/types\/page"}],"author":[{"embeddable":true,"href":"https:\/\/www.grazmuseum.at\/datenfeld\/wp-json\/wp\/v2\/users\/1"}],"replies":[{"embeddable":true,"href":"https:\/\/www.grazmuseum.at\/datenfeld\/wp-json\/wp\/v2\/comments?post=17"}],"version-history":[{"count":4,"href":"https:\/\/www.grazmuseum.at\/datenfeld\/wp-json\/wp\/v2\/pages\/17\/revisions"}],"predecessor-version":[{"id":500,"href":"https:\/\/www.grazmuseum.at\/datenfeld\/wp-json\/wp\/v2\/pages\/17\/revisions\/500"}],"up":[{"embeddable":true,"href":"https:\/\/www.grazmuseum.at\/datenfeld\/wp-json\/wp\/v2\/pages\/2"}],"wp:attachment":[{"href":"https:\/\/www.grazmuseum.at\/datenfeld\/wp-json\/wp\/v2\/media?parent=17"}],"curies":[{"name":"wp","href":"https:\/\/api.w.org\/{rel}","templated":true}]}}