{"id":84,"date":"2022-02-04T13:34:46","date_gmt":"2022-02-04T12:34:46","guid":{"rendered":"https:\/\/www.grazmuseum.at\/antonpaar\/?page_id=84"},"modified":"2022-02-09T14:36:27","modified_gmt":"2022-02-09T13:36:27","slug":"what-is-measuring","status":"publish","type":"page","link":"https:\/\/www.grazmuseum.at\/antonpaar\/what-is-measuring\/","title":{"rendered":"What is measuring?"},"content":{"rendered":"<p>[et_pb_section fb_built=&#8220;1&#8243; _builder_version=&#8220;4.9.1&#8243; _module_preset=&#8220;default&#8220;][et_pb_row _builder_version=&#8220;4.9.1&#8243; _module_preset=&#8220;default&#8220;][et_pb_column type=&#8220;4_4&#8243; _builder_version=&#8220;4.9.1&#8243; _module_preset=&#8220;default&#8220;][et_pb_text admin_label=&#8220;Header_What is Measuring&#8220; module_class=&#8220;ap__grid-element ap__h row-start-3 row-end-5 row-end-sm-5 col-start-2 col-end-5&#8243; _builder_version=&#8220;4.9.1&#8243; _module_preset=&#8220;default&#8220;]<\/p>\n<h1>What is measuring?<\/h1>\n<p>[\/et_pb_text][et_pb_text admin_label=&#8220;Intro-Text_On the Cultural History of Measuring &#8220; module_class=&#8220;ap__grid-element ap__p row-start-5 row-end-7 row-end-sm-8  col-start-3 col-end-11&#8243; _builder_version=&#8220;4.9.1&#8243; _module_preset=&#8220;default&#8220;]<\/p>\n<p><strong>On the Cultural History of Measuring <\/strong><br \/>Measuring accompanies us every day. We no longer even notice when we measure and what we measure. For example, our day begins with the alarm clock, which is based on time measurement. We weigh our bodies with bathroom scales, and when we cook, we weigh the ingredients with kitchen scales or measuring cups. We buy food by weight. The water consumption is indicated by the water meter. We choose our clothes according to measurements from the weather stations, and when we drive a car, we are bombarded with information about speed, oil temperature, fuel level or distance travelled. Measuring is trivial and yet exciting.<\/p>\n<p>[\/et_pb_text][et_pb_text admin_label=&#8220;Zitat 1&#8243; module_class=&#8220;ap__grid-element ap__citation row-start-8 row-end-10 row-start-sm-9 row-end-sm-11  col-start-2 col-end-9&#8243; _builder_version=&#8220;4.9.1&#8243; _module_preset=&#8220;default&#8220; hover_enabled=&#8220;0&#8243; sticky_enabled=&#8220;0&#8243;]<\/p>\n<p><strong>\u201cMan is the measure of all things.\u201d<br \/><\/strong> <em>\u2013 (Attrubuted to) Protagoras<\/em><\/p>\n<p>[\/et_pb_text][et_pb_text admin_label=&#8220;TExt_Ancient Measures&#8220; module_class=&#8220;ap__grid-element ap__p row-start-11 row-end-12 row-start-sm-12 row-end-sm-14  col-start-3 col-end-11&#8243; _builder_version=&#8220;4.9.1&#8243; _module_preset=&#8220;default&#8220;]<\/p>\n<p><strong>Ancient Measures<\/strong><br \/>Measuring units developed in parallel with writing. With its 4,500 years, the Mesopotamian Nippur cubit is the oldest surviving measure of length, but by no means the oldest. Until modern times, human anatomy was usually the measure of all things, such as foot, cubit, Tagwerk (a day\u2019s work), acre, bushel or pound.<\/p>\n<p>[\/et_pb_text][et_pb_text admin_label=&#8220;Zitat 2&#8243; module_class=&#8220;ap__grid-element ap__citation row-start-13 row-end-15 row-start-sm-15 row-end-sm-17  col-start-2 col-end-9&#8243; _builder_version=&#8220;4.9.1&#8243; _module_preset=&#8220;default&#8220; hover_enabled=&#8220;0&#8243; sticky_enabled=&#8220;0&#8243;]<\/p>\n<p><strong>\u201cWe must not forget that measures are made for humans, and not humans for measures.\u201d<\/strong><br \/><em>\u2013 Isaac Asimov<\/em><\/p>\n<p>[\/et_pb_text][et_pb_text admin_label=&#8220;Text_To Every Sovereign His Own Mass&#8220; module_class=&#8220;ap__grid-element ap__p row-start-16 row-end-17 row-start-sm-18 row-end-sm-20  col-start-3 col-end-11&#8243; _builder_version=&#8220;4.9.1&#8243; _module_preset=&#8220;default&#8220;]<\/p>\n<p><strong>To Every Sovereign His Own Mass<\/strong><br \/>The sovereignty over measurements was an instrument of domination as measures and weights were the privilege of the sovereign. Thus, there was no will and, above all, no central authority to harmonise the measurements. The Styrian measures of capacity and length remained in place until about 1853.<\/p>\n<p>[\/et_pb_text][et_pb_text admin_label=&#8220;Zitat 3&#8243; module_class=&#8220;ap__grid-element ap__citation row-start-18 row-end-20 row-start-sm-21 row-end-sm-23  col-start-2 col-end-9&#8243; _builder_version=&#8220;4.9.1&#8243; _module_preset=&#8220;default&#8220; hover_enabled=&#8220;0&#8243; sticky_enabled=&#8220;0&#8243;]<\/p>\n<p><strong>\u201cMeasure what is measurable, and make measurable what is not so.\u201d<\/strong><br \/><em>\u2013 (Attributed to) Galileo Galilei<\/em><\/p>\n<p>[\/et_pb_text][et_pb_text admin_label=&#8220;Text_On the Way to Equal Measurements&#8220; module_class=&#8220;ap__grid-element ap__p row-start-21 row-end-22 row-start-sm-24 row-end-sm-26  col-start-3 col-end-11&#8243; _builder_version=&#8220;4.9.1&#8243; _module_preset=&#8220;default&#8220;]<\/p>\n<p><strong>On the Way to Equal Measurements<\/strong><br \/>The initial spark for a universal system of measurement was the French Revolution, whose National Assembly introduced the metre in 1791. There are objective criteria behind the new measure of length: it is the ten-millionth part of the length of an Earth meridian between the North Pole and the equator.<\/p>\n<p>[\/et_pb_text][et_pb_text admin_label=&#8220;Zitat 4&#8243; module_class=&#8220;ap__grid-element ap__citation row-start-23 row-end-25 row-start-sm-27 row-end-sm-29  col-start-2 col-end-9&#8243; _builder_version=&#8220;4.9.1&#8243; _module_preset=&#8220;default&#8220; hover_enabled=&#8220;0&#8243; sticky_enabled=&#8220;0&#8243;]<\/p>\n<p><strong>\u201cExact measuring means excluding avoidable uncertainty factors and correctly assessing the amount of avoidable uncertainties.\u201d<\/strong><br \/><em>\u2013 Andrew Robinson<\/em><\/p>\n<p>[\/et_pb_text][et_pb_text admin_label=&#8220;Text: A Standardised System of Measurement for (almost) the Whole World &#8220; module_class=&#8220;ap__grid-element ap__p row-start-26 row-end-27 row-start-sm-30 row-end-sm-32  col-start-3 col-end-11&#8243; _builder_version=&#8220;4.9.1&#8243; _module_preset=&#8220;default&#8220;]<\/p>\n<p><strong>A Standardised System of Measurement for (almost) the Whole World<\/strong><br \/>In 1960, the 11th General Conference on Weights and Measures adopted the \u201cInternational System of Units\u201d, abbreviated SI, consisting of seven base units. These base units are largely based on derived natural constants.<\/p>\n<p>[\/et_pb_text][et_pb_text admin_label=&#8220;Table&#8220; module_class=&#8220;ap__grid-element row-start-27 row-end-29 row-start-sm-32 row-end-sm-34  col-start-3 col-end-11&#8243; _builder_version=&#8220;4.9.1&#8243; _module_preset=&#8220;default&#8220;]<\/p>\n<div style=\"overflow-x: auto;\">\n<table width=\"0\">\n<tbody>\n<tr>\n<th width=\"200\">Base Units and name of dimension<\/th>\n<th width=\"120\">Unit<\/th>\n<th width=\"150\">Unit symbols<\/th>\n<\/tr>\n<tr>\n<td width=\"200\">Time<\/td>\n<td width=\"120\">second<\/td>\n<td width=\"150\">s<\/td>\n<\/tr>\n<tr>\n<td width=\"200\">Length<\/td>\n<td width=\"120\">metre<\/td>\n<td width=\"150\">m<\/td>\n<\/tr>\n<tr>\n<td width=\"200\">Mass<\/td>\n<td width=\"120\">kilogramme<\/td>\n<td width=\"150\">kg<\/td>\n<\/tr>\n<tr>\n<td width=\"200\">Electric current<\/td>\n<td width=\"120\">ampere<\/td>\n<td width=\"150\">A<\/td>\n<\/tr>\n<tr>\n<td width=\"200\">Thermodynamic temperature<\/td>\n<td width=\"120\">kelvin<\/td>\n<td width=\"150\">K<\/td>\n<\/tr>\n<tr>\n<td width=\"200\">Amount of substance<\/td>\n<td width=\"120\">mol<\/td>\n<td width=\"150\">mol<\/td>\n<\/tr>\n<tr>\n<td width=\"200\">Luminous intensity<\/td>\n<td width=\"120\">candela<\/td>\n<td width=\"150\">cd<\/td>\n<\/tr>\n<\/tbody>\n<\/table>\n<\/div>\n<p>[\/et_pb_text][et_pb_text admin_label=&#8220;Zitat 5&#8243; module_class=&#8220;ap__grid-element ap__citation row-start-30 row-end-31 row-start-sm-35 row-end-sm-37  col-start-2 col-end-9&#8243; _builder_version=&#8220;4.9.1&#8243; _module_preset=&#8220;default&#8220; hover_enabled=&#8220;0&#8243; sticky_enabled=&#8220;0&#8243;]<\/p>\n<p><strong>\u201cPrecision is considered a sign of diligence, skill and impersonality.\u201d<\/strong><br \/><em>\u2013 Theodore Porter<\/em><\/p>\n<p>[\/et_pb_text][et_pb_text admin_label=&#8220;Text_Anglo-Saxon Foot\u2013pound\u2013second System&#8220; module_class=&#8220;ap__grid-element ap__p row-start-32 row-end-33 row-start-sm-38 row-end-sm-40  col-start-3 col-end-11&#8243; _builder_version=&#8220;4.9.1&#8243; _module_preset=&#8220;default&#8220;]<\/p>\n<p><strong>Anglo-Saxon Foot\u2013pound\u2013second System<\/strong><br \/>The British and the Americans use their traditional, non-metric systems. Speed is measured in miles per hour (mph); in rugby and American football, yards are fixed units. Internationally, the FPS system is used in maritime transport and aviation, although it differs from the SI system.<\/p>\n<p>[\/et_pb_text][\/et_pb_column][\/et_pb_row][\/et_pb_section]<\/p>\n","protected":false},"excerpt":{"rendered":"[et_pb_section fb_built=&#8220;1&#8243; _builder_version=&#8220;4.9.1&#8243; _module_preset=&#8220;default&#8220;][et_pb_row _builder_version=&#8220;4.9.1&#8243; _module_preset=&#8220;default&#8220;][et_pb_column type=&#8220;4_4&#8243; _builder_version=&#8220;4.9.1&#8243; _module_preset=&#8220;default&#8220;][et_pb_text admin_label=&#8220;Header_What is Measuring&#8220; module_class=&#8220;ap__grid-element ap__h row-start-3 row-end-5 row-end-sm-5 col-start-2 col-end-5&#8243; _builder_version=&#8220;4.9.1&#8243; _module_preset=&#8220;default&#8220;] What is measuring? [\/et_pb_text][et_pb_text admin_label=&#8220;Intro-Text_On the Cultural History of Measuring &#8220; module_class=&#8220;ap__grid-element ap__p row-start-5 row-end-7 row-end-sm-8 col-start-3 col-end-11&#8243; _builder_version=&#8220;4.9.1&#8243; _module_preset=&#8220;default&#8220;] On the Cultural History of Measuring Measuring accompanies us every day. We no longer&#8230; <a class=\"view-article\" href=\"https:\/\/www.grazmuseum.at\/antonpaar\/what-is-measuring\/\">Artikel ansehen<\/a>","protected":false},"author":2,"featured_media":0,"parent":0,"menu_order":0,"comment_status":"closed","ping_status":"closed","template":"template-antonpaar-home.php","meta":{"_acf_changed":false,"_et_pb_use_builder":"on","_et_pb_old_content":"[et_pb_section fb_built=\"1\" _builder_version=\"4.9.1\" _module_preset=\"default\"][et_pb_row _builder_version=\"4.9.1\" _module_preset=\"default\"][et_pb_column type=\"4_4\" _builder_version=\"4.9.1\" _module_preset=\"default\"][et_pb_text admin_label=\"Header_Was ist Messen\" _builder_version=\"4.9.1\" _module_preset=\"default\"]<h2>Was ist Messen?<\/h2>\r\n[\/et_pb_text][et_pb_image admin_label=\"Bild_ Was ist Messen\" _builder_version=\"4.9.1\" _module_preset=\"default\"][\/et_pb_image][et_pb_text admin_label=\"Intro-Text_Zur Kulturgeschichte des Messens\" _builder_version=\"4.9.1\" _module_preset=\"default\"]<p><strong>Zur Kulturgeschichte des Messens<\/strong><br \/>Das Messen begleitet uns tagt\u00e4glich. Wir merken nicht einmal mehr, wann wir messen und was wir alles messen. So beginnt unser Tag mit dem Wecker, der auf Zeitmessung basiert. Wir wiegen unsere K\u00f6rper mit der Personenwaage, beim Kochen bemengen wir die Zutaten mittels K\u00fcchenwaage oder Messbecher. Lebensmittel kaufen wir nach Gewicht. Den Wasserverbrauch zeigt der Wasserz\u00e4hler an. Die Kleidung w\u00e4hlen wir nach Messungen der Wetterstationen und fahren wir im Auto, so prasselt Information zu Geschwindigkeit, \u00d6ltemperatur, Benzinstand oder Wegstrecke auf uns ein. Messen ist trivial und doch spannend.<\/p>\r\n[\/et_pb_text][et_pb_text _builder_version=\"4.9.1\" _module_preset=\"default\" admin_label=\"Zitat 1\" hover_enabled=\"0\" sticky_enabled=\"0\"]<p><strong>\u201eDer Mensch ist das Ma\u00df aller Dinge.\u201c<\/strong> \u2013 Protagoras (zugeschrieben)<\/p>\r\n[\/et_pb_text][et_pb_text admin_label=\"TExt_Urma\u00dfe\" _builder_version=\"4.9.1\" _module_preset=\"default\"]<p><strong>Urma\u00dfe<\/strong><br \/>Ma\u00dfeinheiten entstanden parallel zur Schrift. Die mesopotamische Nippur-Elle ist mit 4.500 Jahren das \u00e4lteste erhaltene, aber l\u00e4ngst nicht das \u00e4lteste L\u00e4ngenma\u00df. Bis zur Neuzeit bildete die menschliche Anatomie meist das Ma\u00df aller Dinge, so etwa Fu\u00df, Elle, Tagwerk, Morgen, Scheffel oder Pfund.<\/p>\r\n[\/et_pb_text][et_pb_text _builder_version=\"4.9.1\" _module_preset=\"default\" admin_label=\"Zitat 2\" hover_enabled=\"0\" sticky_enabled=\"0\"]<p><strong>\u201eWir d\u00fcrfen nicht vergessen, dass Ma\u00dfe f\u00fcr den Menschen gemacht sind, und nicht der Mensch f\u00fcr die Ma\u00dfe.\u201c<\/strong> \u2013 Issac Asimov<\/p>\r\n[\/et_pb_text][et_pb_text admin_label=\"Text_Jedem Herrscher seine eigenen Ma\u00dfe\" _builder_version=\"4.9.1\" _module_preset=\"default\"]<p><strong>Jedem Herrscher seine eigenen Ma\u00dfe<\/strong><br \/>Die Hoheit \u00fcber Ma\u00dfe war ein Herrschaftsinstrument. Ma\u00dfe und Gewichte waren n\u00e4mlich landesf\u00fcrstliches Privileg. F\u00fcr die Angleichung der Ma\u00dfe fehlten der Wille und vor allem eine Zentralgewalt. Die steirischen Hohl- und L\u00e4ngenma\u00dfe blieben etwa bis 1853 bestehen<\/p>\r\n[\/et_pb_text][et_pb_text _builder_version=\"4.9.1\" _module_preset=\"default\" admin_label=\"Zitat 3\" hover_enabled=\"0\" sticky_enabled=\"0\"]<p><strong>\u201eMessen was messbar ist, und messbar machen, was nicht messbar ist.\u201c<\/strong> \u2013 Galileo Galilei (zugeschrieben)<\/p>\r\n[\/et_pb_text][et_pb_text admin_label=\"Text_Auf dem Weg zu gleichen Ma\u00dfen\" _builder_version=\"4.9.1\" _module_preset=\"default\"]<p><strong>Auf dem Weg zu gleichen Ma\u00dfen<\/strong><br \/>Die Initialz\u00fcndung f\u00fcr ein universelles Ma\u00dfsystem war die Franz\u00f6sische Revolution, deren Nationalversammlung 1791 den Meter einf\u00fchrte. Hinter dem neuen L\u00e4ngenma\u00df stehen objektive Kriterien: er ist der zehnmillionste Teil der L\u00e4nge eines Erdmeridians zwischen Nordpol und dem \u00c4quator.<\/p>\r\n[\/et_pb_text][et_pb_text _builder_version=\"4.9.1\" _module_preset=\"default\" admin_label=\"Zitat 4\" hover_enabled=\"0\" sticky_enabled=\"0\"]<p><strong>\u201eExakt messen hei\u00dft, vermeidbare Unsicherheitsfaktoren auszuschlie\u00dfen, und die Gr\u00f6\u00dfe vermeidbarer Unsicherheiten richtig einzusch\u00e4tzen.\u201c<\/strong><\/p>\r\n[\/et_pb_text][et_pb_text admin_label=\"Text+Tabelle: Ein einheitliches Ma\u00dfsystem f\u00fcr....\" _builder_version=\"4.9.1\" _module_preset=\"default\"]<p><strong>Ein einheitliches Ma\u00dfsystem f\u00fcr (fast) die ganze Welt<\/strong><br \/>Die 11. Generalkonferenz f\u00fcr Ma\u00df und Gewicht beschloss 1960 das \u201eInternationale Einheitssystem\u201c, abgek\u00fcrzt SI, aus sieben Basiseinheiten. Diese Basiseinheiten beruhen weitestgehend auf abgeleiteten Naturkonstanten.<\/p>\r\n<table width=\"0\">\r\n<tbody>\r\n<tr>\r\n<td width=\"123\">Basisgr\u00f6\u00dfen und Dimensionsname<\/td>\r\n<td width=\"104\">Einheit<\/td>\r\n<td width=\"151\">Einheitszeichen<\/td>\r\n<\/tr>\r\n<tr>\r\n<td width=\"123\">Zeit<\/td>\r\n<td width=\"104\">Sekunde<\/td>\r\n<td width=\"151\">s<\/td>\r\n<\/tr>\r\n<tr>\r\n<td width=\"123\">L\u00e4nge<\/td>\r\n<td width=\"104\">Meter<\/td>\r\n<td width=\"151\">m<\/td>\r\n<\/tr>\r\n<tr>\r\n<td width=\"123\">Masse<\/td>\r\n<td width=\"104\">Kilogramm<\/td>\r\n<td width=\"151\">kg<\/td>\r\n<\/tr>\r\n<tr>\r\n<td width=\"123\">Stromst\u00e4rke<\/td>\r\n<td width=\"104\">Ampere<\/td>\r\n<td width=\"151\">A<\/td>\r\n<\/tr>\r\n<tr>\r\n<td width=\"123\">Thermodynamische Temperatur<\/td>\r\n<td width=\"104\">Kelvin<\/td>\r\n<td width=\"151\">K<\/td>\r\n<\/tr>\r\n<tr>\r\n<td width=\"123\">Stoffmenge<\/td>\r\n<td width=\"104\">Mol<\/td>\r\n<td width=\"151\">mol<\/td>\r\n<\/tr>\r\n<tr>\r\n<td width=\"123\">Lichtst\u00e4rke<\/td>\r\n<td width=\"104\">Candela<\/td>\r\n<td width=\"151\">cd<\/td>\r\n<\/tr>\r\n<\/tbody>\r\n<\/table>\r\n[\/et_pb_text][et_pb_text _builder_version=\"4.9.1\" _module_preset=\"default\" admin_label=\"Zitat 5\" hover_enabled=\"0\" sticky_enabled=\"0\"]<p><strong>\u201ePr\u00e4zision gilt als Zeichen von Flei\u00df, Geschick und Unpers\u00f6nlichkeit.\u201c<\/strong><\/p>\r\n[\/et_pb_text][et_pb_text admin_label=\"Text_Angels\u00e4chsisches Foot-Pound-Second-System\" _builder_version=\"4.9.1\" _module_preset=\"default\"]<p><strong>Angels\u00e4chsisches Foot-Pound-Second-System<\/strong><br \/>Briten und US-Amerikaner benutzen ihre traditionellen, nichtmetrischen Systeme. Geschwindigkeit wird mit Miles per hour (mph) gemessen, im Rugby und American Football sind Yards feste Gr\u00f6\u00dfen. International Verwendung findet das FPS-System in der See- und Luftfahrt, obwohl es vom SI-System abweicht.<\/p>\r\n[\/et_pb_text][\/et_pb_column][\/et_pb_row][\/et_pb_section]","_et_gb_content_width":"","footnotes":""},"class_list":["post-84","page","type-page","status-publish","hentry"],"acf":[],"yoast_head":"<!-- This site is optimized with the Yoast SEO plugin v26.5 - https:\/\/yoast.com\/wordpress\/plugins\/seo\/ -->\n<title>What is measuring? - Anton Paar<\/title>\n<meta name=\"robots\" content=\"index, follow, max-snippet:-1, max-image-preview:large, max-video-preview:-1\" \/>\n<link rel=\"canonical\" href=\"https:\/\/www.grazmuseum.at\/antonpaar\/en\/what-is-measuring\/\" \/>\n<meta property=\"og:locale\" content=\"de_DE\" \/>\n<meta property=\"og:type\" content=\"article\" \/>\n<meta property=\"og:title\" content=\"What is measuring? - Anton Paar\" \/>\n<meta property=\"og:description\" content=\"[et_pb_section fb_built=&#8220;1&#8243; _builder_version=&#8220;4.9.1&#8243; _module_preset=&#8220;default&#8220;][et_pb_row _builder_version=&#8220;4.9.1&#8243; _module_preset=&#8220;default&#8220;][et_pb_column type=&#8220;4_4&#8243; _builder_version=&#8220;4.9.1&#8243; _module_preset=&#8220;default&#8220;][et_pb_text admin_label=&#8220;Header_What is Measuring&#8220; module_class=&#8220;ap__grid-element ap__h row-start-3 row-end-5 row-end-sm-5 col-start-2 col-end-5&#8243; _builder_version=&#8220;4.9.1&#8243; _module_preset=&#8220;default&#8220;] What is measuring? [\/et_pb_text][et_pb_text admin_label=&#8220;Intro-Text_On the Cultural History of Measuring &#8220; module_class=&#8220;ap__grid-element ap__p row-start-5 row-end-7 row-end-sm-8 col-start-3 col-end-11&#8243; _builder_version=&#8220;4.9.1&#8243; _module_preset=&#8220;default&#8220;] On the Cultural History of Measuring Measuring accompanies us every day. We no longer... Artikel ansehen\" \/>\n<meta property=\"og:url\" content=\"https:\/\/www.grazmuseum.at\/antonpaar\/en\/what-is-measuring\/\" \/>\n<meta property=\"og:site_name\" content=\"Anton Paar\" \/>\n<meta property=\"article:modified_time\" content=\"2022-02-09T13:36:27+00:00\" \/>\n<meta name=\"twitter:card\" content=\"summary_large_image\" \/>\n<meta name=\"twitter:label1\" content=\"Gesch\u00e4tzte Lesezeit\" \/>\n\t<meta name=\"twitter:data1\" content=\"4\u00a0Minuten\" \/>\n<script type=\"application\/ld+json\" class=\"yoast-schema-graph\">{\"@context\":\"https:\/\/schema.org\",\"@graph\":[{\"@type\":\"WebPage\",\"@id\":\"https:\/\/www.grazmuseum.at\/antonpaar\/en\/what-is-measuring\/\",\"url\":\"https:\/\/www.grazmuseum.at\/antonpaar\/en\/what-is-measuring\/\",\"name\":\"What is measuring? - Anton Paar\",\"isPartOf\":{\"@id\":\"https:\/\/www.grazmuseum.at\/antonpaar\/#website\"},\"datePublished\":\"2022-02-04T12:34:46+00:00\",\"dateModified\":\"2022-02-09T13:36:27+00:00\",\"breadcrumb\":{\"@id\":\"https:\/\/www.grazmuseum.at\/antonpaar\/en\/what-is-measuring\/#breadcrumb\"},\"inLanguage\":\"de\",\"potentialAction\":[{\"@type\":\"ReadAction\",\"target\":[\"https:\/\/www.grazmuseum.at\/antonpaar\/en\/what-is-measuring\/\"]}]},{\"@type\":\"BreadcrumbList\",\"@id\":\"https:\/\/www.grazmuseum.at\/antonpaar\/en\/what-is-measuring\/#breadcrumb\",\"itemListElement\":[{\"@type\":\"ListItem\",\"position\":1,\"name\":\"Startseite\",\"item\":\"https:\/\/www.grazmuseum.at\/antonpaar\/\"},{\"@type\":\"ListItem\",\"position\":2,\"name\":\"What is measuring?\"}]},{\"@type\":\"WebSite\",\"@id\":\"https:\/\/www.grazmuseum.at\/antonpaar\/#website\",\"url\":\"https:\/\/www.grazmuseum.at\/antonpaar\/\",\"name\":\"Anton Paar\",\"description\":\"Eine weitere GrazMuseum Websites Website\",\"potentialAction\":[{\"@type\":\"SearchAction\",\"target\":{\"@type\":\"EntryPoint\",\"urlTemplate\":\"https:\/\/www.grazmuseum.at\/antonpaar\/?s={search_term_string}\"},\"query-input\":{\"@type\":\"PropertyValueSpecification\",\"valueRequired\":true,\"valueName\":\"search_term_string\"}}],\"inLanguage\":\"de\"}]}<\/script>\n<!-- \/ Yoast SEO plugin. -->","yoast_head_json":{"title":"What is measuring? - Anton Paar","robots":{"index":"index","follow":"follow","max-snippet":"max-snippet:-1","max-image-preview":"max-image-preview:large","max-video-preview":"max-video-preview:-1"},"canonical":"https:\/\/www.grazmuseum.at\/antonpaar\/en\/what-is-measuring\/","og_locale":"de_DE","og_type":"article","og_title":"What is measuring? - Anton Paar","og_description":"[et_pb_section fb_built=&#8220;1&#8243; _builder_version=&#8220;4.9.1&#8243; _module_preset=&#8220;default&#8220;][et_pb_row _builder_version=&#8220;4.9.1&#8243; _module_preset=&#8220;default&#8220;][et_pb_column type=&#8220;4_4&#8243; _builder_version=&#8220;4.9.1&#8243; _module_preset=&#8220;default&#8220;][et_pb_text admin_label=&#8220;Header_What is Measuring&#8220; module_class=&#8220;ap__grid-element ap__h row-start-3 row-end-5 row-end-sm-5 col-start-2 col-end-5&#8243; _builder_version=&#8220;4.9.1&#8243; _module_preset=&#8220;default&#8220;] What is measuring? [\/et_pb_text][et_pb_text admin_label=&#8220;Intro-Text_On the Cultural History of Measuring &#8220; module_class=&#8220;ap__grid-element ap__p row-start-5 row-end-7 row-end-sm-8 col-start-3 col-end-11&#8243; _builder_version=&#8220;4.9.1&#8243; _module_preset=&#8220;default&#8220;] On the Cultural History of Measuring Measuring accompanies us every day. We no longer... Artikel ansehen","og_url":"https:\/\/www.grazmuseum.at\/antonpaar\/en\/what-is-measuring\/","og_site_name":"Anton Paar","article_modified_time":"2022-02-09T13:36:27+00:00","twitter_card":"summary_large_image","twitter_misc":{"Gesch\u00e4tzte Lesezeit":"4\u00a0Minuten"},"schema":{"@context":"https:\/\/schema.org","@graph":[{"@type":"WebPage","@id":"https:\/\/www.grazmuseum.at\/antonpaar\/en\/what-is-measuring\/","url":"https:\/\/www.grazmuseum.at\/antonpaar\/en\/what-is-measuring\/","name":"What is measuring? - Anton Paar","isPartOf":{"@id":"https:\/\/www.grazmuseum.at\/antonpaar\/#website"},"datePublished":"2022-02-04T12:34:46+00:00","dateModified":"2022-02-09T13:36:27+00:00","breadcrumb":{"@id":"https:\/\/www.grazmuseum.at\/antonpaar\/en\/what-is-measuring\/#breadcrumb"},"inLanguage":"de","potentialAction":[{"@type":"ReadAction","target":["https:\/\/www.grazmuseum.at\/antonpaar\/en\/what-is-measuring\/"]}]},{"@type":"BreadcrumbList","@id":"https:\/\/www.grazmuseum.at\/antonpaar\/en\/what-is-measuring\/#breadcrumb","itemListElement":[{"@type":"ListItem","position":1,"name":"Startseite","item":"https:\/\/www.grazmuseum.at\/antonpaar\/"},{"@type":"ListItem","position":2,"name":"What is measuring?"}]},{"@type":"WebSite","@id":"https:\/\/www.grazmuseum.at\/antonpaar\/#website","url":"https:\/\/www.grazmuseum.at\/antonpaar\/","name":"Anton Paar","description":"Eine weitere GrazMuseum Websites Website","potentialAction":[{"@type":"SearchAction","target":{"@type":"EntryPoint","urlTemplate":"https:\/\/www.grazmuseum.at\/antonpaar\/?s={search_term_string}"},"query-input":{"@type":"PropertyValueSpecification","valueRequired":true,"valueName":"search_term_string"}}],"inLanguage":"de"}]}},"_links":{"self":[{"href":"https:\/\/www.grazmuseum.at\/antonpaar\/wp-json\/wp\/v2\/pages\/84","targetHints":{"allow":["GET"]}}],"collection":[{"href":"https:\/\/www.grazmuseum.at\/antonpaar\/wp-json\/wp\/v2\/pages"}],"about":[{"href":"https:\/\/www.grazmuseum.at\/antonpaar\/wp-json\/wp\/v2\/types\/page"}],"author":[{"embeddable":true,"href":"https:\/\/www.grazmuseum.at\/antonpaar\/wp-json\/wp\/v2\/users\/2"}],"replies":[{"embeddable":true,"href":"https:\/\/www.grazmuseum.at\/antonpaar\/wp-json\/wp\/v2\/comments?post=84"}],"version-history":[{"count":8,"href":"https:\/\/www.grazmuseum.at\/antonpaar\/wp-json\/wp\/v2\/pages\/84\/revisions"}],"predecessor-version":[{"id":586,"href":"https:\/\/www.grazmuseum.at\/antonpaar\/wp-json\/wp\/v2\/pages\/84\/revisions\/586"}],"wp:attachment":[{"href":"https:\/\/www.grazmuseum.at\/antonpaar\/wp-json\/wp\/v2\/media?parent=84"}],"curies":[{"name":"wp","href":"https:\/\/api.w.org\/{rel}","templated":true}]}}