{"id":79,"date":"2022-02-04T13:24:32","date_gmt":"2022-02-04T12:24:32","guid":{"rendered":"https:\/\/www.grazmuseum.at\/antonpaar\/?page_id=79"},"modified":"2022-02-16T09:18:19","modified_gmt":"2022-02-16T08:18:19","slug":"what-do-anton-paar-do","status":"publish","type":"page","link":"https:\/\/www.grazmuseum.at\/antonpaar\/what-do-anton-paar-do\/","title":{"rendered":"What do Anton Paar do?"},"content":{"rendered":"<p>[et_pb_section fb_built=&#8220;1&#8243; _builder_version=&#8220;4.9.1&#8243; _module_preset=&#8220;default&#8220;][et_pb_row _builder_version=&#8220;4.9.1&#8243; _module_preset=&#8220;default&#8220;][et_pb_column type=&#8220;4_4&#8243; _builder_version=&#8220;4.9.1&#8243; _module_preset=&#8220;default&#8220;][et_pb_image src=&#8220;https:\/\/www.grazmuseum.at\/antonpaar\/wp-content\/uploads\/sites\/5\/2022\/02\/Bild_Was-macht-Anton-Paar_c-Anton-Paar-GmbH.jpg&#8220; title_text=&#8220;Messger\u00e4te \u00a9 Anton Paar GmbH&#8220; admin_label=&#8220;Header_Bild_Was macht Anton Paar&#8220; module_class=&#8220;ap__grid-element ap__hero row-start-1 row-end-5 row-end-sm-3 col-start-1 col-end-11&#8243; _builder_version=&#8220;4.9.1&#8243; _module_preset=&#8220;default&#8220;][\/et_pb_image][et_pb_text admin_label=&#8220;Header_Was macht Anton Paar_ENG&#8220; module_class=&#8220;ap__grid-element ap__hero__h row-start-3 row-end-5 row-end-sm-4 col-start-2 col-end-8&#8243; _builder_version=&#8220;4.9.1&#8243; _module_preset=&#8220;default&#8220;]<\/p>\n<h1>What do Anton Paar do?<\/h1>\n<p>[\/et_pb_text][et_pb_text admin_label=&#8220;Text_Was macht Anton Paar_ENG&#8220; module_class=&#8220;ap__grid-element ap__p row-start-5 row-end-7 row-end-sm-8 col-start-3 col-end-11&#8243; _builder_version=&#8220;4.9.1&#8243; _module_preset=&#8220;default&#8220;]<\/p>\n<p>Anton Paar stands for high-precision-measuring devices. What\u2019s of particular interest is that they are developed as well as produced at the company. Instruments which can deliver accurate measuring results even at the nanoscale not only require the latest measuring techniques but also the most precise ways of production. This combination can be found at Anton Paar: whereas employees operate on the highest level of research and constantly search for the most innovative solutions to create even more precise measuring methods, Anton Paar still is a locksmith\u2019s shop with a specification in the production of the most precise elements of measuring devices.<\/p>\n<p>[\/et_pb_text][et_pb_text admin_label=&#8220;H2: Innovation&#8220; module_class=&#8220;ap__grid-element ap__h2 row-start-8 row-end-9 row-start-sm-9 row-end-sm-10 col-start-2 col-end-6&#8243; _builder_version=&#8220;4.9.1&#8243; _module_preset=&#8220;default&#8220;]<\/p>\n<h2>Innovation<\/h2>\n<p>[\/et_pb_text][et_pb_video src=&#8220;https:\/\/youtu.be\/re7J9h3aZMo&#8220; admin_label=&#8220;Video_Innovation&#8220; module_class=&#8220;ap__grid-element row-start-9 row-end-13 row-start-sm-10 row-end-sm-12 col-start-2 col-end-9&#8243; _builder_version=&#8220;4.9.1&#8243; _module_preset=&#8220;default&#8220;][\/et_pb_video][et_pb_text admin_label=&#8220;Credits_Video Innovation&#8220; module_class=&#8220;ap__grid-element ap__sub row-start-13 row-end-14 row-start-sm-12 row-end-sm-14 col-start-2 col-end-9&#8243; _builder_version=&#8220;4.9.1&#8243; _module_preset=&#8220;default&#8220;]<\/p>\n<p><strong>Gerhard Murer:<\/strong> Business Area Manager Future Business Activities<br \/><strong>Christian Moitzi:<\/strong> Research and Development<\/p>\n<p>[\/et_pb_text][et_pb_text admin_label=&#8220;Text zu Video Innovation_ENG&#8220; module_class=&#8220;ap__grid-element ap__p row-start-14 row-end-16 row-start-sm-14 row-end-sm-18 col-start-2 col-end-9&#8243; _builder_version=&#8220;4.9.1&#8243; _module_preset=&#8220;default&#8220;]<\/p>\n<p><strong>The Handed Down Capital. Producing Professionally and to High-quality Standards<\/strong><br \/>Anton Paar looks back on a company history that started with establishing a locksmith\u2019s shop in 1922. This tradition has been honoured to the present day. Even though the company is a global player today, craftsmanship still enjoys high priority in production in Graz and at the European and non-European production sites. Computer-controlled, mechanised and fully automated production guarantees high-precision manufacturing of the measuring instruments, while the traditional skills of the locksmith\u2019s trade ensure their required quality.<\/p>\n<p>[\/et_pb_text][et_pb_text admin_label=&#8220;H2: Tradition&#8220; module_class=&#8220;ap__grid-element ap__h2 row-start-17 row-end-18 row-start-sm-19 row-end-sm-20 col-start-3 col-end-7&#8243; _builder_version=&#8220;4.9.1&#8243; _module_preset=&#8220;default&#8220;]<\/p>\n<h2>Tradition<\/h2>\n<p>[\/et_pb_text][et_pb_video src=&#8220;https:\/\/youtu.be\/CKwzhawlAco&#8220; admin_label=&#8220;Video_Tradition&#8220; module_class=&#8220;ap__grid-element row-start-18 row-end-22 row-start-sm-20 row-end-sm-22 col-start-3 col-end-10&#8243; _builder_version=&#8220;4.9.1&#8243; _module_preset=&#8220;default&#8220;][\/et_pb_video][et_pb_text admin_label=&#8220;Credits Video Tradition&#8220; module_class=&#8220;ap__grid-element ap__sub row-start-22 row-end-23 row-start-sm-22 row-end-sm-23 col-start-3 col-end-10&#8243; _builder_version=&#8220;4.9.1&#8243; _module_preset=&#8220;default&#8220;]<\/p>\n<p><strong>Gerhard Steinwender:<\/strong> Quality Inspection (pensioniert)<br \/><strong>Mara Kornschober:<\/strong> Automation and Robotics Assembly<\/p>\n<p>[\/et_pb_text][et_pb_text admin_label=&#8220;Text zu Video Tradition_ENG&#8220; module_class=&#8220;ap__grid-element ap__p row-start-23 row-end-25 row-start-sm-23 row-end-sm-27 col-start-3 col-end-10&#8243; _builder_version=&#8220;4.9.1&#8243; _module_preset=&#8220;default&#8220;]<\/p>\n<p><strong>The Intellectual Capital. Looking for and Finding Solutions Creatively<\/strong><br \/>Innovation is more than a frequently-used business buzzword. It determines the progress and often the continued existence of companies. At Anton Paar, as a high-tech company specialising in high-precision measuring instruments, innovative development is the foundation for success. In the area of research and development, employees work on new or improved measuring instruments and keep up with the latest developments in physics and chemistry. This applied research is a development process lasting many years, at the end of which there is ideally a marketable product.<\/p>\n<p>[\/et_pb_text][et_pb_text admin_label=&#8220;H2: Ideas&#8220; module_class=&#8220;ap__grid-element ap__h2 row-start-26 row-end-27 row-start-sm-28 row-end-sm-29 col-start-2 col-end-6&#8243; _builder_version=&#8220;4.9.1&#8243; _module_preset=&#8220;default&#8220;]<\/p>\n<h2>Ideas<\/h2>\n<p>[\/et_pb_text][et_pb_video src=&#8220;https:\/\/youtu.be\/6x93FrUThHo&#8220; admin_label=&#8220;Video_Ideen&#8220; module_class=&#8220;ap__grid-element row-start-27 row-end-31 row-start-sm-29 row-end-sm-31 col-start-2 col-end-9&#8243; _builder_version=&#8220;4.9.1&#8243; _module_preset=&#8220;default&#8220; hover_enabled=&#8220;0&#8243; sticky_enabled=&#8220;0&#8243;][\/et_pb_video][et_pb_text admin_label=&#8220;Credits Video Ideen&#8220; module_class=&#8220;ap__grid-element ap__sub row-start-31 row-end-32 row-start-sm-31 row-end-sm-32 col-start-2 col-end-9&#8243; _builder_version=&#8220;4.9.1&#8243; _module_preset=&#8220;default&#8220;]<\/p>\n<p><strong>Christine K\u00f6rner:<\/strong> General Manager Anton Paar Consumer Tec GmbH<br \/><strong>Gebhard Sauseng:<\/strong> Brewer &amp; Beersommelier<\/p>\n<p>[\/et_pb_text][\/et_pb_column][\/et_pb_row][\/et_pb_section]<\/p>\n","protected":false},"excerpt":{"rendered":"[et_pb_section fb_built=&#8220;1&#8243; _builder_version=&#8220;4.9.1&#8243; _module_preset=&#8220;default&#8220;][et_pb_row _builder_version=&#8220;4.9.1&#8243; _module_preset=&#8220;default&#8220;][et_pb_column type=&#8220;4_4&#8243; _builder_version=&#8220;4.9.1&#8243; _module_preset=&#8220;default&#8220;][et_pb_image src=&#8220;https:\/\/www.grazmuseum.at\/antonpaar\/wp-content\/uploads\/sites\/5\/2022\/02\/Bild_Was-macht-Anton-Paar_c-Anton-Paar-GmbH.jpg&#8220; title_text=&#8220;Messger\u00e4te \u00a9 Anton Paar GmbH&#8220; admin_label=&#8220;Header_Bild_Was macht Anton Paar&#8220; module_class=&#8220;ap__grid-element ap__hero row-start-1 row-end-5 row-end-sm-3 col-start-1 col-end-11&#8243; _builder_version=&#8220;4.9.1&#8243; _module_preset=&#8220;default&#8220;][\/et_pb_image][et_pb_text admin_label=&#8220;Header_Was macht Anton Paar_ENG&#8220; module_class=&#8220;ap__grid-element ap__hero__h row-start-3 row-end-5 row-end-sm-4 col-start-2 col-end-8&#8243; _builder_version=&#8220;4.9.1&#8243; _module_preset=&#8220;default&#8220;] What do Anton Paar do? [\/et_pb_text][et_pb_text admin_label=&#8220;Text_Was macht Anton Paar_ENG&#8220; module_class=&#8220;ap__grid-element ap__p row-start-5 row-end-7&#8230; <a class=\"view-article\" href=\"https:\/\/www.grazmuseum.at\/antonpaar\/what-do-anton-paar-do\/\">Artikel ansehen<\/a>","protected":false},"author":2,"featured_media":0,"parent":0,"menu_order":0,"comment_status":"closed","ping_status":"closed","template":"template-antonpaar-home.php","meta":{"_acf_changed":false,"_et_pb_use_builder":"on","_et_pb_old_content":"[et_pb_section fb_built=\"1\" _builder_version=\"4.9.1\" _module_preset=\"default\"][et_pb_row _builder_version=\"4.9.1\" _module_preset=\"default\"][et_pb_column type=\"4_4\" _builder_version=\"4.9.1\" _module_preset=\"default\"][et_pb_text admin_label=\"Header_Was macht Anton Paar\" _builder_version=\"4.9.1\" _module_preset=\"default\"]<h2>Was macht Anton Paar?<\/h2>\r\n[\/et_pb_text][et_pb_image admin_label=\"Header_Bild_Was macht Anton Paar\" _builder_version=\"4.9.1\" _module_preset=\"default\"][\/et_pb_image][et_pb_text admin_label=\"Text_Was macht Anton Paar\" _builder_version=\"4.9.1\" _module_preset=\"default\"]<p>Lorem ipsuim - kommt noch von Bernhard<\/p>\r\n[\/et_pb_text][et_pb_video src=\"https:\/\/youtu.be\/d_8fuULFKa4\" admin_label=\"Video_Innovation\" _builder_version=\"4.9.1\" _module_preset=\"default\"][\/et_pb_video][et_pb_text admin_label=\"Credits_Video Innovation\" _builder_version=\"4.9.1\" _module_preset=\"default\"]<p><strong>INNOVATION<\/strong><br \/><strong>Gerhard Murer:<\/strong> Business Area Manager Future Business Activities<br \/><strong>Christian Moitzi:<\/strong> Research and Development<\/p>\r\n[\/et_pb_text][et_pb_text admin_label=\"Text zu Video Innovation\" _builder_version=\"4.9.1\" _module_preset=\"default\"]<p><strong>Das tradierte Kapital. Fachgerecht und qualit\u00e4tsvoll produzieren<\/strong><br \/>Anton Paar besinnt sich auf eine Firmengeschichte, an deren Anfang die Gr\u00fcndung eines Schlossereibetriebs 1922 steht. Dieser Tradition wird bis in die Gegenwart gedacht: Auch wenn der Betrieb inzwischen ein weltweit agierendes Unternehmen ist, genie\u00dft das Handwerk bei der Produktion in Graz und den europ\u00e4ischen wie au\u00dfereurop\u00e4ischen Produktionsstandorten einen hohen Stellenwert. Computergesteuerte, maschinelle und vollautomatisierte Produktion garantiert eine hochpr\u00e4zise Fertigung der Messger\u00e4te, die traditionellen Fertigkeiten des Schlosserhandwerks ihre erforderliche Qualit\u00e4t.<\/p>\r\n[\/et_pb_text][et_pb_video src=\"https:\/\/youtu.be\/pl8PRY9ry6Q\" admin_label=\"Video_Tradition\" _builder_version=\"4.9.1\" _module_preset=\"default\"][\/et_pb_video][et_pb_text admin_label=\"Credits Video Tradition\" _builder_version=\"4.9.1\" _module_preset=\"default\"]<p><strong>TRADITION<\/strong><br \/><strong>Gerhard Steinwender:<\/strong> Quality Inspection (pensioniert)<br \/><strong>Mara Kornschober:<\/strong> Automation and Robotics Assembly<\/p>\r\n[\/et_pb_text][et_pb_text admin_label=\"Text zu Video Tradition\" _builder_version=\"4.9.1\" _module_preset=\"default\"]<p><strong>Das geistige Kapital. Kreativ L\u00f6sungen suchen und finden<\/strong><br \/>Innovation ist mehr als ein h\u00e4ufiges Schlagwort der Wirtschaft. Sie bestimmt den Fortschritt und oftmals den Fortbestand von Unternehmen. Bei Anton Paar als Hightech-Betrieb mit Spezialisierung auf Hochpr\u00e4zisionsmessger\u00e4te ist innovative Entwicklung der Grundstock f\u00fcr den Erfolg. Im Bereich der Forschung und Entwicklung t\u00fcfteln Mitarbeiter*innen an neuen oder verbesserten Messinstrumenten und orientieren sich am neuesten Stand der Physik und der Chemie. Diese angewandte Forschung ist ein langj\u00e4hriger Entwicklungsprozess, an dessen Ende idealerweise ein markttaugliches Produkt steht.<\/p>\r\n[\/et_pb_text][et_pb_video src=\"https:\/\/youtu.be\/p2e7qPS43tA\" admin_label=\"Video_Ideen\" _builder_version=\"4.9.1\" _module_preset=\"default\"][\/et_pb_video][et_pb_text admin_label=\"Credits Video Ideen\" _builder_version=\"4.9.1\" _module_preset=\"default\"]<p><strong>IDEEN<\/strong><br \/><strong>Christine K\u00f6rner:<\/strong> General Manager Anton Paar Consumer Tec GmbH<br \/><strong>Gebhard Sauseng:<\/strong> Brewer & Beersommelier<\/p>\r\n[\/et_pb_text][\/et_pb_column][\/et_pb_row][\/et_pb_section]","_et_gb_content_width":"","footnotes":""},"class_list":["post-79","page","type-page","status-publish","hentry"],"acf":[],"yoast_head":"<!-- This site is optimized with the Yoast SEO plugin v26.5 - https:\/\/yoast.com\/wordpress\/plugins\/seo\/ -->\n<title>What do Anton Paar do? - Anton Paar<\/title>\n<meta name=\"robots\" content=\"index, follow, max-snippet:-1, max-image-preview:large, max-video-preview:-1\" \/>\n<link rel=\"canonical\" href=\"https:\/\/www.grazmuseum.at\/antonpaar\/en\/what-do-anton-paar-do\/\" \/>\n<meta property=\"og:locale\" content=\"de_DE\" \/>\n<meta property=\"og:type\" content=\"article\" \/>\n<meta property=\"og:title\" content=\"What do Anton Paar do? - Anton Paar\" \/>\n<meta property=\"og:description\" content=\"[et_pb_section fb_built=&#8220;1&#8243; _builder_version=&#8220;4.9.1&#8243; _module_preset=&#8220;default&#8220;][et_pb_row _builder_version=&#8220;4.9.1&#8243; _module_preset=&#8220;default&#8220;][et_pb_column type=&#8220;4_4&#8243; _builder_version=&#8220;4.9.1&#8243; _module_preset=&#8220;default&#8220;][et_pb_image src=&#8220;https:\/\/www.grazmuseum.at\/antonpaar\/wp-content\/uploads\/sites\/5\/2022\/02\/Bild_Was-macht-Anton-Paar_c-Anton-Paar-GmbH.jpg&#8220; title_text=&#8220;Messger\u00e4te \u00a9 Anton Paar GmbH&#8220; admin_label=&#8220;Header_Bild_Was macht Anton Paar&#8220; module_class=&#8220;ap__grid-element ap__hero row-start-1 row-end-5 row-end-sm-3 col-start-1 col-end-11&#8243; _builder_version=&#8220;4.9.1&#8243; _module_preset=&#8220;default&#8220;][\/et_pb_image][et_pb_text admin_label=&#8220;Header_Was macht Anton Paar_ENG&#8220; module_class=&#8220;ap__grid-element ap__hero__h row-start-3 row-end-5 row-end-sm-4 col-start-2 col-end-8&#8243; _builder_version=&#8220;4.9.1&#8243; _module_preset=&#8220;default&#8220;] What do Anton Paar do? [\/et_pb_text][et_pb_text admin_label=&#8220;Text_Was macht Anton Paar_ENG&#8220; module_class=&#8220;ap__grid-element ap__p row-start-5 row-end-7... Artikel ansehen\" \/>\n<meta property=\"og:url\" content=\"https:\/\/www.grazmuseum.at\/antonpaar\/en\/what-do-anton-paar-do\/\" \/>\n<meta property=\"og:site_name\" content=\"Anton Paar\" \/>\n<meta property=\"article:modified_time\" content=\"2022-02-16T08:18:19+00:00\" \/>\n<meta name=\"twitter:card\" content=\"summary_large_image\" \/>\n<meta name=\"twitter:label1\" content=\"Gesch\u00e4tzte Lesezeit\" \/>\n\t<meta name=\"twitter:data1\" content=\"4\u00a0Minuten\" \/>\n<script type=\"application\/ld+json\" class=\"yoast-schema-graph\">{\"@context\":\"https:\/\/schema.org\",\"@graph\":[{\"@type\":\"WebPage\",\"@id\":\"https:\/\/www.grazmuseum.at\/antonpaar\/en\/what-do-anton-paar-do\/\",\"url\":\"https:\/\/www.grazmuseum.at\/antonpaar\/en\/what-do-anton-paar-do\/\",\"name\":\"What do Anton Paar do? - Anton Paar\",\"isPartOf\":{\"@id\":\"https:\/\/www.grazmuseum.at\/antonpaar\/#website\"},\"datePublished\":\"2022-02-04T12:24:32+00:00\",\"dateModified\":\"2022-02-16T08:18:19+00:00\",\"breadcrumb\":{\"@id\":\"https:\/\/www.grazmuseum.at\/antonpaar\/en\/what-do-anton-paar-do\/#breadcrumb\"},\"inLanguage\":\"de\",\"potentialAction\":[{\"@type\":\"ReadAction\",\"target\":[\"https:\/\/www.grazmuseum.at\/antonpaar\/en\/what-do-anton-paar-do\/\"]}]},{\"@type\":\"BreadcrumbList\",\"@id\":\"https:\/\/www.grazmuseum.at\/antonpaar\/en\/what-do-anton-paar-do\/#breadcrumb\",\"itemListElement\":[{\"@type\":\"ListItem\",\"position\":1,\"name\":\"Startseite\",\"item\":\"https:\/\/www.grazmuseum.at\/antonpaar\/\"},{\"@type\":\"ListItem\",\"position\":2,\"name\":\"What do Anton Paar do?\"}]},{\"@type\":\"WebSite\",\"@id\":\"https:\/\/www.grazmuseum.at\/antonpaar\/#website\",\"url\":\"https:\/\/www.grazmuseum.at\/antonpaar\/\",\"name\":\"Anton Paar\",\"description\":\"Eine weitere GrazMuseum Websites Website\",\"potentialAction\":[{\"@type\":\"SearchAction\",\"target\":{\"@type\":\"EntryPoint\",\"urlTemplate\":\"https:\/\/www.grazmuseum.at\/antonpaar\/?s={search_term_string}\"},\"query-input\":{\"@type\":\"PropertyValueSpecification\",\"valueRequired\":true,\"valueName\":\"search_term_string\"}}],\"inLanguage\":\"de\"}]}<\/script>\n<!-- \/ Yoast SEO plugin. -->","yoast_head_json":{"title":"What do Anton Paar do? - Anton Paar","robots":{"index":"index","follow":"follow","max-snippet":"max-snippet:-1","max-image-preview":"max-image-preview:large","max-video-preview":"max-video-preview:-1"},"canonical":"https:\/\/www.grazmuseum.at\/antonpaar\/en\/what-do-anton-paar-do\/","og_locale":"de_DE","og_type":"article","og_title":"What do Anton Paar do? - Anton Paar","og_description":"[et_pb_section fb_built=&#8220;1&#8243; _builder_version=&#8220;4.9.1&#8243; _module_preset=&#8220;default&#8220;][et_pb_row _builder_version=&#8220;4.9.1&#8243; _module_preset=&#8220;default&#8220;][et_pb_column type=&#8220;4_4&#8243; _builder_version=&#8220;4.9.1&#8243; _module_preset=&#8220;default&#8220;][et_pb_image src=&#8220;https:\/\/www.grazmuseum.at\/antonpaar\/wp-content\/uploads\/sites\/5\/2022\/02\/Bild_Was-macht-Anton-Paar_c-Anton-Paar-GmbH.jpg&#8220; title_text=&#8220;Messger\u00e4te \u00a9 Anton Paar GmbH&#8220; admin_label=&#8220;Header_Bild_Was macht Anton Paar&#8220; module_class=&#8220;ap__grid-element ap__hero row-start-1 row-end-5 row-end-sm-3 col-start-1 col-end-11&#8243; _builder_version=&#8220;4.9.1&#8243; _module_preset=&#8220;default&#8220;][\/et_pb_image][et_pb_text admin_label=&#8220;Header_Was macht Anton Paar_ENG&#8220; module_class=&#8220;ap__grid-element ap__hero__h row-start-3 row-end-5 row-end-sm-4 col-start-2 col-end-8&#8243; _builder_version=&#8220;4.9.1&#8243; _module_preset=&#8220;default&#8220;] What do Anton Paar do? [\/et_pb_text][et_pb_text admin_label=&#8220;Text_Was macht Anton Paar_ENG&#8220; module_class=&#8220;ap__grid-element ap__p row-start-5 row-end-7... Artikel ansehen","og_url":"https:\/\/www.grazmuseum.at\/antonpaar\/en\/what-do-anton-paar-do\/","og_site_name":"Anton Paar","article_modified_time":"2022-02-16T08:18:19+00:00","twitter_card":"summary_large_image","twitter_misc":{"Gesch\u00e4tzte Lesezeit":"4\u00a0Minuten"},"schema":{"@context":"https:\/\/schema.org","@graph":[{"@type":"WebPage","@id":"https:\/\/www.grazmuseum.at\/antonpaar\/en\/what-do-anton-paar-do\/","url":"https:\/\/www.grazmuseum.at\/antonpaar\/en\/what-do-anton-paar-do\/","name":"What do Anton Paar do? - Anton Paar","isPartOf":{"@id":"https:\/\/www.grazmuseum.at\/antonpaar\/#website"},"datePublished":"2022-02-04T12:24:32+00:00","dateModified":"2022-02-16T08:18:19+00:00","breadcrumb":{"@id":"https:\/\/www.grazmuseum.at\/antonpaar\/en\/what-do-anton-paar-do\/#breadcrumb"},"inLanguage":"de","potentialAction":[{"@type":"ReadAction","target":["https:\/\/www.grazmuseum.at\/antonpaar\/en\/what-do-anton-paar-do\/"]}]},{"@type":"BreadcrumbList","@id":"https:\/\/www.grazmuseum.at\/antonpaar\/en\/what-do-anton-paar-do\/#breadcrumb","itemListElement":[{"@type":"ListItem","position":1,"name":"Startseite","item":"https:\/\/www.grazmuseum.at\/antonpaar\/"},{"@type":"ListItem","position":2,"name":"What do Anton Paar do?"}]},{"@type":"WebSite","@id":"https:\/\/www.grazmuseum.at\/antonpaar\/#website","url":"https:\/\/www.grazmuseum.at\/antonpaar\/","name":"Anton Paar","description":"Eine weitere GrazMuseum Websites Website","potentialAction":[{"@type":"SearchAction","target":{"@type":"EntryPoint","urlTemplate":"https:\/\/www.grazmuseum.at\/antonpaar\/?s={search_term_string}"},"query-input":{"@type":"PropertyValueSpecification","valueRequired":true,"valueName":"search_term_string"}}],"inLanguage":"de"}]}},"_links":{"self":[{"href":"https:\/\/www.grazmuseum.at\/antonpaar\/wp-json\/wp\/v2\/pages\/79","targetHints":{"allow":["GET"]}}],"collection":[{"href":"https:\/\/www.grazmuseum.at\/antonpaar\/wp-json\/wp\/v2\/pages"}],"about":[{"href":"https:\/\/www.grazmuseum.at\/antonpaar\/wp-json\/wp\/v2\/types\/page"}],"author":[{"embeddable":true,"href":"https:\/\/www.grazmuseum.at\/antonpaar\/wp-json\/wp\/v2\/users\/2"}],"replies":[{"embeddable":true,"href":"https:\/\/www.grazmuseum.at\/antonpaar\/wp-json\/wp\/v2\/comments?post=79"}],"version-history":[{"count":16,"href":"https:\/\/www.grazmuseum.at\/antonpaar\/wp-json\/wp\/v2\/pages\/79\/revisions"}],"predecessor-version":[{"id":612,"href":"https:\/\/www.grazmuseum.at\/antonpaar\/wp-json\/wp\/v2\/pages\/79\/revisions\/612"}],"wp:attachment":[{"href":"https:\/\/www.grazmuseum.at\/antonpaar\/wp-json\/wp\/v2\/media?parent=79"}],"curies":[{"name":"wp","href":"https:\/\/api.w.org\/{rel}","templated":true}]}}