{"id":617,"date":"2022-03-04T12:03:21","date_gmt":"2022-03-04T11:03:21","guid":{"rendered":"https:\/\/www.grazmuseum.at\/antonpaar\/?page_id=617"},"modified":"2022-03-04T12:22:21","modified_gmt":"2022-03-04T11:22:21","slug":"datenschutzerklaerung","status":"publish","type":"page","link":"https:\/\/www.grazmuseum.at\/antonpaar\/datenschutzerklaerung\/","title":{"rendered":"Datenschutzerkl\u00e4rung"},"content":{"rendered":"<p>[et_pb_section fb_built=&#8220;1&#8243; _builder_version=&#8220;4.9.1&#8243; _module_preset=&#8220;default&#8220;][et_pb_row _builder_version=&#8220;4.9.1&#8243; _module_preset=&#8220;default&#8220;][et_pb_column type=&#8220;4_4&#8243; _builder_version=&#8220;4.9.1&#8243; _module_preset=&#8220;default&#8220;][et_pb_text admin_label=&#8220;Header Datenschutzerkl\u00e4rung&#8220; module_class=&#8220;ap__grid-element ap__h row-start-3 row-end-4 row-start-sm-3 row-end-sm-4 col-start-2 col-end-6&#8243; _builder_version=&#8220;4.9.1&#8243; _module_preset=&#8220;default&#8220;]<\/p>\n<h1>Datenschutzerkl\u00e4rung<\/h1>\n<p>[\/et_pb_text][et_pb_text module_class=&#8220;ap__grid-element ap__longtext row-start-4 row-end-60 row-start-sm-4 row-end-sm-60 col-start-3 col-end-11&#8243; _builder_version=&#8220;4.9.1&#8243; _module_preset=&#8220;default&#8220; hover_enabled=&#8220;0&#8243; sticky_enabled=&#8220;0&#8243;]<\/p>\n<p>Erkl\u00e4rung zur Informationspflicht (Datenschutzerkl\u00e4rung)<br \/>\nf\u00fcr den Webauftritt der Stadtmuseum Graz GmbH (GrazMuseum und Stadtarchiv Graz)<br \/>\nDer Schutz Ihrer pers\u00f6nlichen Daten ist uns ein besonderes Anliegen. Wir verarbeiten Ihre Daten daher ausschlie\u00dflich auf Grundlage der gesetzlichen Bestimmungen (DSGVO, TKG 2003, AVG). In diesen Datenschutzinformationen informieren wir Sie \u00fcber die wichtigsten Aspekte der Datenverarbeitung im Rahmen unserer Website.<\/p>\n<p><strong>Kontakt mit uns<\/strong><br \/>\nWenn Sie \u00fcber das Kontakt-Formular auf unserer Website mit uns in Kontakt treten, werden Ihre angegebenen Daten (Name, Adresse, PLZ\/Ort, Telefon, E-Mail und Ihre Nachricht) zwecks Bearbeitung der Anfrage und f\u00fcr den Fall von Anschlussfragen bei uns gespeichert. Wenn Ihre Anfrage f\u00fcr uns nicht von Interesse ist, erfolgt eine umgehende L\u00f6schung dieser Anfrage mit allen personenbezogenen Daten. In allen anderen F\u00e4llen halten wir Ihre Daten solange in Evidenz, bis Sie Ihren Widerruf an <a href=\"mailto:datenschutz.grazmuseum@stadt.graz.at\">datenschutz.grazmuseum@stadt.graz.at<\/a> bzw. <a href=\"mailto:datenschutz.stadtarchiv@stadt.graz.at\">datenschutz.stadtarchiv@stadt.graz.at<\/a> \u00fcbermitteln. Die Daten geben wir nicht ohne Ihre Einwilligung weiter.<br \/>\nDas Stadtarchiv Graz bietet verschiedene Serviceleistungen an. Zur Bearbeitung der entsprechenden Anfragen sind bestimmte personenbezogene Daten erforderlich (Pflichtfelder), da ohne diese Daten die Anfrage nicht beantwortet werden kann. Weitere Daten k\u00f6nnen freiwillig \u00fcbermittelt werden. Dies gilt f\u00fcr:<\/p>\n<ul>\n<li>Archivf\u00fchrungen<\/li>\n<li>Ausk\u00fcnfte \u00fcber vorhandene Unterlagen (auf Basis des Steierm\u00e4rkischen Auskunftspflichtgesetzes)<\/li>\n<li>Stellen einer historischen Meldeanfrage<\/li>\n<li>Schutzfristverk\u00fcrzung gem\u00e4\u00df dem Steierm\u00e4rkischen Archivgesetz<\/li>\n<li>Stadthistorische Forschung<\/li>\n<li>Anbieten von Archivgut zum Zwecke der Dokumentation der Stadtgeschichte<\/li>\n<\/ul>\n<p>Diese personenbezogenen Daten werden grunds\u00e4tzlich f\u00fcr die Dauer der Beantwortung der Anfrage gespeichert. Nur die unbedingt notwendigen Daten werden aufgrund der anwendbaren gesetzlichen Bestimmungen bzw. Aufbewahrungspflichten (UGB, ABGB, BAO, etc.) f\u00fcr die vorgesehene Zeit gespeichert. Ist die Anfrage nicht von Interesse, werden die Daten umgehend gel\u00f6scht.<\/p>\n<p><strong>Newsletter<\/strong><br \/>\nSie haben die M\u00f6glichkeit, \u00fcber unsere Website Wissenswertes rund um unsere Sammlungen und Ausstellungen zu abonnieren. Sie haben auch die M\u00f6glichkeit, durch zus\u00e4tzliches Anklicken unseren Schulnewsletter zu bestellen. Hierf\u00fcr ben\u00f6tigen wir Ihren Vornamen, Nachnamen und Ihre E-Mail-Adresse sowie Ihre Erkl\u00e4rung, dass Sie mit dem Bezug des Newsletters einverstanden sind, um Ihnen Neuigkeiten \u00fcber das GrazMuseum zu \u00fcbermitteln. Das Abo des Newsletters k\u00f6nnen Sie jederzeit stornieren. Senden Sie Ihre Stornierung bitte an folgende E-Mail-Adresse: <a href=\"mailto:datenschutz.grazmuseum@stadt.graz.at\">datenschutz.grazmuseum@stadt.graz.at<\/a>. Wir l\u00f6schen anschlie\u00dfend umgehend Ihre Daten im Zusammenhang mit dem Newsletter-Versand.<\/p>\n<h2>Versand unseres Newsletters<\/h2>\n<p>Der Versand unseres Newsletters erfolgt \u00fcber den Anbieter CleverReach GmbH &amp; Co. KG, M\u00fchlenstr. 43, 26180 Rastede in Deutschland. Wir haben mit dem Anbieter eine entsprechende Vereinbarung zur Auftragsdatenverarbeitung abgeschlossen. Zur Datensicherheit des Anbieters: <a href=\"https:\/\/www.cleverreach.com\/de\/datensicherheit\/\" target=\"_blank\" rel=\"noopener noreferrer\">https:\/\/www.cleverreach.com\/de\/datensicherheit\/<\/a><\/p>\n<p><strong>Zusatzangebote<\/strong><br \/>\nWenn Sie per Post Zusatzangebote erhalten m\u00f6chten (zum Beispiel Museumsangebote speziell f\u00fcr Kinder, unseren GrazMuseum-Programmfolder etc.), ben\u00f6tigen wir zur Durchf\u00fchrung Ihren Vornamen, Nachnamen, Ihre Adresse, Postleitzahl und Ort. Ohne diese Angaben ist es uns nicht m\u00f6glich, Ihnen diese Zusatzangebote zu \u00fcbermitteln. Ihre Daten werden von uns bis zu Ihrem ausdr\u00fccklichen Widerruf an <a href=\"mailto:datenschutz.grazmuseum@stadt.graz.at\">datenschutz.grazmuseum@stadt.graz.at<\/a> gespeichert. Eine Weitergabe an Dritte \u2013 mit Ausnahme der \u00dcbermittlung an das von uns beauftragte Transportunternehmen \/ Versandunternehmen zur Zustellung der Ware \u2013 erfolgt nicht.<\/p>\n<p><strong>Cookies<\/strong><br \/>\nUnsere Website verwendet so genannte Cookies. Dabei handelt es sich um kleine Textdateien, die mit Hilfe des Browsers auf Ihrem Endger\u00e4t abgelegt werden. Sie richten keinen Schaden an.<br \/>\nWir nutzen Cookies dazu, unser Angebot nutzerfreundlich zu gestalten. Einige Cookies bleiben auf Ihrem Endger\u00e4t gespeichert, bis Sie diese l\u00f6schen. Sie erm\u00f6glichen es uns, Ihren Browser beim n\u00e4chsten Besuch wiederzuerkennen. Wenn Sie dies nicht w\u00fcnschen, so k\u00f6nnen Sie Ihren Browser so einrichten, dass er Sie \u00fcber das Setzen von Cookies informiert und Sie dies nur im Einzelfall erlauben. Bei der Deaktivierung von Cookies kann die Funktionalit\u00e4t unserer Website eingeschr\u00e4nkt sein und sich nachteilig auf das Erscheinungsbild und Ihre Nutzererfahrung auswirken.<\/p>\n<p><strong>Web-Analyse mit Matomo<\/strong><br \/>\nWir nutzen auf unserer Webseite das Open-Source-Software-Tool Matomo, die auf einem virtuellen Server des Anbieters abaton EDV-Dienstleistungs GmbH, Hans-Resel-Gasse 17, 8020 Graz, aufgesetzt wurde. Damit ist gew\u00e4hrleistet, dass keine Daten an Dritte \u00fcbermittelt werden, und die Daten unter unserer Kontrolle bleiben. Matomo verwendet Cookies. Mit diesen Cookies k\u00f6nnen wir Besuche z\u00e4hlen. Dies Textdateien werden auf Ihrem Computer gespeichert und machen es uns m\u00f6glich die Nutzung unserer Website zu analysieren. Die letzten beiden Zeichenbl\u00f6cke Ihrer IP-Adresse werden markiert, somit haben wir keine M\u00f6glichkeit technischer Art, Sie als Nutzer eindeutig zu identifizieren. Wir versteht diese Analyse als Bestandteil eines Internet-Services, um die Webseite weiter verbessern zu k\u00f6nnen und noch besser an die Bed\u00fcrfnisse der Nutzerinnen und Nutzer anzupassen. Mit dem Cookie Content beim erstmaligen Nutzen unserer Seite haben Sie die M\u00f6glichkeit zuzustimmen, ob in Ihrem Browser ein Webanalyse-Cookie abgelegt werden darf, um uns die Erfassung und Analyse statistischer Daten zu erm\u00f6glichen.<\/p>\n<p><strong>Plug-Ins sozialer Netzwerke<\/strong><br \/>\nUnsere Website beinhaltet Plug-Ins von sozialen Netzwerken (Facebook, Twitter, Google+). Diese werden direkt von den einzelnen Netzwerkanbietern zur Verf\u00fcgung gestellt. Die entsprechenden Logos:<br \/>\nSchriftzug und Symbol Facebook auf Blau in rechteckigem Feld<br \/>\nSchriftzug und Symbol Twitter auf Hellblau in rechteckigem Feld<br \/>\nSchriftzug und Symbol Google+ auf Rot in rechteckigem Feld<br \/>\nweisen auf die Plug-Ins hin.<br \/>\nFacebook wird betrieben von der Facebook Inc., 1601 S. California Ave, Palo Alto, CA 94304, USA (\u201cFacebook\u201d)<br \/>\nTwitter wird betrieben von der Twitter Inc., 1355 Market St, Suite 900, San Francisco, CA 94103.<br \/>\nGoogle+\u00a0wird betrieben von der Google Inc., 1600 Amphitheatre Parkway, Mountain View, CA 94043, USA (\u201eGoogle\u201c).<br \/>\nDurch den Besuch der Seiten unserer Website, die ein solches Plug-In integriert haben, wird zum Teil eine direkte Verbindung mit den Servern der Netzwerkanbieter hergestellt. Diese \u00fcbermitteln den Inhalt der Plug-Ins an unsere Website. Dadurch wird die Information, dass Sie die Website vom GrazMuseum besucht haben an den Netzwerkbetreiber \u00fcbermittelt. Sollten Sie w\u00e4hrend des Besuchs der Website des GrazMuseums bei einem der Netzwerkanbieter eingeloggt sein, kann dieser Ihren Besuch Ihrem Konto zuordnen. Wenn Sie dies nicht w\u00fcnschen, m\u00fcssen Sie sich vor dem Besuch der GrazMuseum-Website aus dem entsprechenden Netzwerk-Account ausloggen. Alles Weitere entnehmen Sie bitte den Datenschutzbestimmungen des jeweiligen Netzwerkanbieters:<br \/>\nDatenschutzhinweise von Facebook: <a href=\"https:\/\/www.facebook.com\/policy.php\">http:\/\/www.facebook.com\/policy.php<\/a><br \/>\nDatenschutzhinweise von Twitter: <a href=\"https:\/\/twitter.com\/privacy?lang=de\">https:\/\/twitter.com\/privacy<\/a><br \/>\nDatenschutzhinweise Google+: <a href=\"https:\/\/www.google.com\/intl\/de\/policies\/privacy\/\">https:\/\/www.google.com\/intl\/de\/policies\/privacy\/<\/a><\/p>\n<p>\n<strong>Gewinnspiele<\/strong><br \/>\nBei der Verlosung von Eintrittskarten \/ Jahreskarten erkl\u00e4rt sich der\/die Teilnehmer\/-in ausdr\u00fccklich damit einverstanden, dass die von ihm\/ihr \u00fcbermittelten personenbezogenen Daten (Nachname, E-Mail-Adresse) elektronisch gespeichert werden. Eine Weitergabe an Dritte erfolgt nicht. Diese Daten werden f\u00fcr die Bekanntgabe des Gewinners\/der Gewinnerin ben\u00f6tigt. Bei der Verlosung von Publikationen\/CDs erkl\u00e4rt sich der\/die Teilnehmer\/-in ausdr\u00fccklich damit einverstanden, dass die von ihm\/ihr \u00fcbermittelten personenbezogenen Daten (Vorname, Nachname, Adresse inkl. PLZ und Ort) elektronisch gespeichert werden \u2013 eine Weitergabe erfolgt an das von uns beauftragte Transportunternehmen \/ Versandunternehmen zur Zustellung des Gewinnes. Die gespeicherten Daten werden nach Ende des Gewinnspiels und der Bekanntgabe des Gewinners \/ der Gewinnerin und des Versandes des Gewinns umgehend gel\u00f6scht.<\/p>\n<p><strong>Webshop<\/strong><br \/>\nWir weisen darauf hin, dass zum Zweck des einfacheren Einkaufsvorganges und zur sp\u00e4teren Vertragsabwicklung im Rahmen von Cookies die IP-Daten des Anschlussinhabers gespeichert werden, ebenso wie Anrede, Vorname und Nachname, Stra\u00dfe und Hausnummer, Postleitzahl, Ort, Land und bei Firmen die UID-Nummer des K\u00e4ufers. Im Falle des Abweichens der Lieferadresse kann auch eine eigenst\u00e4ndige Rechnungsadresse mit den obig bereits erw\u00e4hnten Daten angegeben werden. Dar\u00fcber hinaus werden zum Zwecke der Vertragsabwicklung folgende Daten auch bei uns gespeichert: Anrede, Vorname und Nachname, Stra\u00dfe und Hausnummer, Postleitzahl, Ort, Land und bei Firmen die UID-Nummer. Die von Ihnen bereit gestellten Daten sind zur Vertragserf\u00fcllung bzw. zur Durchf\u00fchrung vorvertraglicher Ma\u00dfnahmen erforderlich. Ohne diese Daten k\u00f6nnen wir den Vertrag mit Ihnen nicht abschlie\u00dfen. Eine Daten\u00fcbermittlung an Dritte erfolgt nicht, mit Ausnahme der \u00dcbermittlung an das von uns beauftragte Transportunternehmen \/ Versandunternehmen zur Zustellung der Ware sowie an unseren Steuerberater zur Erf\u00fcllung unserer steuerrechtlichen Verpflichtungen. Nach Abbruch des Einkaufsvorganges werden die bei uns gespeicherten Daten gel\u00f6scht. Im Falle eines Vertragsabschlusses werden s\u00e4mtliche Daten aus dem Vertragsverh\u00e4ltnis bis zum Ablauf der steuerrechtlichen Aufbewahrungsfrist (7 Jahre) gespeichert. Die Daten Name, Anschrift, gekaufte Waren und Kaufdatum werden dar\u00fcber hinausgehend bis zum Ablauf der Produkthaftung (10 Jahre) gespeichert. \u00a0Die Datenverarbeitung erfolgt auf Basis der gesetzlichen Bestimmungen des \u00a7 96 Abs 3 TKG sowie des Art 6 Abs 1 lit a (Einwilligung) und\/oder lit b (notwendig zur Vertragserf\u00fcllung) der DSGVO.<\/p>\n<p><strong>Video\u00fcberwachung<\/strong><br \/>\nDie Stadtmuseum Graz GmbH setzt im Graz Museum und im Graz Museum Schlossberg Video\u00fcberwachung ein. Die Video\u00fcberwachung dient dabei dem Zweck des Eigenschutzes (Schutz des Eigentums der Organisation) sowie des Verantwortungsschutzes (Schutz der Besucher*innen und der Mitarbeiter*innen) sowie zum Zweck der Verhinderung, Eind\u00e4mmung und Aufkl\u00e4rung strafrechtlich relevanten Verhaltens, mit ausschlie\u00dflicher Auswertung in dem durch den Zweck definierten Anlassfall. Die Daten werden grunds\u00e4tzlich 72 Stunden (im Anlassfall f\u00fcr die Dauer der Abwicklung des Verfahrens) gespeichert. In allen F\u00e4llen werden Sie durch Hinweisschilder auf eine solche Video\u00fcberwachung hingewiesen.<\/p>\n<p><strong>Ihre Rechte<\/strong><br \/>\nIhnen stehen grunds\u00e4tzlich die Rechte auf Auskunft, Berichtigung, L\u00f6schung, Einschr\u00e4nkung, Daten\u00fcbertragbarkeit, Widerruf und Widerspruch zu. Wenn Sie glauben, dass die Verarbeitung Ihrer Daten gegen das Datenschutzrecht verst\u00f6\u00dft oder Ihre datenschutzrechtlichen Anspr\u00fcche sonst in einer Weise verletzt worden sind, k\u00f6nnen Sie sich bei der Aufsichtsbeh\u00f6rde beschweren. In \u00d6sterreich ist dies die Datenschutzbeh\u00f6rde.<br \/>\nSie erreichen uns unter folgenden Kontaktdaten:<br \/>\nGraz Museum \/ Graz Museum Schlossberg \/ Stadtarchiv Graz<br \/>\nStadtmuseum Graz GmbH<br \/>\nSackstra\u00dfe 18<br \/>\nA-8010 Graz<br \/>\nT +43 316 872-7604<br \/>\nF +43 316 872-7609<br \/>\n<a href=\"mailto:datenschutz.grazmuseum@stadt.graz.at\">datenschutz.grazmuseum@stadt.graz.at<\/a><br \/>\n<a href=\"mailto:datenschutz.stadtarchiv@stadt.graz.at\">datenschutz.stadtarchiv@stadt.graz.at<\/a><\/p>\n<p>[\/et_pb_text][\/et_pb_column][\/et_pb_row][\/et_pb_section]<\/p>\n","protected":false},"excerpt":{"rendered":"[et_pb_section fb_built=&#8220;1&#8243; _builder_version=&#8220;4.9.1&#8243; _module_preset=&#8220;default&#8220;][et_pb_row _builder_version=&#8220;4.9.1&#8243; _module_preset=&#8220;default&#8220;][et_pb_column type=&#8220;4_4&#8243; _builder_version=&#8220;4.9.1&#8243; _module_preset=&#8220;default&#8220;][et_pb_text admin_label=&#8220;Header Datenschutzerkl\u00e4rung&#8220; module_class=&#8220;ap__grid-element ap__h row-start-3 row-end-4 row-start-sm-3 row-end-sm-4 col-start-2 col-end-6&#8243; _builder_version=&#8220;4.9.1&#8243; _module_preset=&#8220;default&#8220;] Datenschutzerkl\u00e4rung [\/et_pb_text][et_pb_text module_class=&#8220;ap__grid-element ap__longtext row-start-4 row-end-60 row-start-sm-4 row-end-sm-60 col-start-3 col-end-11&#8243; _builder_version=&#8220;4.9.1&#8243; _module_preset=&#8220;default&#8220; hover_enabled=&#8220;0&#8243; sticky_enabled=&#8220;0&#8243;] Erkl\u00e4rung zur Informationspflicht (Datenschutzerkl\u00e4rung) f\u00fcr den Webauftritt der Stadtmuseum Graz GmbH (GrazMuseum und Stadtarchiv Graz) Der Schutz Ihrer pers\u00f6nlichen Daten&#8230; <a class=\"view-article\" href=\"https:\/\/www.grazmuseum.at\/antonpaar\/datenschutzerklaerung\/\">Artikel ansehen<\/a>","protected":false},"author":1,"featured_media":0,"parent":0,"menu_order":0,"comment_status":"closed","ping_status":"closed","template":"template-antonpaar-home.php","meta":{"_acf_changed":false,"_et_pb_use_builder":"on","_et_pb_old_content":"","_et_gb_content_width":"","footnotes":""},"class_list":["post-617","page","type-page","status-publish","hentry"],"acf":[],"yoast_head":"<!-- This site is optimized with the Yoast SEO plugin v26.5 - https:\/\/yoast.com\/wordpress\/plugins\/seo\/ -->\n<title>Datenschutzerkl\u00e4rung - Anton Paar<\/title>\n<meta name=\"robots\" content=\"index, follow, max-snippet:-1, max-image-preview:large, max-video-preview:-1\" \/>\n<link rel=\"canonical\" href=\"https:\/\/www.grazmuseum.at\/antonpaar\/datenschutzerklaerung\/\" \/>\n<meta property=\"og:locale\" content=\"de_DE\" \/>\n<meta property=\"og:type\" content=\"article\" \/>\n<meta property=\"og:title\" content=\"Datenschutzerkl\u00e4rung - Anton Paar\" \/>\n<meta property=\"og:description\" content=\"[et_pb_section fb_built=&#8220;1&#8243; _builder_version=&#8220;4.9.1&#8243; _module_preset=&#8220;default&#8220;][et_pb_row _builder_version=&#8220;4.9.1&#8243; _module_preset=&#8220;default&#8220;][et_pb_column type=&#8220;4_4&#8243; _builder_version=&#8220;4.9.1&#8243; _module_preset=&#8220;default&#8220;][et_pb_text admin_label=&#8220;Header Datenschutzerkl\u00e4rung&#8220; module_class=&#8220;ap__grid-element ap__h row-start-3 row-end-4 row-start-sm-3 row-end-sm-4 col-start-2 col-end-6&#8243; _builder_version=&#8220;4.9.1&#8243; _module_preset=&#8220;default&#8220;] Datenschutzerkl\u00e4rung [\/et_pb_text][et_pb_text module_class=&#8220;ap__grid-element ap__longtext row-start-4 row-end-60 row-start-sm-4 row-end-sm-60 col-start-3 col-end-11&#8243; _builder_version=&#8220;4.9.1&#8243; _module_preset=&#8220;default&#8220; hover_enabled=&#8220;0&#8243; sticky_enabled=&#8220;0&#8243;] Erkl\u00e4rung zur Informationspflicht (Datenschutzerkl\u00e4rung) f\u00fcr den Webauftritt der Stadtmuseum Graz GmbH (GrazMuseum und Stadtarchiv Graz) Der Schutz Ihrer pers\u00f6nlichen Daten... Artikel ansehen\" \/>\n<meta property=\"og:url\" content=\"https:\/\/www.grazmuseum.at\/antonpaar\/datenschutzerklaerung\/\" \/>\n<meta property=\"og:site_name\" content=\"Anton Paar\" \/>\n<meta property=\"article:modified_time\" content=\"2022-03-04T11:22:21+00:00\" \/>\n<meta name=\"twitter:card\" content=\"summary_large_image\" \/>\n<meta name=\"twitter:label1\" content=\"Gesch\u00e4tzte Lesezeit\" \/>\n\t<meta name=\"twitter:data1\" content=\"8\u00a0Minuten\" \/>\n<script type=\"application\/ld+json\" class=\"yoast-schema-graph\">{\"@context\":\"https:\/\/schema.org\",\"@graph\":[{\"@type\":\"WebPage\",\"@id\":\"https:\/\/www.grazmuseum.at\/antonpaar\/datenschutzerklaerung\/\",\"url\":\"https:\/\/www.grazmuseum.at\/antonpaar\/datenschutzerklaerung\/\",\"name\":\"Datenschutzerkl\u00e4rung - Anton Paar\",\"isPartOf\":{\"@id\":\"https:\/\/www.grazmuseum.at\/antonpaar\/#website\"},\"datePublished\":\"2022-03-04T11:03:21+00:00\",\"dateModified\":\"2022-03-04T11:22:21+00:00\",\"breadcrumb\":{\"@id\":\"https:\/\/www.grazmuseum.at\/antonpaar\/datenschutzerklaerung\/#breadcrumb\"},\"inLanguage\":\"de\",\"potentialAction\":[{\"@type\":\"ReadAction\",\"target\":[\"https:\/\/www.grazmuseum.at\/antonpaar\/datenschutzerklaerung\/\"]}]},{\"@type\":\"BreadcrumbList\",\"@id\":\"https:\/\/www.grazmuseum.at\/antonpaar\/datenschutzerklaerung\/#breadcrumb\",\"itemListElement\":[{\"@type\":\"ListItem\",\"position\":1,\"name\":\"Startseite\",\"item\":\"https:\/\/www.grazmuseum.at\/antonpaar\/\"},{\"@type\":\"ListItem\",\"position\":2,\"name\":\"Datenschutzerkl\u00e4rung\"}]},{\"@type\":\"WebSite\",\"@id\":\"https:\/\/www.grazmuseum.at\/antonpaar\/#website\",\"url\":\"https:\/\/www.grazmuseum.at\/antonpaar\/\",\"name\":\"Anton Paar\",\"description\":\"Eine weitere GrazMuseum Websites Website\",\"potentialAction\":[{\"@type\":\"SearchAction\",\"target\":{\"@type\":\"EntryPoint\",\"urlTemplate\":\"https:\/\/www.grazmuseum.at\/antonpaar\/?s={search_term_string}\"},\"query-input\":{\"@type\":\"PropertyValueSpecification\",\"valueRequired\":true,\"valueName\":\"search_term_string\"}}],\"inLanguage\":\"de\"}]}<\/script>\n<!-- \/ Yoast SEO plugin. -->","yoast_head_json":{"title":"Datenschutzerkl\u00e4rung - Anton Paar","robots":{"index":"index","follow":"follow","max-snippet":"max-snippet:-1","max-image-preview":"max-image-preview:large","max-video-preview":"max-video-preview:-1"},"canonical":"https:\/\/www.grazmuseum.at\/antonpaar\/datenschutzerklaerung\/","og_locale":"de_DE","og_type":"article","og_title":"Datenschutzerkl\u00e4rung - Anton Paar","og_description":"[et_pb_section fb_built=&#8220;1&#8243; _builder_version=&#8220;4.9.1&#8243; _module_preset=&#8220;default&#8220;][et_pb_row _builder_version=&#8220;4.9.1&#8243; _module_preset=&#8220;default&#8220;][et_pb_column type=&#8220;4_4&#8243; _builder_version=&#8220;4.9.1&#8243; _module_preset=&#8220;default&#8220;][et_pb_text admin_label=&#8220;Header Datenschutzerkl\u00e4rung&#8220; module_class=&#8220;ap__grid-element ap__h row-start-3 row-end-4 row-start-sm-3 row-end-sm-4 col-start-2 col-end-6&#8243; _builder_version=&#8220;4.9.1&#8243; _module_preset=&#8220;default&#8220;] Datenschutzerkl\u00e4rung [\/et_pb_text][et_pb_text module_class=&#8220;ap__grid-element ap__longtext row-start-4 row-end-60 row-start-sm-4 row-end-sm-60 col-start-3 col-end-11&#8243; _builder_version=&#8220;4.9.1&#8243; _module_preset=&#8220;default&#8220; hover_enabled=&#8220;0&#8243; sticky_enabled=&#8220;0&#8243;] Erkl\u00e4rung zur Informationspflicht (Datenschutzerkl\u00e4rung) f\u00fcr den Webauftritt der Stadtmuseum Graz GmbH (GrazMuseum und Stadtarchiv Graz) Der Schutz Ihrer pers\u00f6nlichen Daten... Artikel ansehen","og_url":"https:\/\/www.grazmuseum.at\/antonpaar\/datenschutzerklaerung\/","og_site_name":"Anton Paar","article_modified_time":"2022-03-04T11:22:21+00:00","twitter_card":"summary_large_image","twitter_misc":{"Gesch\u00e4tzte Lesezeit":"8\u00a0Minuten"},"schema":{"@context":"https:\/\/schema.org","@graph":[{"@type":"WebPage","@id":"https:\/\/www.grazmuseum.at\/antonpaar\/datenschutzerklaerung\/","url":"https:\/\/www.grazmuseum.at\/antonpaar\/datenschutzerklaerung\/","name":"Datenschutzerkl\u00e4rung - Anton Paar","isPartOf":{"@id":"https:\/\/www.grazmuseum.at\/antonpaar\/#website"},"datePublished":"2022-03-04T11:03:21+00:00","dateModified":"2022-03-04T11:22:21+00:00","breadcrumb":{"@id":"https:\/\/www.grazmuseum.at\/antonpaar\/datenschutzerklaerung\/#breadcrumb"},"inLanguage":"de","potentialAction":[{"@type":"ReadAction","target":["https:\/\/www.grazmuseum.at\/antonpaar\/datenschutzerklaerung\/"]}]},{"@type":"BreadcrumbList","@id":"https:\/\/www.grazmuseum.at\/antonpaar\/datenschutzerklaerung\/#breadcrumb","itemListElement":[{"@type":"ListItem","position":1,"name":"Startseite","item":"https:\/\/www.grazmuseum.at\/antonpaar\/"},{"@type":"ListItem","position":2,"name":"Datenschutzerkl\u00e4rung"}]},{"@type":"WebSite","@id":"https:\/\/www.grazmuseum.at\/antonpaar\/#website","url":"https:\/\/www.grazmuseum.at\/antonpaar\/","name":"Anton Paar","description":"Eine weitere GrazMuseum Websites Website","potentialAction":[{"@type":"SearchAction","target":{"@type":"EntryPoint","urlTemplate":"https:\/\/www.grazmuseum.at\/antonpaar\/?s={search_term_string}"},"query-input":{"@type":"PropertyValueSpecification","valueRequired":true,"valueName":"search_term_string"}}],"inLanguage":"de"}]}},"_links":{"self":[{"href":"https:\/\/www.grazmuseum.at\/antonpaar\/wp-json\/wp\/v2\/pages\/617","targetHints":{"allow":["GET"]}}],"collection":[{"href":"https:\/\/www.grazmuseum.at\/antonpaar\/wp-json\/wp\/v2\/pages"}],"about":[{"href":"https:\/\/www.grazmuseum.at\/antonpaar\/wp-json\/wp\/v2\/types\/page"}],"author":[{"embeddable":true,"href":"https:\/\/www.grazmuseum.at\/antonpaar\/wp-json\/wp\/v2\/users\/1"}],"replies":[{"embeddable":true,"href":"https:\/\/www.grazmuseum.at\/antonpaar\/wp-json\/wp\/v2\/comments?post=617"}],"version-history":[{"count":13,"href":"https:\/\/www.grazmuseum.at\/antonpaar\/wp-json\/wp\/v2\/pages\/617\/revisions"}],"predecessor-version":[{"id":641,"href":"https:\/\/www.grazmuseum.at\/antonpaar\/wp-json\/wp\/v2\/pages\/617\/revisions\/641"}],"wp:attachment":[{"href":"https:\/\/www.grazmuseum.at\/antonpaar\/wp-json\/wp\/v2\/media?parent=617"}],"curies":[{"name":"wp","href":"https:\/\/api.w.org\/{rel}","templated":true}]}}