{"id":5,"date":"2022-02-02T09:22:02","date_gmt":"2022-02-02T08:22:02","guid":{"rendered":"https:\/\/www.grazmuseum.at\/antonpaar\/?page_id=5"},"modified":"2022-04-25T10:39:33","modified_gmt":"2022-04-25T08:39:33","slug":"anton-paar","status":"publish","type":"page","link":"https:\/\/www.grazmuseum.at\/antonpaar\/","title":{"rendered":"Anton Paar"},"content":{"rendered":"<p>[et_pb_section fb_built=&#8220;1&#8243; _builder_version=&#8220;4.9.1&#8243; _module_preset=&#8220;default&#8220;][et_pb_row _builder_version=&#8220;4.9.1&#8243; _module_preset=&#8220;default&#8220;][et_pb_column type=&#8220;4_4&#8243; _builder_version=&#8220;4.9.1&#8243; _module_preset=&#8220;default&#8220;][et_pb_text admin_label=&#8220;Titel&#8220; module_class=&#8220;ap__grid-element ap__h row-start-3 row-end-6 col-start-2 col-end-6&#8243; _builder_version=&#8220;4.9.1&#8243; _module_preset=&#8220;default&#8220;]<\/p>\n<h1><span style=\"white-space:pre\">Anton Paar<\/span><br \/>\nvermisst<br \/>\ndie Welt<\/h1>\n<p>[\/et_pb_text][et_pb_text admin_label=&#8220;Text: Wer misst, erfasst die Welt!&#8220; module_class=&#8220;ap__grid-element ap__p row-start-6 row-end-8 row-end-sm-9 col-start-3 col-end-11&#8243; _builder_version=&#8220;4.9.1&#8243; _module_preset=&#8220;default&#8220;]<\/p>\n<p>Wer misst, erfasst die Welt! Messen ist heute eine wichtige Voraussetzung f\u00fcr Fortschritt und Wohlstand \u2013 und das Grazer Unternehmen Anton Paar liefert hierf\u00fcr hochpr\u00e4zise Messger\u00e4te.<br \/>Was 1922 als Schlosserei begann, ist l\u00e4ngst ein famili\u00e4r gef\u00fchrter Weltkonzern. Bei Anton Paar weht ein besonderer Innovationsgeist, der das T\u00fcfteln an Hightech-L\u00f6sungen mit dem urspr\u00fcnglichen Handwerk verbindet.<\/p>\n<p>[\/et_pb_text][et_pb_cta title=&#8220;Wer ist Anton Paar&#8220; button_url=&#8220;@ET-DC@eyJkeW5hbWljIjp0cnVlLCJjb250ZW50IjoicG9zdF9saW5rX3VybF9wYWdlIiwic2V0dGluZ3MiOnsicG9zdF9pZCI6IjIwIn19@&#8220; button_text=&#8220;Mehr Info&#8220; admin_label=&#8220;CTA: Wer ist Anton Paar&#8220; module_class=&#8220;ap__grid-element ap__cta row-start-9 row-start-sm-10 row-end-12 row-end-sm-12 col-start-1 col-end-4&#8243; _builder_version=&#8220;4.9.1&#8243; _dynamic_attributes=&#8220;button_url&#8220; _module_preset=&#8220;default&#8220;][\/et_pb_cta][et_pb_cta title=&#8220;Was macht Anton Paar&#8220; button_url=&#8220;@ET-DC@eyJkeW5hbWljIjp0cnVlLCJjb250ZW50IjoicG9zdF9saW5rX3VybF9wYWdlIiwic2V0dGluZ3MiOnsicG9zdF9pZCI6IjEzIn19@&#8220; button_text=&#8220;Mehr Info&#8220; admin_label=&#8220;CTA: Was macht Anton Paar&#8220; module_class=&#8220;ap__grid-element ap__cta row-start-9 row-start-sm-12 row-end-12 row-end-sm-14 col-start-4 col-end-7&#8243; _builder_version=&#8220;4.9.1&#8243; _dynamic_attributes=&#8220;button_url&#8220; _module_preset=&#8220;default&#8220;][\/et_pb_cta][et_pb_cta title=&#8220;Was ist messen&#8220; button_url=&#8220;@ET-DC@eyJkeW5hbWljIjp0cnVlLCJjb250ZW50IjoicG9zdF9saW5rX3VybF9wYWdlIiwic2V0dGluZ3MiOnsicG9zdF9pZCI6IjQwIn19@&#8220; button_text=&#8220;Mehr Info&#8220; admin_label=&#8220;CTA: Was ist messen&#8220; module_class=&#8220;ap__grid-element ap__cta row-start-10 row-start-sm-14 row-end-13 row-end-sm-16 col-start-8 col-end-11&#8243; _builder_version=&#8220;4.9.1&#8243; _dynamic_attributes=&#8220;button_url&#8220; _module_preset=&#8220;default&#8220; hover_enabled=&#8220;0&#8243; sticky_enabled=&#8220;0&#8243;][\/et_pb_cta][et_pb_cta title=&#8220;Die Ausstellung&#8220; button_url=&#8220;@ET-DC@eyJkeW5hbWljIjp0cnVlLCJjb250ZW50IjoicG9zdF9saW5rX3VybF9wYWdlIiwic2V0dGluZ3MiOnsicG9zdF9pZCI6IjY0OCJ9fQ==@&#8220; button_text=&#8220;Mehr Info&#8220; admin_label=&#8220;CTA: Die Ausstellung&#8220; module_class=&#8220;ap__grid-element ap__cta row-start-13 row-start-sm-16 row-end-16 row-end-sm-18 col-start-3 col-end-6&#8243; _builder_version=&#8220;4.9.1&#8243; _dynamic_attributes=&#8220;button_url&#8220; _module_preset=&#8220;default&#8220; hover_enabled=&#8220;0&#8243; sticky_enabled=&#8220;0&#8243;][\/et_pb_cta][\/et_pb_column][\/et_pb_row][\/et_pb_section]<\/p>\n","protected":false},"excerpt":{"rendered":"[et_pb_section fb_built=&#8220;1&#8243; _builder_version=&#8220;4.9.1&#8243; _module_preset=&#8220;default&#8220;][et_pb_row _builder_version=&#8220;4.9.1&#8243; _module_preset=&#8220;default&#8220;][et_pb_column type=&#8220;4_4&#8243; _builder_version=&#8220;4.9.1&#8243; _module_preset=&#8220;default&#8220;][et_pb_text admin_label=&#8220;Titel&#8220; module_class=&#8220;ap__grid-element ap__h row-start-3 row-end-6 col-start-2 col-end-6&#8243; _builder_version=&#8220;4.9.1&#8243; _module_preset=&#8220;default&#8220;] Anton Paar vermisst die Welt [\/et_pb_text][et_pb_text admin_label=&#8220;Text: Wer misst, erfasst die Welt!&#8220; module_class=&#8220;ap__grid-element ap__p row-start-6 row-end-8 row-end-sm-9 col-start-3 col-end-11&#8243; _builder_version=&#8220;4.9.1&#8243; _module_preset=&#8220;default&#8220;] Wer misst, erfasst die Welt! Messen ist heute eine wichtige Voraussetzung f\u00fcr Fortschritt und Wohlstand \u2013&#8230; <a class=\"view-article\" href=\"https:\/\/www.grazmuseum.at\/antonpaar\/\">Artikel ansehen<\/a>","protected":false},"author":1,"featured_media":0,"parent":0,"menu_order":0,"comment_status":"closed","ping_status":"closed","template":"template-antonpaar-home.php","meta":{"_acf_changed":false,"_et_pb_use_builder":"on","_et_pb_old_content":"","_et_gb_content_width":"","footnotes":""},"class_list":["post-5","page","type-page","status-publish","hentry"],"acf":[],"yoast_head":"<!-- This site is optimized with the Yoast SEO plugin v26.5 - https:\/\/yoast.com\/wordpress\/plugins\/seo\/ -->\n<title>Anton Paar - Anton Paar<\/title>\n<meta name=\"robots\" content=\"index, follow, max-snippet:-1, max-image-preview:large, max-video-preview:-1\" \/>\n<link rel=\"canonical\" href=\"https:\/\/www.grazmuseum.at\/antonpaar\/\" \/>\n<meta property=\"og:locale\" content=\"de_DE\" \/>\n<meta property=\"og:type\" content=\"article\" \/>\n<meta property=\"og:title\" content=\"Anton Paar - Anton Paar\" \/>\n<meta property=\"og:description\" content=\"[et_pb_section fb_built=&#8220;1&#8243; _builder_version=&#8220;4.9.1&#8243; _module_preset=&#8220;default&#8220;][et_pb_row _builder_version=&#8220;4.9.1&#8243; _module_preset=&#8220;default&#8220;][et_pb_column type=&#8220;4_4&#8243; _builder_version=&#8220;4.9.1&#8243; _module_preset=&#8220;default&#8220;][et_pb_text admin_label=&#8220;Titel&#8220; module_class=&#8220;ap__grid-element ap__h row-start-3 row-end-6 col-start-2 col-end-6&#8243; _builder_version=&#8220;4.9.1&#8243; _module_preset=&#8220;default&#8220;] Anton Paar vermisst die Welt [\/et_pb_text][et_pb_text admin_label=&#8220;Text: Wer misst, erfasst die Welt!&#8220; module_class=&#8220;ap__grid-element ap__p row-start-6 row-end-8 row-end-sm-9 col-start-3 col-end-11&#8243; _builder_version=&#8220;4.9.1&#8243; _module_preset=&#8220;default&#8220;] Wer misst, erfasst die Welt! Messen ist heute eine wichtige Voraussetzung f\u00fcr Fortschritt und Wohlstand \u2013... Artikel ansehen\" \/>\n<meta property=\"og:url\" content=\"https:\/\/www.grazmuseum.at\/antonpaar\/\" \/>\n<meta property=\"og:site_name\" content=\"Anton Paar\" \/>\n<meta property=\"article:modified_time\" content=\"2022-04-25T08:39:33+00:00\" \/>\n<meta name=\"twitter:card\" content=\"summary_large_image\" \/>\n<meta name=\"twitter:label1\" content=\"Gesch\u00e4tzte Lesezeit\" \/>\n\t<meta name=\"twitter:data1\" content=\"2\u00a0Minuten\" \/>\n<script type=\"application\/ld+json\" class=\"yoast-schema-graph\">{\"@context\":\"https:\/\/schema.org\",\"@graph\":[{\"@type\":\"WebPage\",\"@id\":\"https:\/\/www.grazmuseum.at\/antonpaar\/\",\"url\":\"https:\/\/www.grazmuseum.at\/antonpaar\/\",\"name\":\"Anton Paar - Anton Paar\",\"isPartOf\":{\"@id\":\"https:\/\/www.grazmuseum.at\/antonpaar\/#website\"},\"datePublished\":\"2022-02-02T08:22:02+00:00\",\"dateModified\":\"2022-04-25T08:39:33+00:00\",\"breadcrumb\":{\"@id\":\"https:\/\/www.grazmuseum.at\/antonpaar\/#breadcrumb\"},\"inLanguage\":\"de\",\"potentialAction\":[{\"@type\":\"ReadAction\",\"target\":[\"https:\/\/www.grazmuseum.at\/antonpaar\/\"]}]},{\"@type\":\"BreadcrumbList\",\"@id\":\"https:\/\/www.grazmuseum.at\/antonpaar\/#breadcrumb\",\"itemListElement\":[{\"@type\":\"ListItem\",\"position\":1,\"name\":\"Startseite\",\"item\":\"https:\/\/www.grazmuseum.at\/antonpaar\/\"},{\"@type\":\"ListItem\",\"position\":2,\"name\":\"Anton Paar\"}]},{\"@type\":\"WebSite\",\"@id\":\"https:\/\/www.grazmuseum.at\/antonpaar\/#website\",\"url\":\"https:\/\/www.grazmuseum.at\/antonpaar\/\",\"name\":\"Anton Paar\",\"description\":\"Eine weitere GrazMuseum Websites Website\",\"potentialAction\":[{\"@type\":\"SearchAction\",\"target\":{\"@type\":\"EntryPoint\",\"urlTemplate\":\"https:\/\/www.grazmuseum.at\/antonpaar\/?s={search_term_string}\"},\"query-input\":{\"@type\":\"PropertyValueSpecification\",\"valueRequired\":true,\"valueName\":\"search_term_string\"}}],\"inLanguage\":\"de\"}]}<\/script>\n<!-- \/ Yoast SEO plugin. -->","yoast_head_json":{"title":"Anton Paar - Anton Paar","robots":{"index":"index","follow":"follow","max-snippet":"max-snippet:-1","max-image-preview":"max-image-preview:large","max-video-preview":"max-video-preview:-1"},"canonical":"https:\/\/www.grazmuseum.at\/antonpaar\/","og_locale":"de_DE","og_type":"article","og_title":"Anton Paar - Anton Paar","og_description":"[et_pb_section fb_built=&#8220;1&#8243; _builder_version=&#8220;4.9.1&#8243; _module_preset=&#8220;default&#8220;][et_pb_row _builder_version=&#8220;4.9.1&#8243; _module_preset=&#8220;default&#8220;][et_pb_column type=&#8220;4_4&#8243; _builder_version=&#8220;4.9.1&#8243; _module_preset=&#8220;default&#8220;][et_pb_text admin_label=&#8220;Titel&#8220; module_class=&#8220;ap__grid-element ap__h row-start-3 row-end-6 col-start-2 col-end-6&#8243; _builder_version=&#8220;4.9.1&#8243; _module_preset=&#8220;default&#8220;] Anton Paar vermisst die Welt [\/et_pb_text][et_pb_text admin_label=&#8220;Text: Wer misst, erfasst die Welt!&#8220; module_class=&#8220;ap__grid-element ap__p row-start-6 row-end-8 row-end-sm-9 col-start-3 col-end-11&#8243; _builder_version=&#8220;4.9.1&#8243; _module_preset=&#8220;default&#8220;] Wer misst, erfasst die Welt! Messen ist heute eine wichtige Voraussetzung f\u00fcr Fortschritt und Wohlstand \u2013... Artikel ansehen","og_url":"https:\/\/www.grazmuseum.at\/antonpaar\/","og_site_name":"Anton Paar","article_modified_time":"2022-04-25T08:39:33+00:00","twitter_card":"summary_large_image","twitter_misc":{"Gesch\u00e4tzte Lesezeit":"2\u00a0Minuten"},"schema":{"@context":"https:\/\/schema.org","@graph":[{"@type":"WebPage","@id":"https:\/\/www.grazmuseum.at\/antonpaar\/","url":"https:\/\/www.grazmuseum.at\/antonpaar\/","name":"Anton Paar - Anton Paar","isPartOf":{"@id":"https:\/\/www.grazmuseum.at\/antonpaar\/#website"},"datePublished":"2022-02-02T08:22:02+00:00","dateModified":"2022-04-25T08:39:33+00:00","breadcrumb":{"@id":"https:\/\/www.grazmuseum.at\/antonpaar\/#breadcrumb"},"inLanguage":"de","potentialAction":[{"@type":"ReadAction","target":["https:\/\/www.grazmuseum.at\/antonpaar\/"]}]},{"@type":"BreadcrumbList","@id":"https:\/\/www.grazmuseum.at\/antonpaar\/#breadcrumb","itemListElement":[{"@type":"ListItem","position":1,"name":"Startseite","item":"https:\/\/www.grazmuseum.at\/antonpaar\/"},{"@type":"ListItem","position":2,"name":"Anton Paar"}]},{"@type":"WebSite","@id":"https:\/\/www.grazmuseum.at\/antonpaar\/#website","url":"https:\/\/www.grazmuseum.at\/antonpaar\/","name":"Anton Paar","description":"Eine weitere GrazMuseum Websites Website","potentialAction":[{"@type":"SearchAction","target":{"@type":"EntryPoint","urlTemplate":"https:\/\/www.grazmuseum.at\/antonpaar\/?s={search_term_string}"},"query-input":{"@type":"PropertyValueSpecification","valueRequired":true,"valueName":"search_term_string"}}],"inLanguage":"de"}]}},"_links":{"self":[{"href":"https:\/\/www.grazmuseum.at\/antonpaar\/wp-json\/wp\/v2\/pages\/5","targetHints":{"allow":["GET"]}}],"collection":[{"href":"https:\/\/www.grazmuseum.at\/antonpaar\/wp-json\/wp\/v2\/pages"}],"about":[{"href":"https:\/\/www.grazmuseum.at\/antonpaar\/wp-json\/wp\/v2\/types\/page"}],"author":[{"embeddable":true,"href":"https:\/\/www.grazmuseum.at\/antonpaar\/wp-json\/wp\/v2\/users\/1"}],"replies":[{"embeddable":true,"href":"https:\/\/www.grazmuseum.at\/antonpaar\/wp-json\/wp\/v2\/comments?post=5"}],"version-history":[{"count":19,"href":"https:\/\/www.grazmuseum.at\/antonpaar\/wp-json\/wp\/v2\/pages\/5\/revisions"}],"predecessor-version":[{"id":760,"href":"https:\/\/www.grazmuseum.at\/antonpaar\/wp-json\/wp\/v2\/pages\/5\/revisions\/760"}],"wp:attachment":[{"href":"https:\/\/www.grazmuseum.at\/antonpaar\/wp-json\/wp\/v2\/media?parent=5"}],"curies":[{"name":"wp","href":"https:\/\/api.w.org\/{rel}","templated":true}]}}